{"id":2598,"date":"2018-07-25T10:05:07","date_gmt":"2018-07-25T10:05:07","guid":{"rendered":"http:\/\/www.madreguadalupe.com\/?page_id=2598"},"modified":"2020-02-02T15:45:37","modified_gmt":"2020-02-02T15:45:37","slug":"aviso-legal-politica-de-privacidad-politica-de-cookies","status":"publish","type":"page","link":"https:\/\/www.madreguadalupe.com\/en\/aviso-legal-politica-de-privacidad-politica-de-cookies\/","title":{"rendered":"AVISO LEGAL"},"content":{"rendered":"<p>[et_pb_section bb_built=&#8221;1&#8243; fullwidth=&#8221;on&#8221; specialty=&#8221;off&#8221; next_background_color=&#8221;#000000&#8243; inner_width=&#8221;90%&#8221; inner_max_width=&#8221;1200px&#8221;][et_pb_fullwidth_image src=&#8221;https:\/\/www.madreguadalupe.com\/wp-content\/uploads\/2017\/11\/cabecera_LIRIO_ROJO-copia.jpg&#8221; show_in_lightbox=&#8221;off&#8221; url_new_window=&#8221;off&#8221; use_overlay=&#8221;off&#8221; use_border_color=&#8221;off&#8221; border_color=&#8221;#ffffff&#8221; border_style=&#8221;solid&#8221; animation=&#8221;off&#8221; _builder_version=&#8221;3.0.89&#8243; border_color_all=&#8221;#ffffff&#8221; animation_direction=&#8221;off&#8221; border_style_all=&#8221;solid&#8221; \/][\/et_pb_section][et_pb_section bb_built=&#8221;1&#8243; fullwidth=&#8221;off&#8221; specialty=&#8221;off&#8221; prev_background_color=&#8221;#000000&#8243; inner_width=&#8221;90%&#8221; inner_max_width=&#8221;1200px&#8221;][et_pb_row][et_pb_column type=&#8221;1_4&#8243; custom_padding__hover=&#8221;|||&#8221; custom_padding=&#8221;|||&#8221;][et_pb_sidebar area=&#8221;sidebar-1&#8243; orientation=&#8221;left&#8221; background_layout=&#8221;light&#8221; header_font=&#8221;|700||||on|||&#8221; show_border=&#8221;on&#8221; _builder_version=&#8221;3.0.95&#8243; body_font=&#8221;|||||on|||&#8221; header_text_shadow_horizontal_length=&#8221;0.08em&#8221; header_text_shadow_vertical_length=&#8221;0.08em&#8221; header_text_shadow_blur_strength=&#8221;0.08em&#8221; body_text_shadow_horizontal_length=&#8221;0.08em&#8221; body_text_shadow_vertical_length=&#8221;0.08em&#8221; body_text_shadow_blur_strength=&#8221;0.08em&#8221; custom_margin=&#8221;0px|0px|0px|0px&#8221; custom_padding=&#8221;0px|0px|0px|0px&#8221; background_color_gradient_start=&#8221;#d8d8d8&#8243; background_color_gradient_end=&#8221;#993333&#8243; text_shadow_horizontal_length=&#8221;0.08em&#8221; text_shadow_vertical_length=&#8221;0.08em&#8221; text_shadow_blur_strength=&#8221;0.08em&#8221; \/][\/et_pb_column][et_pb_column type=&#8221;3_4&#8243; custom_padding__hover=&#8221;|||&#8221; custom_padding=&#8221;|||&#8221;][et_pb_text use_border_color=&#8221;off&#8221; background_position=&#8221;top_left&#8221; background_repeat=&#8221;repeat&#8221; background_size=&#8221;initial&#8221; _builder_version=&#8221;3.27.4&#8243; border_color_all=&#8221;#ffffff&#8221; module_alignment=&#8221;left&#8221; text_text_shadow_horizontal_length=&#8221;text_text_shadow_style,%91object Object%93&#8243; text_text_shadow_horizontal_length_tablet=&#8221;0px&#8221; text_text_shadow_vertical_length=&#8221;text_text_shadow_style,%91object Object%93&#8243; text_text_shadow_vertical_length_tablet=&#8221;0px&#8221; text_text_shadow_blur_strength=&#8221;text_text_shadow_style,%91object Object%93&#8243; text_text_shadow_blur_strength_tablet=&#8221;1px&#8221; link_text_shadow_horizontal_length=&#8221;link_text_shadow_style,%91object Object%93&#8243; link_text_shadow_horizontal_length_tablet=&#8221;0px&#8221; link_text_shadow_vertical_length=&#8221;link_text_shadow_style,%91object Object%93&#8243; link_text_shadow_vertical_length_tablet=&#8221;0px&#8221; link_text_shadow_blur_strength=&#8221;link_text_shadow_style,%91object Object%93&#8243; link_text_shadow_blur_strength_tablet=&#8221;1px&#8221; ul_text_shadow_horizontal_length=&#8221;ul_text_shadow_style,%91object Object%93&#8243; ul_text_shadow_horizontal_length_tablet=&#8221;0px&#8221; ul_text_shadow_vertical_length=&#8221;ul_text_shadow_style,%91object Object%93&#8243; ul_text_shadow_vertical_length_tablet=&#8221;0px&#8221; ul_text_shadow_blur_strength=&#8221;ul_text_shadow_style,%91object Object%93&#8243; ul_text_shadow_blur_strength_tablet=&#8221;1px&#8221; ol_text_shadow_horizontal_length=&#8221;ol_text_shadow_style,%91object Object%93&#8243; ol_text_shadow_horizontal_length_tablet=&#8221;0px&#8221; ol_text_shadow_vertical_length=&#8221;ol_text_shadow_style,%91object Object%93&#8243; ol_text_shadow_vertical_length_tablet=&#8221;0px&#8221; ol_text_shadow_blur_strength=&#8221;ol_text_shadow_style,%91object Object%93&#8243; ol_text_shadow_blur_strength_tablet=&#8221;1px&#8221; quote_text_shadow_horizontal_length=&#8221;quote_text_shadow_style,%91object Object%93&#8243; quote_text_shadow_horizontal_length_tablet=&#8221;0px&#8221; quote_text_shadow_vertical_length=&#8221;quote_text_shadow_style,%91object Object%93&#8243; quote_text_shadow_vertical_length_tablet=&#8221;0px&#8221; quote_text_shadow_blur_strength=&#8221;quote_text_shadow_style,%91object Object%93&#8243; quote_text_shadow_blur_strength_tablet=&#8221;1px&#8221; header_text_shadow_horizontal_length=&#8221;header_text_shadow_style,%91object Object%93&#8243; header_text_shadow_horizontal_length_tablet=&#8221;0px&#8221; header_text_shadow_vertical_length=&#8221;header_text_shadow_style,%91object Object%93&#8243; header_text_shadow_vertical_length_tablet=&#8221;0px&#8221; header_text_shadow_blur_strength=&#8221;header_text_shadow_style,%91object Object%93&#8243; header_text_shadow_blur_strength_tablet=&#8221;1px&#8221; header_2_text_shadow_horizontal_length=&#8221;header_2_text_shadow_style,%91object Object%93&#8243; header_2_text_shadow_horizontal_length_tablet=&#8221;0px&#8221; header_2_text_shadow_vertical_length=&#8221;header_2_text_shadow_style,%91object Object%93&#8243; header_2_text_shadow_vertical_length_tablet=&#8221;0px&#8221; header_2_text_shadow_blur_strength=&#8221;header_2_text_shadow_style,%91object Object%93&#8243; header_2_text_shadow_blur_strength_tablet=&#8221;1px&#8221; header_3_text_shadow_horizontal_length=&#8221;header_3_text_shadow_style,%91object Object%93&#8243; header_3_text_shadow_horizontal_length_tablet=&#8221;0px&#8221; header_3_text_shadow_vertical_length=&#8221;header_3_text_shadow_style,%91object Object%93&#8243; header_3_text_shadow_vertical_length_tablet=&#8221;0px&#8221; header_3_text_shadow_blur_strength=&#8221;header_3_text_shadow_style,%91object Object%93&#8243; header_3_text_shadow_blur_strength_tablet=&#8221;1px&#8221; header_4_text_shadow_horizontal_length=&#8221;header_4_text_shadow_style,%91object Object%93&#8243; header_4_text_shadow_horizontal_length_tablet=&#8221;0px&#8221; header_4_text_shadow_vertical_length=&#8221;header_4_text_shadow_style,%91object Object%93&#8243; header_4_text_shadow_vertical_length_tablet=&#8221;0px&#8221; header_4_text_shadow_blur_strength=&#8221;header_4_text_shadow_style,%91object Object%93&#8243; header_4_text_shadow_blur_strength_tablet=&#8221;1px&#8221; header_5_text_shadow_horizontal_length=&#8221;header_5_text_shadow_style,%91object Object%93&#8243; header_5_text_shadow_horizontal_length_tablet=&#8221;0px&#8221; header_5_text_shadow_vertical_length=&#8221;header_5_text_shadow_style,%91object Object%93&#8243; header_5_text_shadow_vertical_length_tablet=&#8221;0px&#8221; header_5_text_shadow_blur_strength=&#8221;header_5_text_shadow_style,%91object Object%93&#8243; header_5_text_shadow_blur_strength_tablet=&#8221;1px&#8221; header_6_text_shadow_horizontal_length=&#8221;header_6_text_shadow_style,%91object Object%93&#8243; header_6_text_shadow_horizontal_length_tablet=&#8221;0px&#8221; header_6_text_shadow_vertical_length=&#8221;header_6_text_shadow_style,%91object Object%93&#8243; header_6_text_shadow_vertical_length_tablet=&#8221;0px&#8221; header_6_text_shadow_blur_strength=&#8221;header_6_text_shadow_style,%91object Object%93&#8243; header_6_text_shadow_blur_strength_tablet=&#8221;1px&#8221; box_shadow_horizontal_tablet=&#8221;0px&#8221; box_shadow_vertical_tablet=&#8221;0px&#8221; box_shadow_blur_tablet=&#8221;40px&#8221; box_shadow_spread_tablet=&#8221;0px&#8221; z_index_tablet=&#8221;500&#8243;]<\/p>\n<div class=\"et_pb_with_border et_pb_module et_pb_text et_pb_text_0 et_pb_bg_layout_light et_pb_text_align_left\">\n<div class=\"et_pb_text_inner\">\n<h2 style=\"text-align: center;\"><strong><span style=\"text-decoration: underline;\">Legal Warning \u2013 Privacy Policy<\/span><\/strong><\/h2>\n<\/div>\n<\/div>\n<h3>\u00a0<\/h3>\n<p>\u00a0<\/p>\n<div class=\"et_pb_with_border et_pb_module et_pb_text et_pb_text_0 et_pb_bg_layout_light et_pb_text_align_left\">\n<div class=\"et_pb_text_inner\">\n<h3 style=\"text-align: justify;\">LEGAL WARNING<\/h3>\n<h6 style=\"text-align: justify;\">According to the established on the Law 34\/2002 of July 11, 2002 on information and e-commerce society services, hereunder the data ownership of the website \u201cwww.madreguadalupe.com\u201d are indicated, to which are also associated \u201cmadreguadalupe.es\u201d and \u201cmadreguadalupe.org\u201d domains.<\/h6>\n<h6 style=\"text-align: justify;\">Holder: Orden Siervos de Mar\u00eda Provincia de Espa\u00f1a<br \/>Postal address: Avenida Miguel Hern\u00e1ndez 11 \u2013 03700 Denia (Alicante) &#8211; Spain<br \/>Phone: +34 865 78 04 55<br \/>Email: servitasdenia@gmail.com<br \/>CIF: R-2800164-B<br \/>Registry data: n\u00ba 001858 of Registro de Entidades Religiosas del Ministerio de Justicia.<\/h6>\n<h6 style=\"text-align: justify;\">Officer: Vicepostulaci\u00f3n Beata Mar\u00eda Guadalupe Ricart Olmos O.S.M.<br \/>Postal address: Apartado de Correos 107 \u2013 10600 Plasencia (C\u00e1ceres) &#8211; Spain<br \/>Phone: +34 927 41 16 85<br \/>Email: vicepostulacion@madreguadalupe.com<\/h6>\n<h6 style=\"text-align: justify;\">The present legal warning regulates the use of the website service. Any person who accesses this website will be considered a user of this web and they shall commit to respectfully fulfill all the requirements established here, as well as any other legal provision that may be applicable.<\/h6>\n<h6 style=\"text-align: justify;\">The responsible of this website (from now on \u201cthe Vice-postulate\u201d) reserves the right to amend any type of information that may appear in the website, without the obligation of prior noticeor inform the users of these modifications, with publication on the provider\u2019s website being understood to be sufficient.<\/h6>\n<p>\u00a0<\/p>\n<h3 style=\"text-align: justify;\">PRIVACY POLICY<\/h3>\n<h6 style=\"text-align: justify;\">According to the established on the European regulation 2016\/679 of the European Parliament, and the 27th April 2016 Council, about the protection of natural persons with regard to the processing and free movement of personal data (General Data Protection Registry, RGPD), we inform the user that providing us their information they agree with all terms written in this Privacy regulation, which can be changed or updated at any time, therefore we highly recommend to revise this document to ensure that the user agrees with such changes. Last update: February 2020.<\/h6>\n<h6 style=\"text-align: justify;\">We inform you that your personal data and photographs collected in this website could be incorporated and treated in a database owned by the Vice-postulate for their own purposes and the conduct of activities, as well as other purposes: to meet the requests for information, comments or inquiries, register in the free information sheet or get in contact with users in an effective way.<\/h6>\n<h6 style=\"text-align: justify;\">The Vice-postulate commits to protect the data privacy that the user freely provides when visiting this website, being this the only one who has access and control over them. On the other hand, users acknowledge that they have been informed and expressly consentthat the Vice-postulate, as responsible for the data, can give away and deal with personal data, included photos, for legitimate purposes, exclusively to the entities that participates in the activities, development and end of the Vice-postulate, and also to the people and entities directly related to the Orden de los Siervos de Mar\u00eda.<\/h6>\n<h6 style=\"text-align: justify;\">We inform that at any time the user may exercise their right to access, rectify, cancel and oppose their personal data, in accordance with the provisions of the Regulation 2016\/679 27th of April of Personal Data Protection, submitting a written request and a photocopy of an official document that identifies the user addressed to Vicepostulaci\u00f3n Beata Mar\u00eda Guadalupe Ricart Olmos O.S.M. Apartado de correos 107 \u2013 1600 Plasencia (C\u00e1ceres), or vicepostulacion@madreguadalupe.com .<\/h6>\n<p>\u00a0<\/p>\n<h3 style=\"text-align: justify;\">COOKIE POLICY<\/h3>\n<h6 style=\"text-align: justify;\">This Cookie policy explains what cookies are and how we use them. When navigation though this website the user gives their consent to the usage of this cookies, with the purpose of receiving the best service and facilitate their navigation thanks to the identification of the pages and the frequency that are visited, between other uses of the cookies.<\/h6>\n<h6 style=\"text-align: justify;\">Cookies are small pieces of data, stored in text files, that are stored on your computer or other device when websites are loaded in a browser. These cookies have information about web traffic, and they also facilitate future web visits. With cookies the website can identify the user and give them a custom service. Thanks to cookies this website can enable certain functions and offer security and quickness, but they don\u2019t give access to users information nor computer, unless that is the with of the user and they provides it directly, except their IP, that isn\u2019t related with their identity, as describes in this Notice.<\/h6>\n<h6 style=\"text-align: justify;\">The user can decline the use and eliminate the cookies at any time changing their computer configuration. However, if it is declined it is possible that they can\u2019t use some of our services.<\/h6>\n<h6 style=\"text-align: justify;\">Cookies of this website are used by other companies that help us obtain statistics about visits, seen pages and other indicators of activity in our web. For more information about cookies, the user can write an e-mail to vicepostulacion@madreguadalupe.com.<\/h6>\n<h6 style=\"text-align: justify;\">COOKIES USED IN THE WEBSITE:<\/h6>\n<h6 style=\"text-align: justify;\">Hereunder the cookies used by this website are identified, as well as their typology and function: a first-party cookie of a technical type denominated PHPSESSID is necessary for the correct navigation in webpages. Google Analytics cookies, an analytics service developed by Google, allows the measurement and analysis of webpages navigation. In your browser you would notice 4 cookies of this service. According to the previous typology these are first-party, session and analysis cookies. You can find more information and disable the use of this cookies at: http:\/\/www.google.es\/intl\/es_ALL\/analytics\/learn\/privacy.html . Though the web analysis it isn\u2019t able to obtain information about your personal data, ensuring the protection of privacy of the people navigating in this web. The information obtained is related to the number of users that access the web, the number of pages visited, the frequency and repetition of the visits, their duration, the browser used, the service provider, the language, the terminal, or the city assigned to the IP address. This information allows a better and more appropriate service on the part of this portal.<\/h6>\n<h6 style=\"text-align: justify;\">HOW TO MODIFY COOKIE CONFIGURATION:<\/h6>\n<h6 style=\"text-align: justify;\">You can restrict, block or erase cookies from this website or any other site using your browser. In every browser the way of doing this is different, but the Help function will show you how to do it.<\/h6>\n<h6 style=\"text-align: justify;\">\u2022\u00a0<a href=\"https:\/\/support.microsoft.com\/en-us\/help\/17442\/windows-internet-explorer-delete-manage-cookies#ie=ie-10\" target=\"_blank\" rel=\"noopener noreferrer\">Internet Explorer<\/a><br \/>\u2022\u00a0<a href=\"https:\/\/support.mozilla.org\/es\/kb\/Borrar%20cookies\" target=\"_blank\" rel=\"noopener noreferrer\">Firefox<\/a><br \/>\u2022\u00a0<a href=\"https:\/\/support.google.com\/chrome\/answer\/95647?hl=es\" target=\"_blank\" rel=\"noopener noreferrer\">Chrome<\/a><br \/>\u2022 Video on how to configurate Chrome browser<\/h6>\n<p>\u00a0<\/p>\n<h3 style=\"text-align: justify;\">DATA ENTRY FORM<\/h3>\n<h6 style=\"text-align: justify;\">The data entry form, of obligatory nature, for communicate favors received is in conformity with the requirement of article 5.2) of Organic Law 15\/1999, 13th December, of Personal Data Protection, and its objective is the collect of personal data from the user, who properly informed, and by free will, accepts participating in the own purposes of the Vice-postulate by giving the required information.<\/h6>\n<h6 style=\"text-align: justify;\">Personal data that the user provides by the form are sent by e-mail exclusively to the Vice-postulate. Such data are registered and guarded in the Vice-postulate\u2019s files, according to what is written above in the privacy policy. The sending of the form presuppose the consent of the user for the publication of the information provided according to the purposes of the Vicepostulaci\u00f3n de la Causa de Canonizaci\u00f3n de la Beata Mar\u00eda Guadalupe Ricart Olmos O.S.M., such as, among others: the diffusion of their devotion between the Catholic faithful, document the Cause and the shipping of information related to the Cause. The Vice-postulate reserves the right to use or discard, partially or completely, the information given for the development of their activity without notifying or justifying it to the user.<\/h6>\n<p>\u00a0<\/p>\n<h3 style=\"text-align: justify;\">LINKS TO THIRD PARTIES AND SOCIAL MEDIA<\/h3>\n<h6 style=\"text-align: justify;\">Esta pol\u00edtica de privacidad s\u00f3lo es de aplicaci\u00f3n en esta p\u00e1gina web, no se garantiza en los accesos a trav\u00e9s de enlaces con este sitio, ni a los enlaces desde este sitio con otras webs.<\/h6>\n<h6 style=\"text-align: justify;\">This website contains links to other places that can be useful to the user. When you click those links, the user leaves our page and is redirected to the chosen site, therefore we aren\u2019t responsible of the terms or privacy or protection of their personal data in those third parties. Those sites are subject to their own privacy policies, so it is recommended that the user consult them to confirm that they agree with them.<\/h6>\n<\/div>\n<\/div>\n<p>[\/et_pb_text][\/et_pb_column][\/et_pb_row][\/et_pb_section]<\/p>\n","protected":false},"excerpt":{"rendered":"<p><div class=\"et_pb_row et_pb_row_0 et_pb_row_empty\">\n\t\t\t\t\n\t\t\t\t\n\t\t\t\t\n\t\t\t\t\n\t\t\t\t\n\t\t\t<\/div> Legal Warning \u2013 Privacy Policy\u00a0\u00a0LEGAL WARNINGAccording to the established on the Law 34\/2002 of July 11, 2002 on information and e-commerce society services, hereunder the data ownership of the website \u201cwww.madreguadalupe.com\u201d are indicated, to which are also associated \u201cmadreguadalupe.es\u201d and \u201cmadreguadalupe.org\u201d domains.Holder: Orden Siervos de Mar\u00eda Provincia de Espa\u00f1aPostal address: Avenida Miguel Hern\u00e1ndez 11 [&hellip;]<\/p>\n","protected":false},"author":1,"featured_media":0,"parent":0,"menu_order":0,"comment_status":"closed","ping_status":"closed","template":"","meta":{"_et_pb_use_builder":"on","_et_pb_old_content":"","_et_gb_content_width":"","footnotes":""},"class_list":["post-2598","page","type-page","status-publish","hentry"],"_links":{"self":[{"href":"https:\/\/www.madreguadalupe.com\/en\/wp-json\/wp\/v2\/pages\/2598","targetHints":{"allow":["GET"]}}],"collection":[{"href":"https:\/\/www.madreguadalupe.com\/en\/wp-json\/wp\/v2\/pages"}],"about":[{"href":"https:\/\/www.madreguadalupe.com\/en\/wp-json\/wp\/v2\/types\/page"}],"author":[{"embeddable":true,"href":"https:\/\/www.madreguadalupe.com\/en\/wp-json\/wp\/v2\/users\/1"}],"replies":[{"embeddable":true,"href":"https:\/\/www.madreguadalupe.com\/en\/wp-json\/wp\/v2\/comments?post=2598"}],"version-history":[{"count":14,"href":"https:\/\/www.madreguadalupe.com\/en\/wp-json\/wp\/v2\/pages\/2598\/revisions"}],"predecessor-version":[{"id":2714,"href":"https:\/\/www.madreguadalupe.com\/en\/wp-json\/wp\/v2\/pages\/2598\/revisions\/2714"}],"wp:attachment":[{"href":"https:\/\/www.madreguadalupe.com\/en\/wp-json\/wp\/v2\/media?parent=2598"}],"curies":[{"name":"wp","href":"https:\/\/api.w.org\/{rel}","templated":true}]}}