{"id":1725,"date":"2017-05-29T17:13:22","date_gmt":"2017-05-29T17:13:22","guid":{"rendered":"http:\/\/www.madreguadalupe.com\/vocacion\/"},"modified":"2019-09-13T06:30:49","modified_gmt":"2019-09-13T06:30:49","slug":"vocacion","status":"publish","type":"page","link":"https:\/\/www.madreguadalupe.com\/it\/vocacion\/","title":{"rendered":"LA VOCAZIONE"},"content":{"rendered":"<p>[et_pb_section bb_built=&#8221;1&#8243; fullwidth=&#8221;on&#8221; specialty=&#8221;off&#8221; inner_width=&#8221;90%&#8221; inner_max_width=&#8221;1200px&#8221; next_background_color=&#8221;#000000&#8243;][et_pb_fullwidth_image src=&#8221;https:\/\/www.madreguadalupe.com\/wp-content\/uploads\/2017\/11\/cabecera_LIRIO_ROJO-copia.jpg&#8221; show_in_lightbox=&#8221;off&#8221; url_new_window=&#8221;off&#8221; use_overlay=&#8221;off&#8221; use_border_color=&#8221;off&#8221; border_color=&#8221;#ffffff&#8221; border_style=&#8221;solid&#8221; animation=&#8221;off&#8221; _builder_version=&#8221;3.0.89&#8243; animation_direction=&#8221;off&#8221; border_color_all=&#8221;#ffffff&#8221; border_style_all=&#8221;solid&#8221; \/][\/et_pb_section][et_pb_section bb_built=&#8221;1&#8243; fullwidth=&#8221;off&#8221; specialty=&#8221;off&#8221; inner_width=&#8221;90%&#8221; inner_max_width=&#8221;1200px&#8221; prev_background_color=&#8221;#000000&#8243;][et_pb_row background_position=&#8221;top_left&#8221; background_repeat=&#8221;repeat&#8221; background_size=&#8221;initial&#8221; width=&#8221;90%&#8221; max_width=&#8221;1200px&#8221;][et_pb_column type=&#8221;1_4&#8243; custom_padding__hover=&#8221;|||&#8221; custom_padding=&#8221;|||&#8221;][et_pb_sidebar area=&#8221;sidebar-1&#8243; orientation=&#8221;left&#8221; remove_border=&#8221;off&#8221; background_layout=&#8221;light&#8221; show_border=&#8221;on&#8221; \/][\/et_pb_column][et_pb_column type=&#8221;1_2&#8243; custom_padding__hover=&#8221;|||&#8221; custom_padding=&#8221;|||&#8221;][et_pb_text use_border_color=&#8221;off&#8221; background_position=&#8221;top_left&#8221; background_repeat=&#8221;repeat&#8221; background_size=&#8221;initial&#8221; _builder_version=&#8221;3.27.4&#8243; text_text_shadow_horizontal_length=&#8221;text_text_shadow_style,%91object Object%93&#8243; text_text_shadow_horizontal_length_tablet=&#8221;0px&#8221; text_text_shadow_vertical_length=&#8221;text_text_shadow_style,%91object Object%93&#8243; text_text_shadow_vertical_length_tablet=&#8221;0px&#8221; text_text_shadow_blur_strength=&#8221;text_text_shadow_style,%91object Object%93&#8243; text_text_shadow_blur_strength_tablet=&#8221;1px&#8221; link_text_shadow_horizontal_length=&#8221;link_text_shadow_style,%91object Object%93&#8243; link_text_shadow_horizontal_length_tablet=&#8221;0px&#8221; link_text_shadow_vertical_length=&#8221;link_text_shadow_style,%91object Object%93&#8243; link_text_shadow_vertical_length_tablet=&#8221;0px&#8221; link_text_shadow_blur_strength=&#8221;link_text_shadow_style,%91object Object%93&#8243; link_text_shadow_blur_strength_tablet=&#8221;1px&#8221; ul_text_shadow_horizontal_length=&#8221;ul_text_shadow_style,%91object Object%93&#8243; ul_text_shadow_horizontal_length_tablet=&#8221;0px&#8221; ul_text_shadow_vertical_length=&#8221;ul_text_shadow_style,%91object Object%93&#8243; ul_text_shadow_vertical_length_tablet=&#8221;0px&#8221; ul_text_shadow_blur_strength=&#8221;ul_text_shadow_style,%91object Object%93&#8243; ul_text_shadow_blur_strength_tablet=&#8221;1px&#8221; ol_text_shadow_horizontal_length=&#8221;ol_text_shadow_style,%91object Object%93&#8243; ol_text_shadow_horizontal_length_tablet=&#8221;0px&#8221; ol_text_shadow_vertical_length=&#8221;ol_text_shadow_style,%91object Object%93&#8243; ol_text_shadow_vertical_length_tablet=&#8221;0px&#8221; ol_text_shadow_blur_strength=&#8221;ol_text_shadow_style,%91object Object%93&#8243; ol_text_shadow_blur_strength_tablet=&#8221;1px&#8221; quote_text_shadow_horizontal_length=&#8221;quote_text_shadow_style,%91object Object%93&#8243; quote_text_shadow_horizontal_length_tablet=&#8221;0px&#8221; quote_text_shadow_vertical_length=&#8221;quote_text_shadow_style,%91object Object%93&#8243; quote_text_shadow_vertical_length_tablet=&#8221;0px&#8221; quote_text_shadow_blur_strength=&#8221;quote_text_shadow_style,%91object Object%93&#8243; quote_text_shadow_blur_strength_tablet=&#8221;1px&#8221; header_text_shadow_horizontal_length=&#8221;header_text_shadow_style,%91object Object%93&#8243; header_text_shadow_horizontal_length_tablet=&#8221;0px&#8221; header_text_shadow_vertical_length=&#8221;header_text_shadow_style,%91object Object%93&#8243; header_text_shadow_vertical_length_tablet=&#8221;0px&#8221; header_text_shadow_blur_strength=&#8221;header_text_shadow_style,%91object Object%93&#8243; header_text_shadow_blur_strength_tablet=&#8221;1px&#8221; header_2_text_shadow_horizontal_length=&#8221;header_2_text_shadow_style,%91object Object%93&#8243; header_2_text_shadow_horizontal_length_tablet=&#8221;0px&#8221; header_2_text_shadow_vertical_length=&#8221;header_2_text_shadow_style,%91object Object%93&#8243; header_2_text_shadow_vertical_length_tablet=&#8221;0px&#8221; header_2_text_shadow_blur_strength=&#8221;header_2_text_shadow_style,%91object Object%93&#8243; header_2_text_shadow_blur_strength_tablet=&#8221;1px&#8221; header_3_text_shadow_horizontal_length=&#8221;header_3_text_shadow_style,%91object Object%93&#8243; header_3_text_shadow_horizontal_length_tablet=&#8221;0px&#8221; header_3_text_shadow_vertical_length=&#8221;header_3_text_shadow_style,%91object Object%93&#8243; header_3_text_shadow_vertical_length_tablet=&#8221;0px&#8221; header_3_text_shadow_blur_strength=&#8221;header_3_text_shadow_style,%91object Object%93&#8243; header_3_text_shadow_blur_strength_tablet=&#8221;1px&#8221; header_4_text_shadow_horizontal_length=&#8221;header_4_text_shadow_style,%91object Object%93&#8243; header_4_text_shadow_horizontal_length_tablet=&#8221;0px&#8221; header_4_text_shadow_vertical_length=&#8221;header_4_text_shadow_style,%91object Object%93&#8243; header_4_text_shadow_vertical_length_tablet=&#8221;0px&#8221; header_4_text_shadow_blur_strength=&#8221;header_4_text_shadow_style,%91object Object%93&#8243; header_4_text_shadow_blur_strength_tablet=&#8221;1px&#8221; header_5_text_shadow_horizontal_length=&#8221;header_5_text_shadow_style,%91object Object%93&#8243; header_5_text_shadow_horizontal_length_tablet=&#8221;0px&#8221; header_5_text_shadow_vertical_length=&#8221;header_5_text_shadow_style,%91object Object%93&#8243; header_5_text_shadow_vertical_length_tablet=&#8221;0px&#8221; header_5_text_shadow_blur_strength=&#8221;header_5_text_shadow_style,%91object Object%93&#8243; header_5_text_shadow_blur_strength_tablet=&#8221;1px&#8221; header_6_text_shadow_horizontal_length=&#8221;header_6_text_shadow_style,%91object Object%93&#8243; header_6_text_shadow_horizontal_length_tablet=&#8221;0px&#8221; header_6_text_shadow_vertical_length=&#8221;header_6_text_shadow_style,%91object Object%93&#8243; header_6_text_shadow_vertical_length_tablet=&#8221;0px&#8221; header_6_text_shadow_blur_strength=&#8221;header_6_text_shadow_style,%91object Object%93&#8243; header_6_text_shadow_blur_strength_tablet=&#8221;1px&#8221; box_shadow_horizontal_tablet=&#8221;0px&#8221; box_shadow_vertical_tablet=&#8221;0px&#8221; box_shadow_blur_tablet=&#8221;40px&#8221; box_shadow_spread_tablet=&#8221;0px&#8221; z_index_tablet=&#8221;500&#8243;]<\/p>\n<h3><strong>Vocazione contemplativa<\/strong><\/h3>\n<p>\u00a0<\/p>\n<p>La Prima Comunione rappresent\u00f2 l\u2019inizio del cammino vocazionale di Maria. Durante quella celebrazione, infatti,\u00a0 era accaduto un fatto insolito che aveva sorpreso il Parroco, Don Vicente Pastor.\u00a0 Quel giorno, il sacerdote\u00a0 rivolgendosi alle bambine che stavano per comunicarsi, aveva fatto loro una domanda molto precisa:<\/p>\n<ul>\n<li><strong>\u00bfC\u2019\u00e8 qual cuna di voi che desidera donarsi a Dio per essere interamente la sua Sposa?.<\/strong><\/li>\n<\/ul>\n<p style=\"padding-left: 30px;\">Era seguito un momento di esitante silenzio; poi \u00a0si era\u00a0 levata una mano e una bambina, con voce chiara, aveva risposto:<\/p>\n<ul>\n<li><strong>\u201cIo lo voglio!\u201d.<\/strong><\/li>\n<\/ul>\n<p style=\"padding-left: 30px;\">Quella bimba era la beata Maria Guadalupe Ricart Olmos, che per\u00a0 tutta la sua vita fu interamente di Dio e coraggiosa testimone del suo amore. Anni dopo, durante la terribile persecuzione, non esit\u00f2 a dichiarare la sua vocazione a coloro che erano venuti a catturarla, dicendo<\/p>\n<ul>\n<li><strong> !Sono monaca, e se nascessi mille volte, lo sarei ancora nel Monastero di Al Piede della Croce!<\/strong><\/li>\n<\/ul>\n<p style=\"padding-left: 30px;\">! Il fermo convincimento di appartenere soltanto a Dio, gli valse un martirio crudele. Era fatta per essere eternamente sua. Ma a questo avrebbe dovuto prepararsi.<\/p>\n<p style=\"padding-left: 30px;\">Dopo la Prima Comunione, il\u00a0 desiderio di Maria Guadalupe di consacrarsi totalmente a Dio cresceva di giorno in giorno. Nelle frequenti visite al <strong>Monastero di Al Piede della Croce, delle Monache Serve di Maria<\/strong>, a Valencia, dove sua madre aveva una grande amica, matur\u00f2 la sua vocazione nella Chiesa. Con il consenso di sua madre e il sostegno del Parroco, riusc\u00ec ad <strong>entrare in Monastero quando aveva\u00a0 soltanto 15 anni<\/strong>. Quale chiara percezione ella avesse della chiamata di Dio\u00a0 lo dimostra la maturit\u00e0 religiosa di una ragazza che gi\u00e0 dava prova di essere una grande donna e una brava cristiana. Infatti, mentre, con la mamma, si dirigevano verso Valencia per entrare nella clausura, uno sconosciuto protest\u00f2 ad alta voce:<\/p>\n<ul>\n<li><strong>\u00a0!Quella ragazza la portano in monastero con l\u2019inganno!.<\/strong><\/li>\n<\/ul>\n<p style=\"padding-left: 30px;\">E lei, senza perdere la calma, come sarebbe accaduto al momento del martirio, si volt\u00f2 e\u00a0 disse:<\/p>\n<ul>\n<li><strong>So molto bene quello che faccio, perch\u00e9 \u00e8 Ges\u00f9 che mi chiama\u201d.<\/strong><\/li>\n<\/ul>\n<p style=\"padding-left: 30px;\">Senza dubbio, ella, giorno dopo giorno, rispose a Ges\u00f9 con la vita povera, verginale e nascosta della clausura fino alla consumazione della sua donazione nel martirio.<\/p>\n<p>[\/et_pb_text][\/et_pb_column][et_pb_column type=&#8221;1_4&#8243; custom_padding__hover=&#8221;|||&#8221; custom_padding=&#8221;|||&#8221;][et_pb_image src=&#8221;https:\/\/www.madreguadalupe.com\/wp-content\/uploads\/2017\/05\/blanco-2.jpg&#8221; show_in_lightbox=&#8221;off&#8221; url_new_window=&#8221;off&#8221; use_overlay=&#8221;off&#8221; sticky=&#8221;off&#8221; align=&#8221;left&#8221; always_center_on_mobile=&#8221;on&#8221; use_border_color=&#8221;off&#8221; border_color=&#8221;#ffffff&#8221; border_style=&#8221;solid&#8221; force_fullwidth=&#8221;off&#8221; animation=&#8221;left&#8221; animation_direction=&#8221;left&#8221; show_bottom_space=&#8221;on&#8221; animation_style=&#8221;slide&#8221; animation_duration=&#8221;500ms&#8221; animation_intensity_slide=&#8221;10%&#8221; align_last_edited=&#8221;on|desktop&#8221; align_tablet=&#8221;center&#8221; \/][et_pb_image src=&#8221;https:\/\/www.madreguadalupe.com\/wp-content\/uploads\/2017\/05\/1.-Vocaci\u00f3n.jpg&#8221; show_in_lightbox=&#8221;off&#8221; url_new_window=&#8221;off&#8221; use_overlay=&#8221;off&#8221; sticky=&#8221;off&#8221; align=&#8221;center&#8221; always_center_on_mobile=&#8221;on&#8221; use_border_color=&#8221;off&#8221; border_color=&#8221;#ffffff&#8221; border_style=&#8221;solid&#8221; force_fullwidth=&#8221;off&#8221; animation=&#8221;off&#8221; show_bottom_space=&#8221;on&#8221; animation_style=&#8221;none&#8221; animation_duration=&#8221;1000ms&#8221; animation_intensity_slide=&#8221;50%&#8221; align_last_edited=&#8221;on|desktop&#8221; align_tablet=&#8221;center&#8221; \/][et_pb_image src=&#8221;https:\/\/www.madreguadalupe.com\/wp-content\/uploads\/2017\/05\/blanco-1.jpg&#8221; show_in_lightbox=&#8221;off&#8221; url_new_window=&#8221;off&#8221; use_overlay=&#8221;off&#8221; sticky=&#8221;off&#8221; align=&#8221;left&#8221; always_center_on_mobile=&#8221;on&#8221; use_border_color=&#8221;off&#8221; border_color=&#8221;#ffffff&#8221; border_style=&#8221;solid&#8221; force_fullwidth=&#8221;off&#8221; animation=&#8221;left&#8221; animation_direction=&#8221;left&#8221; show_bottom_space=&#8221;on&#8221; animation_style=&#8221;slide&#8221; animation_duration=&#8221;500ms&#8221; animation_intensity_slide=&#8221;10%&#8221; align_last_edited=&#8221;on|desktop&#8221; align_tablet=&#8221;center&#8221; \/][et_pb_testimonial url_new_window=&#8221;on&#8221; quote_icon=&#8221;on&#8221; use_background_color=&#8221;on&#8221; background_color=&#8221;#ffffff&#8221; background_layout=&#8221;light&#8221; text_orientation=&#8221;center&#8221; use_border_color=&#8221;on&#8221; body_text_color=&#8221;#993333&#8243; quote_icon_color=&#8221;#993333&#8243; border_color_all=&#8221;#993333&#8243; border_width_all=&#8221;2px&#8221; background_position=&#8221;top_left&#8221; background_repeat=&#8221;repeat&#8221; background_size=&#8221;initial&#8221; _builder_version=&#8221;3.0.90&#8243; quote_icon_background_color=&#8221;#f5f5f5&#8243;]<\/p>\n<p style=\"text-align: center;\"><strong><em><br \/>\n\u00c8 Ges\u00f9<br \/>\nche mi chiama<br \/>\n<\/em><\/strong><\/p>\n<p>[\/et_pb_testimonial][\/et_pb_column][\/et_pb_row][\/et_pb_section]<\/p>\n","protected":false},"excerpt":{"rendered":"<p>Vocazione contemplativa\u00a0La Prima Comunione rappresent\u00f2 l\u2019inizio del cammino vocazionale di Maria. Durante quella celebrazione, infatti,\u00a0 era accaduto un fatto insolito che aveva sorpreso il Parroco, Don Vicente Pastor.\u00a0 Quel giorno, il sacerdote\u00a0 rivolgendosi alle bambine che stavano per comunicarsi, aveva fatto loro una domanda molto precisa:\u00bfC\u2019\u00e8 qual cuna di voi che desidera donarsi a Dio [&hellip;]<\/p>\n","protected":false},"author":2,"featured_media":0,"parent":0,"menu_order":0,"comment_status":"closed","ping_status":"closed","template":"","meta":{"_et_pb_use_builder":"on","_et_pb_old_content":"","_et_gb_content_width":"","footnotes":""},"class_list":["post-1725","page","type-page","status-publish","hentry"],"_links":{"self":[{"href":"https:\/\/www.madreguadalupe.com\/it\/wp-json\/wp\/v2\/pages\/1725","targetHints":{"allow":["GET"]}}],"collection":[{"href":"https:\/\/www.madreguadalupe.com\/it\/wp-json\/wp\/v2\/pages"}],"about":[{"href":"https:\/\/www.madreguadalupe.com\/it\/wp-json\/wp\/v2\/types\/page"}],"author":[{"embeddable":true,"href":"https:\/\/www.madreguadalupe.com\/it\/wp-json\/wp\/v2\/users\/2"}],"replies":[{"embeddable":true,"href":"https:\/\/www.madreguadalupe.com\/it\/wp-json\/wp\/v2\/comments?post=1725"}],"version-history":[{"count":4,"href":"https:\/\/www.madreguadalupe.com\/it\/wp-json\/wp\/v2\/pages\/1725\/revisions"}],"predecessor-version":[{"id":3006,"href":"https:\/\/www.madreguadalupe.com\/it\/wp-json\/wp\/v2\/pages\/1725\/revisions\/3006"}],"wp:attachment":[{"href":"https:\/\/www.madreguadalupe.com\/it\/wp-json\/wp\/v2\/media?parent=1725"}],"curies":[{"name":"wp","href":"https:\/\/api.w.org\/{rel}","templated":true}]}}