{"id":1734,"date":"2017-05-29T17:13:32","date_gmt":"2017-05-29T17:13:32","guid":{"rendered":"http:\/\/www.madreguadalupe.com\/monasterio\/"},"modified":"2017-12-28T11:06:34","modified_gmt":"2017-12-28T11:06:34","slug":"monasterio","status":"publish","type":"page","link":"https:\/\/www.madreguadalupe.com\/it\/monasterio\/","title":{"rendered":"IL MONASTERO"},"content":{"rendered":"<p>[et_pb_section bb_built=&#8221;1&#8243; fullwidth=&#8221;on&#8221; specialty=&#8221;off&#8221;][et_pb_fullwidth_image src=&#8221;https:\/\/www.madreguadalupe.com\/wp-content\/uploads\/2017\/11\/cabecera_LIRIO_ROJO-copia.jpg&#8221; show_in_lightbox=&#8221;off&#8221; url_new_window=&#8221;off&#8221; use_overlay=&#8221;off&#8221; use_border_color=&#8221;off&#8221; border_color=&#8221;#ffffff&#8221; border_style=&#8221;solid&#8221; animation=&#8221;off&#8221; _builder_version=&#8221;3.0.89&#8243; animation_direction=&#8221;off&#8221; border_color_all=&#8221;#ffffff&#8221; border_style_all=&#8221;solid&#8221; \/][\/et_pb_section][et_pb_section bb_built=&#8221;1&#8243; fullwidth=&#8221;off&#8221; specialty=&#8221;off&#8221;][et_pb_row background_position=&#8221;top_left&#8221; background_repeat=&#8221;repeat&#8221; background_size=&#8221;initial&#8221;][et_pb_column type=&#8221;1_4&#8243;][et_pb_sidebar area=&#8221;sidebar-1&#8243; orientation=&#8221;left&#8221; remove_border=&#8221;off&#8221; background_layout=&#8221;light&#8221; header_text_color=&#8221;#993333&#8243; show_border=&#8221;on&#8221; \/][\/et_pb_column][et_pb_column type=&#8221;1_2&#8243;][et_pb_text background_layout=&#8221;light&#8221; use_border_color=&#8221;off&#8221; background_position=&#8221;top_left&#8221; background_repeat=&#8221;repeat&#8221; background_size=&#8221;initial&#8221; _builder_version=&#8221;3.0.90&#8243;]<\/p>\n<h3><strong>Il Monastero di Al Piede della Croce<\/strong><\/h3>\n<h3><strong>\u00a0<\/strong><\/h3>\n<p style=\"text-align: justify;\">El Monasterio que da nombre a la calle \u201cAl Pie de la Cruz\u201d, en pleno centro de Valencia, contaba, en la \u00e9poca de la Madre Guadalupe, con una larga y arraigada espiritualidad servita. Era uno de los m\u00e1s conocidos por difundir la devoci\u00f3n a la Virgen de los Dolores y su Soledad al pie de la Cruz. Al ingresar la Madre Guadalupe, la comunidad estaba formada por 25 monjas que supieron adecuarse a las nuevas constituciones de 1928. Viv\u00edan muy austeramente y se sosten\u00edan gracias al trabajo manual de las hermanas y los donativos de los fieles.<\/p>\n<p style=\"text-align: justify;\">El Monasterio sufri\u00f3 el efecto de los bombardeos y logr\u00f3 ser reconstruido con el trabajo de las monjas. En 1936 fue destrozado, esta vez completamente, de una forma irrecuperable. La Comunidad de Monjas al acabar la Guerra Civil, se establecieron en un nuevo Monasterio en Mislata <em>(fotos)<\/em>, una la poblaci\u00f3n cercana a Valencia recuperando apenas unas puertas del primitivo monasterio y algunos objetos religiosos. El resto se perdi\u00f3 en los saqueos e incendios.<\/p>\n<p style=\"text-align: justify;\">Desde el a\u00f1o 1940 las monjas Siervas de Mar\u00eda han sostenido sus compromisos mon\u00e1sticos servitas ejemplarmente en Mislata, hasta que en el a\u00f1o 2010, por la falta de vocaciones y la edad avanzada de las hermanas, se trasladaron al convento de Santa Ana de la misma Orden en Sagunto. Desde entonces una comunidad de frailes Siervos de Mar\u00eda mantiene la vida servita en Al Pie de la Cruz donde se custodia el sepulcro de la Beata Madre Guadalupe.<\/p>\n<p>[\/et_pb_text][\/et_pb_column][et_pb_column type=&#8221;1_4&#8243;][et_pb_image src=&#8221;https:\/\/www.madreguadalupe.com\/wp-content\/uploads\/2017\/05\/blanco-2.jpg&#8221; show_in_lightbox=&#8221;off&#8221; url_new_window=&#8221;off&#8221; use_overlay=&#8221;off&#8221; sticky=&#8221;off&#8221; align=&#8221;left&#8221; always_center_on_mobile=&#8221;on&#8221; use_border_color=&#8221;off&#8221; border_color=&#8221;#ffffff&#8221; border_style=&#8221;solid&#8221; force_fullwidth=&#8221;off&#8221; animation=&#8221;left&#8221; animation_direction=&#8221;left&#8221; show_bottom_space=&#8221;on&#8221; animation_style=&#8221;slide&#8221; animation_duration=&#8221;500ms&#8221; animation_intensity_slide=&#8221;10%&#8221; \/][et_pb_image src=&#8221;https:\/\/www.madreguadalupe.com\/wp-content\/uploads\/2017\/05\/1.-Monasterio.jpg&#8221; show_in_lightbox=&#8221;off&#8221; url_new_window=&#8221;off&#8221; use_overlay=&#8221;off&#8221; sticky=&#8221;off&#8221; align=&#8221;left&#8221; always_center_on_mobile=&#8221;on&#8221; use_border_color=&#8221;off&#8221; border_color=&#8221;#ffffff&#8221; border_style=&#8221;solid&#8221; force_fullwidth=&#8221;off&#8221; animation=&#8221;off&#8221; show_bottom_space=&#8221;on&#8221; animation_style=&#8221;none&#8221; animation_duration=&#8221;1000ms&#8221; animation_intensity_slide=&#8221;50%&#8221; \/][\/et_pb_column][\/et_pb_row][\/et_pb_section]<\/p>\n","protected":false},"excerpt":{"rendered":"<p>Il Monastero di Al Piede della Croce \u00a0 El Monasterio que da nombre a la calle \u201cAl Pie de la Cruz\u201d, en pleno centro de Valencia, contaba, en la \u00e9poca de la Madre Guadalupe, con una larga y arraigada espiritualidad servita. Era uno de los m\u00e1s conocidos por difundir la devoci\u00f3n a la Virgen de [&hellip;]<\/p>\n","protected":false},"author":2,"featured_media":0,"parent":0,"menu_order":0,"comment_status":"closed","ping_status":"closed","template":"","meta":{"_et_pb_use_builder":"on","_et_pb_old_content":"","_et_gb_content_width":"","footnotes":""},"class_list":["post-1734","page","type-page","status-publish","hentry"],"_links":{"self":[{"href":"https:\/\/www.madreguadalupe.com\/it\/wp-json\/wp\/v2\/pages\/1734","targetHints":{"allow":["GET"]}}],"collection":[{"href":"https:\/\/www.madreguadalupe.com\/it\/wp-json\/wp\/v2\/pages"}],"about":[{"href":"https:\/\/www.madreguadalupe.com\/it\/wp-json\/wp\/v2\/types\/page"}],"author":[{"embeddable":true,"href":"https:\/\/www.madreguadalupe.com\/it\/wp-json\/wp\/v2\/users\/2"}],"replies":[{"embeddable":true,"href":"https:\/\/www.madreguadalupe.com\/it\/wp-json\/wp\/v2\/comments?post=1734"}],"version-history":[{"count":2,"href":"https:\/\/www.madreguadalupe.com\/it\/wp-json\/wp\/v2\/pages\/1734\/revisions"}],"predecessor-version":[{"id":1736,"href":"https:\/\/www.madreguadalupe.com\/it\/wp-json\/wp\/v2\/pages\/1734\/revisions\/1736"}],"wp:attachment":[{"href":"https:\/\/www.madreguadalupe.com\/it\/wp-json\/wp\/v2\/media?parent=1734"}],"curies":[{"name":"wp","href":"https:\/\/api.w.org\/{rel}","templated":true}]}}