{"id":1738,"date":"2017-05-29T17:13:48","date_gmt":"2017-05-29T17:13:48","guid":{"rendered":"http:\/\/www.madreguadalupe.com\/persecucion-religiosa\/"},"modified":"2017-12-28T11:26:39","modified_gmt":"2017-12-28T11:26:39","slug":"persecucion-religiosa","status":"publish","type":"page","link":"https:\/\/www.madreguadalupe.com\/it\/persecucion-religiosa\/","title":{"rendered":"PERSECUZIONE RELIGIOSA"},"content":{"rendered":"<p>[et_pb_section bb_built=&#8221;1&#8243; fullwidth=&#8221;on&#8221; specialty=&#8221;off&#8221;][et_pb_fullwidth_image src=&#8221;https:\/\/www.madreguadalupe.com\/wp-content\/uploads\/2017\/11\/cabecera_LIRIO_ROJO-copia.jpg&#8221; show_in_lightbox=&#8221;off&#8221; url_new_window=&#8221;off&#8221; use_overlay=&#8221;off&#8221; use_border_color=&#8221;off&#8221; border_color=&#8221;#ffffff&#8221; border_style=&#8221;solid&#8221; animation=&#8221;off&#8221; _builder_version=&#8221;3.0.89&#8243; animation_direction=&#8221;off&#8221; border_color_all=&#8221;#ffffff&#8221; border_style_all=&#8221;solid&#8221; \/][\/et_pb_section][et_pb_section bb_built=&#8221;1&#8243; fullwidth=&#8221;off&#8221; specialty=&#8221;off&#8221;][et_pb_row background_position=&#8221;top_left&#8221; background_repeat=&#8221;repeat&#8221; background_size=&#8221;initial&#8221;][et_pb_column type=&#8221;1_4&#8243;][et_pb_sidebar area=&#8221;sidebar-1&#8243; orientation=&#8221;left&#8221; remove_border=&#8221;off&#8221; background_layout=&#8221;light&#8221; show_border=&#8221;on&#8221; \/][\/et_pb_column][et_pb_column type=&#8221;1_2&#8243;][et_pb_text background_layout=&#8221;light&#8221; use_border_color=&#8221;off&#8221; background_position=&#8221;top_left&#8221; background_repeat=&#8221;repeat&#8221; background_size=&#8221;initial&#8221; _builder_version=&#8221;3.0.90&#8243;]<\/p>\n<h3><strong>La persecuzione religiosa<\/strong><\/h3>\n<h3 style=\"text-align: justify;\"><strong>\u00a0<\/strong><\/h3>\n<p>Durante gli anni Trenta, l\u2019intensit\u00e0 e la radicalit\u00e0 dell\u2019intolleranza\u00a0 antireligiosa e anticlericale si fecero pi\u00f9 violente che in anni precedenti e si trasformarono in saccheggi continui e impuniti dei beni ecclesiastici, in incendi di conventi e chiese, con l\u2019assassinio di sacerdoti, religiosi, religiose e laici cattolici. In una Spagna divisa dalla guerra civile, la persecuzione religiosa continu\u00f2 nella zona repubblicana arrivando, alla fine dell\u2019estate del 1935, alla cifra di 6.832 persone assassinate non perch\u00e9 combattenti, ma soltanto a motivo della loro fede e religione.<\/p>\n<p><strong>Le monache di Al Piede della Croce, a partire dal 1931, dovettero pi\u00f9 volte abbandonare la clausura del monastero e rifugiarsi presso dei benefattori e presso famiglie private<\/strong>. In quel clima di insicurezza e pericolo, <strong>fu eletta Priora del Monastero la beata Maria Guadalupe<\/strong>, che sapeva animare saggiamente le sorelle e guidarle con <strong>prudenti decisioni<\/strong>. Pi\u00f9 tardi, come Maestra, per la seconda volta, delle novizie sapr\u00e0 trasmettere alle giovani, con l\u2019esempio delle sue virt\u00f9, entusiasmo e dedizione incondizionata alla volont\u00e0 del Padre:<strong> serenit\u00e0, pace e certezza di una vita eterna di comunione con Dio<\/strong><\/p>\n<p>.Nell\u2019estate del 1936, per ordine dell\u2019Arcivescovo, le monache indossarono abiti secolari e ancora una volta abbandonarono il monastero per rifugiarsi nella casa dei propri parenti. Durante la sua permanenza in Albal, la beata Maria Guadalupe trascorse le ultime settimane di vita nella casa di sua sorella Filomena, che abitava in strada Della Torre. Nonostante il clima di paura dovuto ai numerosi assassini di preti e monache, nessuno la ricorda presa da paura o insicurezza. Al contrario, sono state tramandate espressioni della Beata che dimostrano la sua profonda pace e fiducia in Dio:<\/p>\n<ul>\n<li><strong>Da me stessa avrei paura, ma ormai non confido in me, ma in Dio; se Lui mi vuole martire, mi dar\u00e0 quello di cui ho bisogno per esserlo.<\/strong><\/li>\n<\/ul>\n<p>Il Signore sostenne la sua serva fedele nel momento della prova e lei, abbandonandosi nelle sue mani, Gli consegn\u00f2 lo spirito.<\/p>\n<p>&nbsp;<\/p>\n<p>[\/et_pb_text][\/et_pb_column][et_pb_column type=&#8221;1_4&#8243;][et_pb_image src=&#8221;https:\/\/www.madreguadalupe.com\/wp-content\/uploads\/2017\/05\/blanco-2.jpg&#8221; show_in_lightbox=&#8221;off&#8221; url_new_window=&#8221;off&#8221; use_overlay=&#8221;off&#8221; sticky=&#8221;off&#8221; align=&#8221;left&#8221; always_center_on_mobile=&#8221;on&#8221; use_border_color=&#8221;off&#8221; border_color=&#8221;#ffffff&#8221; border_style=&#8221;solid&#8221; force_fullwidth=&#8221;off&#8221; animation=&#8221;left&#8221; animation_direction=&#8221;left&#8221; show_bottom_space=&#8221;on&#8221; animation_style=&#8221;slide&#8221; animation_duration=&#8221;500ms&#8221; animation_intensity_slide=&#8221;10%&#8221; \/][et_pb_image src=&#8221;https:\/\/www.madreguadalupe.com\/wp-content\/uploads\/2017\/05\/1.-Persecuci\u00f3n-religiosa.jpg&#8221; show_in_lightbox=&#8221;off&#8221; url_new_window=&#8221;off&#8221; use_overlay=&#8221;off&#8221; sticky=&#8221;off&#8221; align=&#8221;left&#8221; always_center_on_mobile=&#8221;on&#8221; use_border_color=&#8221;off&#8221; border_color=&#8221;#ffffff&#8221; border_style=&#8221;solid&#8221; force_fullwidth=&#8221;off&#8221; animation=&#8221;off&#8221; show_bottom_space=&#8221;on&#8221; animation_style=&#8221;none&#8221; animation_duration=&#8221;1000ms&#8221; animation_intensity_slide=&#8221;50%&#8221; \/][et_pb_image src=&#8221;https:\/\/www.madreguadalupe.com\/wp-content\/uploads\/2017\/05\/blanco-1.jpg&#8221; show_in_lightbox=&#8221;off&#8221; url_new_window=&#8221;off&#8221; use_overlay=&#8221;off&#8221; sticky=&#8221;off&#8221; align=&#8221;left&#8221; always_center_on_mobile=&#8221;on&#8221; use_border_color=&#8221;off&#8221; border_color=&#8221;#ffffff&#8221; border_style=&#8221;solid&#8221; force_fullwidth=&#8221;off&#8221; animation=&#8221;left&#8221; animation_direction=&#8221;left&#8221; show_bottom_space=&#8221;on&#8221; animation_style=&#8221;slide&#8221; animation_duration=&#8221;500ms&#8221; animation_intensity_slide=&#8221;10%&#8221; \/][et_pb_testimonial url_new_window=&#8221;off&#8221; quote_icon=&#8221;on&#8221; use_background_color=&#8221;off&#8221; background_layout=&#8221;light&#8221; text_orientation=&#8221;center&#8221; use_border_color=&#8221;on&#8221; body_text_color=&#8221;#993333&#8243; quote_icon_color=&#8221;#993333&#8243; border_color_all=&#8221;#993333&#8243; background_position=&#8221;top_left&#8221; background_repeat=&#8221;repeat&#8221; background_size=&#8221;initial&#8221; border_width_all=&#8221;2px&#8221; _builder_version=&#8221;3.0.90&#8243; quote_icon_background_color=&#8221;#ffffff&#8221;]<\/p>\n<p style=\"text-align: center;\"><em><strong><br \/>\nSe Dio vuole uccidemi, mi dar\u00e0<br \/>\nci\u00f2 che voglio essere<br \/>\n<\/strong> <\/em><\/p>\n<p>[\/et_pb_testimonial][\/et_pb_column][\/et_pb_row][\/et_pb_section]<\/p>\n","protected":false},"excerpt":{"rendered":"<p>La persecuzione religiosa \u00a0 Durante gli anni Trenta, l\u2019intensit\u00e0 e la radicalit\u00e0 dell\u2019intolleranza\u00a0 antireligiosa e anticlericale si fecero pi\u00f9 violente che in anni precedenti e si trasformarono in saccheggi continui e impuniti dei beni ecclesiastici, in incendi di conventi e chiese, con l\u2019assassinio di sacerdoti, religiosi, religiose e laici cattolici. In una Spagna divisa dalla [&hellip;]<\/p>\n","protected":false},"author":2,"featured_media":0,"parent":0,"menu_order":0,"comment_status":"closed","ping_status":"closed","template":"","meta":{"_et_pb_use_builder":"on","_et_pb_old_content":"","_et_gb_content_width":"","footnotes":""},"class_list":["post-1738","page","type-page","status-publish","hentry"],"_links":{"self":[{"href":"https:\/\/www.madreguadalupe.com\/it\/wp-json\/wp\/v2\/pages\/1738","targetHints":{"allow":["GET"]}}],"collection":[{"href":"https:\/\/www.madreguadalupe.com\/it\/wp-json\/wp\/v2\/pages"}],"about":[{"href":"https:\/\/www.madreguadalupe.com\/it\/wp-json\/wp\/v2\/types\/page"}],"author":[{"embeddable":true,"href":"https:\/\/www.madreguadalupe.com\/it\/wp-json\/wp\/v2\/users\/2"}],"replies":[{"embeddable":true,"href":"https:\/\/www.madreguadalupe.com\/it\/wp-json\/wp\/v2\/comments?post=1738"}],"version-history":[{"count":2,"href":"https:\/\/www.madreguadalupe.com\/it\/wp-json\/wp\/v2\/pages\/1738\/revisions"}],"predecessor-version":[{"id":1740,"href":"https:\/\/www.madreguadalupe.com\/it\/wp-json\/wp\/v2\/pages\/1738\/revisions\/1740"}],"wp:attachment":[{"href":"https:\/\/www.madreguadalupe.com\/it\/wp-json\/wp\/v2\/media?parent=1738"}],"curies":[{"name":"wp","href":"https:\/\/api.w.org\/{rel}","templated":true}]}}