{"id":1754,"date":"2017-05-29T17:14:57","date_gmt":"2017-05-29T17:14:57","guid":{"rendered":"http:\/\/www.madreguadalupe.com\/reliquias\/"},"modified":"2017-12-29T10:13:16","modified_gmt":"2017-12-29T10:13:16","slug":"reliquias","status":"publish","type":"page","link":"https:\/\/www.madreguadalupe.com\/it\/reliquias\/","title":{"rendered":"RELIQUIE"},"content":{"rendered":"<p>[et_pb_section bb_built=&#8221;1&#8243; fullwidth=&#8221;on&#8221; specialty=&#8221;off&#8221;][et_pb_fullwidth_image src=&#8221;https:\/\/www.madreguadalupe.com\/wp-content\/uploads\/2017\/11\/cabecera_LIRIO_ROJO-copia.jpg&#8221; show_in_lightbox=&#8221;off&#8221; url_new_window=&#8221;off&#8221; use_overlay=&#8221;off&#8221; use_border_color=&#8221;off&#8221; border_color=&#8221;#ffffff&#8221; border_style=&#8221;solid&#8221; animation=&#8221;off&#8221; _builder_version=&#8221;3.0.89&#8243; animation_direction=&#8221;off&#8221; border_color_all=&#8221;#ffffff&#8221; border_style_all=&#8221;solid&#8221; \/][\/et_pb_section][et_pb_section bb_built=&#8221;1&#8243; fullwidth=&#8221;off&#8221; specialty=&#8221;off&#8221;][et_pb_row background_position=&#8221;top_left&#8221; background_repeat=&#8221;repeat&#8221; background_size=&#8221;initial&#8221;][et_pb_column type=&#8221;1_4&#8243;][et_pb_sidebar area=&#8221;sidebar-1&#8243; orientation=&#8221;left&#8221; remove_border=&#8221;off&#8221; background_layout=&#8221;light&#8221; show_border=&#8221;on&#8221; _builder_version=&#8221;3.0.89&#8243; \/][\/et_pb_column][et_pb_column type=&#8221;1_2&#8243;][et_pb_text background_layout=&#8221;light&#8221; use_border_color=&#8221;off&#8221; background_position=&#8221;top_left&#8221; background_repeat=&#8221;repeat&#8221; background_size=&#8221;initial&#8221; _builder_version=&#8221;3.0.90&#8243;]<\/p>\n<h3><strong>La sue santa reliquie<br \/>\n<\/strong><\/h3>\n<h3 style=\"text-align: justify;\"><strong>\u00a0<\/strong><\/h3>\n<p style=\"text-align: justify;\">Le reliquie dei santi e dei martiri sono venerate nella Chiesa fin dalle origini,\u00a0 poich\u00e9 i martiri, uniti a Lui nella morte, saranno i primi nella risurrezione finale. Le loro reliquie ci ricordano il trionfo del bene, dell\u2019amore, del perdono e dell\u2019umilt\u00e0, e ci dimostrano che i santi sono di carne e ossa e che, nonostante i propri limiti, le difficolt\u00e0 e le persecuzioni, \u00e8 possibile vivere in pienezza il Vangelo.<\/p>\n<p style=\"text-align: justify;\"><strong>Secondo la testimonianza del medico legale Dott. Delfino Mart\u00ed Fosar, il corpo della beata Maria Guadalupe fu trovato atrocemente seviziato: \u201cEra ancora distesa, scoperta dalla cintura in gi\u00f9, con le gambe divaricate e appariva uno sparo di fucile nella zona dei genitali\u201d<\/strong>. Il becchino, Sig Vicente Peris Vila, ci ha lasciato altri dettagli sulle orribili sevizie subite dalla martire per amore di Cristo: \u201cNel rimuoverla e nel rialzare il corpo, usc\u00ec abbondante sangue dalla ferita aperta sul petto e alla spalla (&#8230;) Le ferite che aveva a causa dello sparo che aveva attraversato le tempie, perdevano poco sangue: \u00e8 possibile che si trattasse del colpo di grazia\u201d. Questa testimonianza fu confermata dall\u2019ultima analisi compiuta sulle ossa della beata, da cui risultano ferite da pallottola nel cranio e nell\u2019anca; da una di queste perforazioni \u00e8 stato estratto un proiettile che ora si conserva insieme ai resti della Beata.<\/p>\n<p style=\"text-align: justify;\">Prima dell\u2019ultima uscita forzata dalla clausura nel 1936, la beata Maria Guadalupe, nel corso di una conversazione in cui si commentavano le allarmanti notizie sulla morte di sacerdoti e religiose, disse:<\/p>\n<ul>\n<li style=\"text-align: justify;\">\u00bfChi sar\u00e0 la eletta? \u00bfChi trascineranno per la citt\u00e0?<\/li>\n<\/ul>\n<p style=\"text-align: justify;\">Una sorella rispose: \u201cIo chiederei che mi sparino alle spalle!\u201d; Madre Guadalupe, con fervore ed entusiasmo, disse:<\/p>\n<ul>\n<li style=\"text-align: justify;\"><strong>Io, invece, direi loro che mi sparino di fronte.<\/strong><\/li>\n<\/ul>\n<p style=\"text-align: justify;\">E cos\u00ec fu, senza dare le spalle a Cristo, ella offr\u00ec liberamente la sua vita come vittima di amore.<\/p>\n<p style=\"text-align: justify;\">I suoi resti mortali riposano nel monastero di Al Piede della Croce, a Mislata, in un sepolcro benedetto da fra Hubert M\u00aa Moons, allora Priore Generale dell\u2019Ordine dei Servi di Maria, in occasione dei festeggiamenti per la beatificazione di Sr Maria Guadalupe. Si conservano, inoltre, parte del vestito e della sottoveste che indossava al momento del martirio, insieme ad alcuni oggetti personali come un rosario, un libro di preghiere, ecc.<\/p>\n<p style=\"text-align: justify;\">Al Santo Padre\u00a0 fu offerta una reliquia, specificamente una falange, assieme alle altre reliquie degli altri martiri beatificati insieme a Sr Maria Guadalupe.Nel 125\u00b0 anniversario della sua nascita sono state stampate delle immagini\u00a0 con reliquie di contatto, cio\u00e8, con un frammento delle stoffe che avvolsero le sue sante ossa durante il loro riconoscimento.<\/p>\n<p>[\/et_pb_text][\/et_pb_column][et_pb_column type=&#8221;1_4&#8243;][et_pb_image src=&#8221;https:\/\/www.madreguadalupe.com\/wp-content\/uploads\/2017\/05\/blanco-3.jpg&#8221; show_in_lightbox=&#8221;off&#8221; url_new_window=&#8221;off&#8221; use_overlay=&#8221;off&#8221; sticky=&#8221;off&#8221; align=&#8221;center&#8221; always_center_on_mobile=&#8221;on&#8221; use_border_color=&#8221;off&#8221; border_color=&#8221;#ffffff&#8221; border_style=&#8221;solid&#8221; force_fullwidth=&#8221;off&#8221; animation=&#8221;off&#8221; show_bottom_space=&#8221;on&#8221; animation_style=&#8221;none&#8221; animation_duration=&#8221;1000ms&#8221; animation_intensity_slide=&#8221;50%&#8221; \/][et_pb_image src=&#8221;https:\/\/www.madreguadalupe.com\/wp-content\/uploads\/2017\/05\/1.-Reliquias.jpg&#8221; show_in_lightbox=&#8221;off&#8221; url_new_window=&#8221;off&#8221; use_overlay=&#8221;off&#8221; sticky=&#8221;off&#8221; align=&#8221;center&#8221; always_center_on_mobile=&#8221;on&#8221; use_border_color=&#8221;off&#8221; border_color=&#8221;#ffffff&#8221; border_style=&#8221;solid&#8221; force_fullwidth=&#8221;off&#8221; animation=&#8221;off&#8221; show_bottom_space=&#8221;on&#8221; animation_style=&#8221;none&#8221; animation_duration=&#8221;1000ms&#8221; animation_intensity_slide=&#8221;50%&#8221; \/][et_pb_image src=&#8221;https:\/\/www.madreguadalupe.com\/wp-content\/uploads\/2017\/05\/blanco-1.jpg&#8221; show_in_lightbox=&#8221;off&#8221; url_new_window=&#8221;off&#8221; use_overlay=&#8221;off&#8221; sticky=&#8221;off&#8221; align=&#8221;left&#8221; always_center_on_mobile=&#8221;on&#8221; use_border_color=&#8221;off&#8221; border_color=&#8221;#ffffff&#8221; border_style=&#8221;solid&#8221; force_fullwidth=&#8221;off&#8221; animation=&#8221;left&#8221; animation_direction=&#8221;left&#8221; show_bottom_space=&#8221;on&#8221; animation_style=&#8221;slide&#8221; animation_duration=&#8221;500ms&#8221; animation_intensity_slide=&#8221;10%&#8221; \/][et_pb_testimonial url_new_window=&#8221;off&#8221; quote_icon=&#8221;on&#8221; use_background_color=&#8221;on&#8221; background_color=&#8221;#ffffff&#8221; background_layout=&#8221;light&#8221; text_orientation=&#8221;center&#8221; use_border_color=&#8221;on&#8221; body_text_color=&#8221;#993333&#8243; quote_icon_color=&#8221;#993333&#8243; border_color_all=&#8221;#993333&#8243; background_position=&#8221;top_left&#8221; background_repeat=&#8221;repeat&#8221; background_size=&#8221;initial&#8221; border_width_all=&#8221;2px&#8221; _builder_version=&#8221;3.0.90&#8243; quote_icon_background_color=&#8221;#f5f5f5&#8243;]<\/p>\n<p style=\"text-align: center;\"><em><br \/>\nIl suoi resti riposano<\/em><br \/>\n<em>nel monastero<\/em><br \/>\n<em> <strong>Ai Piedi della Croce <\/strong><\/em><br \/>\n<em> Mislata (Valencia)<\/em><\/p>\n<p>[\/et_pb_testimonial][\/et_pb_column][\/et_pb_row][\/et_pb_section]<\/p>\n","protected":false},"excerpt":{"rendered":"<p>La sue santa reliquie \u00a0 Le reliquie dei santi e dei martiri sono venerate nella Chiesa fin dalle origini,\u00a0 poich\u00e9 i martiri, uniti a Lui nella morte, saranno i primi nella risurrezione finale. Le loro reliquie ci ricordano il trionfo del bene, dell\u2019amore, del perdono e dell\u2019umilt\u00e0, e ci dimostrano che i santi sono di [&hellip;]<\/p>\n","protected":false},"author":2,"featured_media":0,"parent":0,"menu_order":0,"comment_status":"closed","ping_status":"closed","template":"","meta":{"_et_pb_use_builder":"on","_et_pb_old_content":"","_et_gb_content_width":"","footnotes":""},"class_list":["post-1754","page","type-page","status-publish","hentry"],"_links":{"self":[{"href":"https:\/\/www.madreguadalupe.com\/it\/wp-json\/wp\/v2\/pages\/1754","targetHints":{"allow":["GET"]}}],"collection":[{"href":"https:\/\/www.madreguadalupe.com\/it\/wp-json\/wp\/v2\/pages"}],"about":[{"href":"https:\/\/www.madreguadalupe.com\/it\/wp-json\/wp\/v2\/types\/page"}],"author":[{"embeddable":true,"href":"https:\/\/www.madreguadalupe.com\/it\/wp-json\/wp\/v2\/users\/2"}],"replies":[{"embeddable":true,"href":"https:\/\/www.madreguadalupe.com\/it\/wp-json\/wp\/v2\/comments?post=1754"}],"version-history":[{"count":2,"href":"https:\/\/www.madreguadalupe.com\/it\/wp-json\/wp\/v2\/pages\/1754\/revisions"}],"predecessor-version":[{"id":1756,"href":"https:\/\/www.madreguadalupe.com\/it\/wp-json\/wp\/v2\/pages\/1754\/revisions\/1756"}],"wp:attachment":[{"href":"https:\/\/www.madreguadalupe.com\/it\/wp-json\/wp\/v2\/media?parent=1754"}],"curies":[{"name":"wp","href":"https:\/\/api.w.org\/{rel}","templated":true}]}}