{"id":1766,"date":"2017-05-29T17:15:34","date_gmt":"2017-05-29T17:15:34","guid":{"rendered":"http:\/\/www.madreguadalupe.com\/favores-recibidos\/"},"modified":"2019-08-05T13:32:24","modified_gmt":"2019-08-05T13:32:24","slug":"favores-recibidos","status":"publish","type":"page","link":"https:\/\/www.madreguadalupe.com\/it\/favores-recibidos\/","title":{"rendered":"LA SUA INTERCESSIONE"},"content":{"rendered":"<p>[et_pb_section bb_built=&#8221;1&#8243; fullwidth=&#8221;on&#8221; specialty=&#8221;off&#8221; next_background_color=&#8221;#000000&#8243;][et_pb_fullwidth_image src=&#8221;https:\/\/www.madreguadalupe.com\/wp-content\/uploads\/2017\/11\/cabecera_LIRIO_ROJO-copia.jpg&#8221; show_in_lightbox=&#8221;off&#8221; url_new_window=&#8221;off&#8221; use_overlay=&#8221;off&#8221; use_border_color=&#8221;off&#8221; border_color=&#8221;#ffffff&#8221; border_style=&#8221;solid&#8221; animation=&#8221;off&#8221; _builder_version=&#8221;3.0.89&#8243; animation_direction=&#8221;off&#8221; border_color_all=&#8221;#ffffff&#8221; border_style_all=&#8221;solid&#8221; \/][\/et_pb_section][et_pb_section bb_built=&#8221;1&#8243; fullwidth=&#8221;off&#8221; specialty=&#8221;off&#8221; prev_background_color=&#8221;#000000&#8243;][et_pb_row background_position=&#8221;top_left&#8221; background_repeat=&#8221;repeat&#8221; background_size=&#8221;initial&#8221;][et_pb_column type=&#8221;1_4&#8243;][et_pb_sidebar area=&#8221;sidebar-1&#8243; orientation=&#8221;left&#8221; remove_border=&#8221;off&#8221; background_layout=&#8221;light&#8221; show_border=&#8221;on&#8221; \/][\/et_pb_column][et_pb_column type=&#8221;1_2&#8243;][et_pb_text use_border_color=&#8221;off&#8221; module_alignment=&#8221;center&#8221; background_position=&#8221;top_left&#8221; background_repeat=&#8221;repeat&#8221; background_size=&#8221;initial&#8221; _builder_version=&#8221;3.10.2&#8243;]<\/p>\n<h3 style=\"text-align: left;\"><strong>La sua intercessione dal cielo<\/strong><\/h3>\n<h3 style=\"text-align: justify;\"><strong>\u00a0<\/strong><\/h3>\n<p style=\"text-align: justify;\">Sebbene, a motivo del suo martirio non sia stato necessario presentare, per la beatificazione, alcun miracolo attribuito all\u2019intercessione della Beata,\u00a0 esso \u00e8 invece obbligatorio per la dichiarazione canonica circa la sua santit\u00e0, cio\u00e8 per la canonizzazione, che tutti auspichiamo. Per questo confidiamo che il Signore ascolti le preghiere che, per mezzo della Madre Guadalupe, Gli sono presentate dai suoi devoti, e conceda il miracolo necessario affinch\u00e9 possiamo vederla presto canonizzata.<\/p>\n<p style=\"text-align: justify;\">Tutte le grazie e i favori ottenuti per l\u2019intercessione della Beata Maria Guadalupe sono allegati alla sua Causa, e per questa ragione la Postulazione ringrazia tutti coloro che, con una relazione fedele comunicano le grazie chieste e ottenute. Parimenti ringrazia tutti coloro che, con le proprie offerte, rendono possibile questa Pagina Web e consentono l\u2019edizione di immagini e foglietti per diffondere la devozione alla Martire e per far conoscere l\u2019ammirevole testimonianza del suo amore a Cristo e alla Madre Addolorata. <strong>Abbiamo molto bisogno del suo aiuto.<\/strong><\/p>\n<p>Le offerte possono essere inviate a\u00a0BANCO SANTANDER<\/p>\n<p style=\"text-align: center;\"><strong>IBAN\u00a0 ES36 0049 0059 8628 9156 8774<\/strong><\/p>\n<p>Titolare: Siervos de Mar\u00eda.<br \/>\nPer inviare donazioni al di fuori della Spagna:<\/p>\n<p style=\"text-align: center;\">Codice SWIFT: BSCHESMM<\/p>\n<p>&nbsp;<\/p>\n<h3 style=\"text-align: center;\">GRAZIE BEATA MARIA GUADALUPE<br \/>\nPER LA GRAZIA\u00a0 RICEVUTA<br \/>\nPER MEZZO DELLA LA TUA CELESTE INTERCESSIONE!<\/h3>\n<p>&nbsp;<\/p>\n<p>\u00c8 quindi possibile condividere le grazie ricevute o leggere i ringraziamenti di altri devoti:<\/p>\n<p>[\/et_pb_text][\/et_pb_column][et_pb_column type=&#8221;1_4&#8243;][et_pb_image show_in_lightbox=&#8221;off&#8221; url_new_window=&#8221;off&#8221; use_overlay=&#8221;off&#8221; sticky=&#8221;off&#8221; align=&#8221;center&#8221; always_center_on_mobile=&#8221;on&#8221; use_border_color=&#8221;off&#8221; border_color=&#8221;#ffffff&#8221; border_style=&#8221;solid&#8221; force_fullwidth=&#8221;off&#8221; animation=&#8221;off&#8221; src=&#8221;https:\/\/www.madreguadalupe.com\/wp-content\/uploads\/2017\/05\/blanco-1.jpg&#8221; show_bottom_space=&#8221;on&#8221; animation_style=&#8221;none&#8221; animation_duration=&#8221;1000ms&#8221; animation_intensity_slide=&#8221;50%&#8221; \/][et_pb_image _builder_version=&#8221;3.0.90&#8243; src=&#8221;https:\/\/www.madreguadalupe.com\/wp-content\/uploads\/2017\/05\/1.-Favores-recibidos.jpg&#8221; show_in_lightbox=&#8221;off&#8221; url_new_window=&#8221;off&#8221; use_overlay=&#8221;off&#8221; always_center_on_mobile=&#8221;on&#8221; force_fullwidth=&#8221;off&#8221; show_bottom_space=&#8221;on&#8221; \/][\/et_pb_column][\/et_pb_row][et_pb_row background_position=&#8221;top_left&#8221; background_repeat=&#8221;repeat&#8221; background_size=&#8221;initial&#8221;][et_pb_column type=&#8221;1_4&#8243;][\/et_pb_column][et_pb_column type=&#8221;1_4&#8243;][et_pb_button button_text=&#8221;INSERIRE GRAZIE&#8221; url_new_window=&#8221;on&#8221; button_alignment=&#8221;center&#8221; background_layout=&#8221;light&#8221; custom_button=&#8221;on&#8221; button_icon_placement=&#8221;right&#8221; button_text_size=&#8221;15&#8243; button_bg_color=&#8221;#ffffff&#8221; button_border_color=&#8221;#993333&#8243; button_text_color=&#8221;#993333&#8243; _builder_version=&#8221;3.0.90&#8243; button_url=&#8221;https:\/\/www.madreguadalupe.com\/it\/insertar-favores&#8221; \/][\/et_pb_column][et_pb_column type=&#8221;1_4&#8243;][et_pb_button button_text=&#8221;LEGGERE GRAZIE&#8221; url_new_window=&#8221;on&#8221; button_alignment=&#8221;center&#8221; background_layout=&#8221;light&#8221; custom_button=&#8221;on&#8221; button_icon_placement=&#8221;right&#8221; button_text_size=&#8221;15&#8243; button_bg_color=&#8221;#f5f5f5&#8243; button_border_color=&#8221;#993333&#8243; button_text_color=&#8221;#993333&#8243; _builder_version=&#8221;3.0.90&#8243; button_url=&#8221;https:\/\/www.madreguadalupe.com\/it\/leer-favores&#8221; \/][\/et_pb_column][et_pb_column type=&#8221;1_4&#8243;][\/et_pb_column][\/et_pb_row][\/et_pb_section]<\/p>\n","protected":false},"excerpt":{"rendered":"<p>La sua intercessione dal cielo \u00a0 Sebbene, a motivo del suo martirio non sia stato necessario presentare, per la beatificazione, alcun miracolo attribuito all\u2019intercessione della Beata,\u00a0 esso \u00e8 invece obbligatorio per la dichiarazione canonica circa la sua santit\u00e0, cio\u00e8 per la canonizzazione, che tutti auspichiamo. Per questo confidiamo che il Signore ascolti le preghiere che, [&hellip;]<\/p>\n","protected":false},"author":2,"featured_media":0,"parent":0,"menu_order":0,"comment_status":"closed","ping_status":"closed","template":"","meta":{"_et_pb_use_builder":"on","_et_pb_old_content":"","_et_gb_content_width":"","footnotes":""},"class_list":["post-1766","page","type-page","status-publish","hentry"],"_links":{"self":[{"href":"https:\/\/www.madreguadalupe.com\/it\/wp-json\/wp\/v2\/pages\/1766","targetHints":{"allow":["GET"]}}],"collection":[{"href":"https:\/\/www.madreguadalupe.com\/it\/wp-json\/wp\/v2\/pages"}],"about":[{"href":"https:\/\/www.madreguadalupe.com\/it\/wp-json\/wp\/v2\/types\/page"}],"author":[{"embeddable":true,"href":"https:\/\/www.madreguadalupe.com\/it\/wp-json\/wp\/v2\/users\/2"}],"replies":[{"embeddable":true,"href":"https:\/\/www.madreguadalupe.com\/it\/wp-json\/wp\/v2\/comments?post=1766"}],"version-history":[{"count":13,"href":"https:\/\/www.madreguadalupe.com\/it\/wp-json\/wp\/v2\/pages\/1766\/revisions"}],"predecessor-version":[{"id":2667,"href":"https:\/\/www.madreguadalupe.com\/it\/wp-json\/wp\/v2\/pages\/1766\/revisions\/2667"}],"wp:attachment":[{"href":"https:\/\/www.madreguadalupe.com\/it\/wp-json\/wp\/v2\/media?parent=1766"}],"curies":[{"name":"wp","href":"https:\/\/api.w.org\/{rel}","templated":true}]}}