{"id":2599,"date":"2018-07-25T10:21:43","date_gmt":"2018-07-25T10:21:43","guid":{"rendered":"http:\/\/www.madreguadalupe.com\/?page_id=2599"},"modified":"2020-02-02T15:48:57","modified_gmt":"2020-02-02T15:48:57","slug":"aviso-legal-politica-de-privacidad-politica-de-cookies","status":"publish","type":"page","link":"https:\/\/www.madreguadalupe.com\/it\/aviso-legal-politica-de-privacidad-politica-de-cookies\/","title":{"rendered":"AVISO LEGAL"},"content":{"rendered":"<p>[et_pb_section bb_built=&#8221;1&#8243; fullwidth=&#8221;on&#8221; specialty=&#8221;off&#8221; next_background_color=&#8221;#000000&#8243; inner_width=&#8221;90%&#8221; inner_max_width=&#8221;1200px&#8221;][et_pb_fullwidth_image src=&#8221;https:\/\/www.madreguadalupe.com\/wp-content\/uploads\/2017\/11\/cabecera_LIRIO_ROJO-copia.jpg&#8221; show_in_lightbox=&#8221;off&#8221; url_new_window=&#8221;off&#8221; use_overlay=&#8221;off&#8221; use_border_color=&#8221;off&#8221; border_color=&#8221;#ffffff&#8221; border_style=&#8221;solid&#8221; animation=&#8221;off&#8221; _builder_version=&#8221;3.0.89&#8243; border_color_all=&#8221;#ffffff&#8221; animation_direction=&#8221;off&#8221; border_style_all=&#8221;solid&#8221; \/][\/et_pb_section][et_pb_section bb_built=&#8221;1&#8243; fullwidth=&#8221;off&#8221; specialty=&#8221;off&#8221; prev_background_color=&#8221;#000000&#8243; inner_width=&#8221;90%&#8221; inner_max_width=&#8221;1200px&#8221;][et_pb_row][et_pb_column type=&#8221;1_4&#8243; custom_padding__hover=&#8221;|||&#8221; custom_padding=&#8221;|||&#8221;][et_pb_sidebar area=&#8221;sidebar-1&#8243; orientation=&#8221;left&#8221; background_layout=&#8221;light&#8221; header_font=&#8221;|700||||on|||&#8221; show_border=&#8221;on&#8221; _builder_version=&#8221;3.0.95&#8243; body_font=&#8221;|||||on|||&#8221; header_text_shadow_horizontal_length=&#8221;0.08em&#8221; header_text_shadow_vertical_length=&#8221;0.08em&#8221; header_text_shadow_blur_strength=&#8221;0.08em&#8221; body_text_shadow_horizontal_length=&#8221;0.08em&#8221; body_text_shadow_vertical_length=&#8221;0.08em&#8221; body_text_shadow_blur_strength=&#8221;0.08em&#8221; custom_margin=&#8221;0px|0px|0px|0px&#8221; custom_padding=&#8221;0px|0px|0px|0px&#8221; background_color_gradient_start=&#8221;#d8d8d8&#8243; background_color_gradient_end=&#8221;#993333&#8243; text_shadow_horizontal_length=&#8221;0.08em&#8221; text_shadow_vertical_length=&#8221;0.08em&#8221; text_shadow_blur_strength=&#8221;0.08em&#8221; \/][\/et_pb_column][et_pb_column type=&#8221;3_4&#8243; custom_padding__hover=&#8221;|||&#8221; custom_padding=&#8221;|||&#8221;][et_pb_text use_border_color=&#8221;off&#8221; background_position=&#8221;top_left&#8221; background_repeat=&#8221;repeat&#8221; background_size=&#8221;initial&#8221; _builder_version=&#8221;3.27.4&#8243; border_color_all=&#8221;#ffffff&#8221; module_alignment=&#8221;left&#8221; text_text_shadow_horizontal_length=&#8221;text_text_shadow_style,%91object Object%93&#8243; text_text_shadow_horizontal_length_tablet=&#8221;0px&#8221; text_text_shadow_vertical_length=&#8221;text_text_shadow_style,%91object Object%93&#8243; text_text_shadow_vertical_length_tablet=&#8221;0px&#8221; text_text_shadow_blur_strength=&#8221;text_text_shadow_style,%91object Object%93&#8243; text_text_shadow_blur_strength_tablet=&#8221;1px&#8221; link_text_shadow_horizontal_length=&#8221;link_text_shadow_style,%91object Object%93&#8243; link_text_shadow_horizontal_length_tablet=&#8221;0px&#8221; link_text_shadow_vertical_length=&#8221;link_text_shadow_style,%91object Object%93&#8243; link_text_shadow_vertical_length_tablet=&#8221;0px&#8221; link_text_shadow_blur_strength=&#8221;link_text_shadow_style,%91object Object%93&#8243; link_text_shadow_blur_strength_tablet=&#8221;1px&#8221; ul_text_shadow_horizontal_length=&#8221;ul_text_shadow_style,%91object Object%93&#8243; ul_text_shadow_horizontal_length_tablet=&#8221;0px&#8221; ul_text_shadow_vertical_length=&#8221;ul_text_shadow_style,%91object Object%93&#8243; ul_text_shadow_vertical_length_tablet=&#8221;0px&#8221; ul_text_shadow_blur_strength=&#8221;ul_text_shadow_style,%91object Object%93&#8243; ul_text_shadow_blur_strength_tablet=&#8221;1px&#8221; ol_text_shadow_horizontal_length=&#8221;ol_text_shadow_style,%91object Object%93&#8243; ol_text_shadow_horizontal_length_tablet=&#8221;0px&#8221; ol_text_shadow_vertical_length=&#8221;ol_text_shadow_style,%91object Object%93&#8243; ol_text_shadow_vertical_length_tablet=&#8221;0px&#8221; ol_text_shadow_blur_strength=&#8221;ol_text_shadow_style,%91object Object%93&#8243; ol_text_shadow_blur_strength_tablet=&#8221;1px&#8221; quote_text_shadow_horizontal_length=&#8221;quote_text_shadow_style,%91object Object%93&#8243; quote_text_shadow_horizontal_length_tablet=&#8221;0px&#8221; quote_text_shadow_vertical_length=&#8221;quote_text_shadow_style,%91object Object%93&#8243; quote_text_shadow_vertical_length_tablet=&#8221;0px&#8221; quote_text_shadow_blur_strength=&#8221;quote_text_shadow_style,%91object Object%93&#8243; quote_text_shadow_blur_strength_tablet=&#8221;1px&#8221; header_text_shadow_horizontal_length=&#8221;header_text_shadow_style,%91object Object%93&#8243; header_text_shadow_horizontal_length_tablet=&#8221;0px&#8221; header_text_shadow_vertical_length=&#8221;header_text_shadow_style,%91object Object%93&#8243; header_text_shadow_vertical_length_tablet=&#8221;0px&#8221; header_text_shadow_blur_strength=&#8221;header_text_shadow_style,%91object Object%93&#8243; header_text_shadow_blur_strength_tablet=&#8221;1px&#8221; header_2_text_shadow_horizontal_length=&#8221;header_2_text_shadow_style,%91object Object%93&#8243; header_2_text_shadow_horizontal_length_tablet=&#8221;0px&#8221; header_2_text_shadow_vertical_length=&#8221;header_2_text_shadow_style,%91object Object%93&#8243; header_2_text_shadow_vertical_length_tablet=&#8221;0px&#8221; header_2_text_shadow_blur_strength=&#8221;header_2_text_shadow_style,%91object Object%93&#8243; header_2_text_shadow_blur_strength_tablet=&#8221;1px&#8221; header_3_text_shadow_horizontal_length=&#8221;header_3_text_shadow_style,%91object Object%93&#8243; header_3_text_shadow_horizontal_length_tablet=&#8221;0px&#8221; header_3_text_shadow_vertical_length=&#8221;header_3_text_shadow_style,%91object Object%93&#8243; header_3_text_shadow_vertical_length_tablet=&#8221;0px&#8221; header_3_text_shadow_blur_strength=&#8221;header_3_text_shadow_style,%91object Object%93&#8243; header_3_text_shadow_blur_strength_tablet=&#8221;1px&#8221; header_4_text_shadow_horizontal_length=&#8221;header_4_text_shadow_style,%91object Object%93&#8243; header_4_text_shadow_horizontal_length_tablet=&#8221;0px&#8221; header_4_text_shadow_vertical_length=&#8221;header_4_text_shadow_style,%91object Object%93&#8243; header_4_text_shadow_vertical_length_tablet=&#8221;0px&#8221; header_4_text_shadow_blur_strength=&#8221;header_4_text_shadow_style,%91object Object%93&#8243; header_4_text_shadow_blur_strength_tablet=&#8221;1px&#8221; header_5_text_shadow_horizontal_length=&#8221;header_5_text_shadow_style,%91object Object%93&#8243; header_5_text_shadow_horizontal_length_tablet=&#8221;0px&#8221; header_5_text_shadow_vertical_length=&#8221;header_5_text_shadow_style,%91object Object%93&#8243; header_5_text_shadow_vertical_length_tablet=&#8221;0px&#8221; header_5_text_shadow_blur_strength=&#8221;header_5_text_shadow_style,%91object Object%93&#8243; header_5_text_shadow_blur_strength_tablet=&#8221;1px&#8221; header_6_text_shadow_horizontal_length=&#8221;header_6_text_shadow_style,%91object Object%93&#8243; header_6_text_shadow_horizontal_length_tablet=&#8221;0px&#8221; header_6_text_shadow_vertical_length=&#8221;header_6_text_shadow_style,%91object Object%93&#8243; header_6_text_shadow_vertical_length_tablet=&#8221;0px&#8221; header_6_text_shadow_blur_strength=&#8221;header_6_text_shadow_style,%91object Object%93&#8243; header_6_text_shadow_blur_strength_tablet=&#8221;1px&#8221; box_shadow_horizontal_tablet=&#8221;0px&#8221; box_shadow_vertical_tablet=&#8221;0px&#8221; box_shadow_blur_tablet=&#8221;40px&#8221; box_shadow_spread_tablet=&#8221;0px&#8221; z_index_tablet=&#8221;500&#8243;]<\/p>\n<div class=\"et_pb_with_border et_pb_module et_pb_text et_pb_text_0 et_pb_bg_layout_light et_pb_text_align_left\">\n<div class=\"et_pb_text_inner\">\n<div class=\"et_pb_with_border et_pb_module et_pb_text et_pb_text_0 et_pb_bg_layout_light et_pb_text_align_left\">\n<div class=\"et_pb_text_inner\">\n<h2 style=\"text-align: center;\"><span style=\"text-decoration: underline;\"><strong>Aviso Legal &#8211; Pol\u00edtica de Privacidad<\/strong><\/span><\/h2>\n<p>\u00a0<\/p>\n<\/div>\n<\/div>\n<\/div>\n<\/div>\n<h3>\u00a0<\/h3>\n<div class=\"et_pb_with_border et_pb_module et_pb_text et_pb_text_0 et_pb_bg_layout_light et_pb_text_align_left\">\n<div class=\"et_pb_text_inner\">\n<div class=\"et_pb_with_border et_pb_module et_pb_text et_pb_text_0 et_pb_bg_layout_light et_pb_text_align_left\">\n<div class=\"et_pb_text_inner\">\n<h3 style=\"text-align: justify;\">AVISO LEGAL<\/h3>\n<h6 style=\"text-align: justify;\">En cumplimiento a lo establecido en la Ley 34\/2002, de 11 de julio, de servicios de la sociedad de la informaci\u00f3n y de comercio electr\u00f3nico, a continuaci\u00f3n se indican los datos de propiedad del portal de Internet <a href=\"https:\/\/www.madreguadalupe.com\">www.madreguadalupe.com<\/a>, al que est\u00e1n vinculados adem\u00e1s los dominios de madreguadalupe.es y madreguadalupe.org.<\/h6>\n<h6 style=\"text-align: justify;\">Titular: Orden Siervos de Mar\u00eda Provincia de Espa\u00f1a<br \/>Direcci\u00f3n postal: Avenida Miguel Hern\u00e1ndez 11 \u2013 03700 Denia (Alicante)<br \/>Tel\u00e9fono: +34 965 78 04 55<br \/>Email: servitasdenia@gmail.com<br \/>CIF: R-2800164-B<br \/>Datos Registrales: n\u00ba 001858 del Registro de Entidades Religiosas del Ministerio de Justicia.<\/h6>\n<h6 style=\"text-align: justify;\">Responsable: Vicepostulaci\u00f3n Beata Mar\u00eda Guadalupe Ricart Olmos O.S.M.<br \/>Direcci\u00f3n postal: Apartado de correos 107 \u2013 10600 Plasencia (C\u00e1ceres)<br \/>Tel\u00e9fono: +34 927 41 16 85<br \/>Email: vicepostulacion@madreguadalupe.com<\/h6>\n<h6 style=\"text-align: justify;\">El presente aviso legal regula el uso del servicio de este sitio web. Toda persona que acceda a este sitio web se considera usuario del mismo y se compromete al respetuoso cumplimiento de lo que aqu\u00ed se establece, as\u00ed como a cualquier otra disposici\u00f3n legal que fuera de aplicaci\u00f3n.<\/h6>\n<h6 style=\"text-align: justify;\">El responsable del sitio web (en adelante \u201cla Vicepostulaci\u00f3n\u201d) se reserva el derecho a modificar cualquier tipo de informaci\u00f3n que pudiera aparecer en el sitio web, sin que exista obligaci\u00f3n de preaviso o de ponerlo en conocimiento de los usuarios, entendi\u00e9ndose como suficiente con la publicaci\u00f3n en el sitio web.<\/h6>\n<p>\u00a0<\/p>\n<h3 style=\"text-align: justify;\">POL\u00cdTICA DE PRIVACIDAD<\/h3>\n<h6>\u00a0<\/h6>\n<h6 style=\"text-align: justify;\">En cumplimiento del Reglamento Europeo 2016\/679 del Parlamento Europeo, y el Consejo del 27 de abril de 2016, sobre la protecci\u00f3n de las personas f\u00edsicas en lo que respecta a el tratamiento de los datos personales (Reglamento general de protecci\u00f3n de datos, RGPD), ponemos en conocimiento del usuario que al proporcionarnos su informaci\u00f3n est\u00e1 conforme con las condiciones descritas en esta Normativa de Privacidad, y que \u00e9sta puede cambiar con el tiempo o ser actualizada, por lo que le recomendamos encarecidamente revisar continuamente esta p\u00e1gina para asegurarse que est\u00e1 de acuerdo con dichos cambios. \u00daltima actualizaci\u00f3n: Febrero de 2020.<\/h6>\n<h6 style=\"text-align: justify;\">Informamos que los datos personales y fotograf\u00edas, recogidos en esta p\u00e1gina web se podr\u00e1n incorporar y tratar en un fichero propiedad de la Vicepostulaci\u00f3n para sus fines propios y la realizaci\u00f3n de sus actividades, as\u00ed como tambi\u00e9n para otras finalidades: atender las solicitudes de informaci\u00f3n, comentarios o consultas, alta en la Hoja Informativa gratuita, y\/o ponernos en contacto con los usuarios de una forma efectiva.<\/h6>\n<h6 style=\"text-align: justify;\">La Vicepostulaci\u00f3n se compromete a velar por la privacidad de los datos que el usuario libremente facilita al visitar este sitio web siendo la \u00fanica que tiene acceso y control sobre ellos. Por otra parte, los usuarios quedan informados y consienten expresamente a que la Vicepostulaci\u00f3n, como responsable del fichero, pueda tratar y ceder, en su caso, los datos personales, incluidas las fotograf\u00edas, para sus finalidades leg\u00edtimas, exclusivamente a las entidades que participan en las actividades, desarrollo y fin de la Vicepostulaci\u00f3n, as\u00ed como a las personas y entidades directamente relacionadas con la Orden de los Siervos de Mar\u00eda.<\/h6>\n<h6 style=\"text-align: justify;\">Informamos de que en cualquier momento el usuario puede ejercer su derecho de acceso, rectificaci\u00f3n, cancelaci\u00f3n y oposici\u00f3n de sus datos personales incluidos en nuestros\u00a0 ficheros, con arreglo a lo previsto en el Reglamento 2016\/679 del 27 de Abril de Protecci\u00f3n de Datos de Car\u00e1cter Personal, mediante escrito, acompa\u00f1ado de copia de documento oficial que le identifique, dirigido a la Vicepostulaci\u00f3n Beata Mar\u00eda Guadalupe Ricart Olmos O.S.M. Apartado de correos 107 \u2013 10600 Plasencia (C\u00e1ceres), o\u00a0 vicepostulacion@madreguadalupe.com.<\/h6>\n<p>\u00a0<\/p>\n<h3 style=\"text-align: justify;\">USO DE COOKIES<\/h3>\n<h6>\u00a0<\/h6>\n<h6 style=\"text-align: justify;\">El presente Aviso tiene por finalidad informar al usuario sobre las cookies que se utilizan en este sitio web. Mediante la navegaci\u00f3n en este sitio web el usuario presta su consentimiento para el uso de cookies, con la intenci\u00f3n de poder recibir el mejor servicio y facilitar su navegaci\u00f3n en el mismo gracias a la identificaci\u00f3n de las p\u00e1ginas que son visitadas y su frecuencia, entre otras utilidades que proporcionan las cookies.<\/h6>\n<h6 style=\"text-align: justify;\">Una cookie es un peque\u00f1o fragmento de texto que es enviado por el sitio web visitado \u00a0al navegador con la finalidad de solicitar permiso para almacenarse en su ordenador, al aceptar dicho fichero se crea y la cookie sirve entonces para tener informaci\u00f3n respecto al tr\u00e1fico web, y tambi\u00e9n facilita las futuras visitas a la web. Otra funci\u00f3n que tienen las cookies es que con ellas la web puede reconocer al usuario y brindarle un mejor servicio personalizado. Gracias a las cookies este sitio web puede habilitar ciertas funciones y ofrecer seguridad y rapidez, pero no dan acceso a informaci\u00f3n del usuario ni de su ordenador, a menos que el usuario as\u00ed lo quiera y la proporcione directamente, a excepci\u00f3n de la direcci\u00f3n IP, que no est\u00e1 relacionada con su identidad, de acuerdo a lo descrito en este Aviso.<\/h6>\n<h6 style=\"text-align: justify;\">El usuario puede declinar su uso y eliminar las cookies en cualquier momento cambiando la configuraci\u00f3n de su ordenador. Sin embargo si se declina su uso es posible que no pueda utilizar algunos de nuestros servicios.<\/h6>\n<h6 style=\"text-align: justify;\">Las cookies de esta web son usadas por otras empresas que nos ayudan a obtener estad\u00edsticas de las visitas, p\u00e1ginas vistas y dem\u00e1s indicadores de la actividad de nuestra web. En caso de precisar m\u00e1s informaci\u00f3n sobre las cookies utilizadas en este sitio web, el usuario puede remitir un correo electr\u00f3nico a la siguiente direcci\u00f3n: vicepostulacion@madreguadalupe.com.<\/h6>\n<h6 style=\"text-align: justify;\">COOKIES UTILIZADAS EN LA WEB:<\/h6>\n<h6 style=\"text-align: justify;\">A continuaci\u00f3n se identifican las cookies que est\u00e1n siendo utilizadas en este portal as\u00ed como su tipolog\u00eda y funci\u00f3n: Una cookie propia de tipo t\u00e9cnico denominada PHPSESSID necesaria para la correcta navegaci\u00f3n por las p\u00e1ginas web. Cookies de Google Analytics, un servicio de anal\u00edtica web desarrollada por Google, que permite la medici\u00f3n y an\u00e1lisis de la navegaci\u00f3n en las p\u00e1ginas web. En su navegador podr\u00e1 observar 4 cookies de este servicio. Seg\u00fan la tipolog\u00eda anterior se trata de cookies propias, de sesi\u00f3n y de an\u00e1lisis. Puede encontrar m\u00e1s informaci\u00f3n al respecto e inhabilitar el uso de estas cookies en: <a href=\"http:\/\/www.google.es\/intl\/es_ALL\/analytics\/learn\/privacy.html\" target=\"_blank\" rel=\"noopener noreferrer\">http:\/\/www.google.es\/intl\/es_ALL\/analytics\/learn\/privacy.html<\/a> A trav\u00e9s de la anal\u00edtica web no se obtiene informaci\u00f3n sobre sus datos personales garantizando la tutela de la privacidad de las personas que navegan por la web. La informaci\u00f3n que se obtiene es la relativa al n\u00famero de usuarios que acceden a la web, el n\u00famero de p\u00e1ginas vistas, la frecuencia y repetici\u00f3n de las visitas, su duraci\u00f3n, el navegador utilizado, el operador que presta el servicio, el idioma, el terminal que utiliza, o la ciudad a la que est\u00e1 asignada su direcci\u00f3n IP. Informaci\u00f3n que posibilita un mejor y m\u00e1s apropiado servicio por parte de este portal.<\/h6>\n<h6 style=\"text-align: justify;\">C\u00d3MO MODIFICAR LA CONFIGURACI\u00d3N DE LAS COOKIES:<\/h6>\n<h6 style=\"text-align: justify;\">Usted puede restringir, bloquear o borrar las cookies de este sitio o cualquier otra p\u00e1gina web, utilizando su navegador. En cada navegador la operativa diferente, la funci\u00f3n de Ayuda le mostrar\u00e1 c\u00f3mo hacerlo.<\/h6>\n<h6 style=\"text-align: justify;\">\u2022\u00a0<a href=\"https:\/\/support.microsoft.com\/en-us\/help\/17442\/windows-internet-explorer-delete-manage-cookies#ie=ie-10\" target=\"_blank\" rel=\"noopener noreferrer\">Internet Explorer<\/a><br \/>\u2022\u00a0<a href=\"https:\/\/support.mozilla.org\/es\/kb\/Borrar%20cookies\" target=\"_blank\" rel=\"noopener noreferrer\">Firefox<\/a><br \/>\u2022\u00a0<a href=\"https:\/\/support.google.com\/chrome\/answer\/95647?hl=es\" target=\"_blank\" rel=\"noopener noreferrer\">Chrome<\/a><br \/>\u2022 <a href=\"https:\/\/www.youtube.com\/watch?v=gdfxTPW8eOo\" target=\"_blank\" rel=\"noopener noreferrer\">video para configurar el navegador CHROME<\/a><\/h6>\n<p>\u00a0<\/p>\n<h3 style=\"text-align: justify;\">FORMULARIO DE INSERCI\u00d3N DE DATOS<\/h3>\n<h6>\u00a0<\/h6>\n<h6 style=\"text-align: justify;\">El formulario de introducci\u00f3n de datos, de car\u00e1cter obligatorio, para comunicar favores recibidos est\u00e1 concebido de conformidad con lo dispuesto en el art\u00edculo 5. 2) de la Ley Org\u00e1nica 15\/1999, de 13 de diciembre, de Protecci\u00f3n de Datos de Car\u00e1cter Personal, y tiene como objeto la recogida de datos personales del usuario, que debidamente informado, libre y voluntariamente, aceptando participar de los fines propios de la Vicepostulaci\u00f3n cede expresamente la informaci\u00f3n requerida.<\/h6>\n<h6 style=\"text-align: justify;\">Los datos de car\u00e1cter personal que el usuario facilita a trav\u00e9s de dicho formulario son enviados por correo electr\u00f3nico exclusivamente a la Vicepostulaci\u00f3n. Tales datos quedan registrados y debidamente custodiados en el fichero de la Vicepostulaci\u00f3n seg\u00fan lo descrito arriba en la normativa de privacidad. El env\u00edo del formulario presupone el consentimiento del usuario para la publicaci\u00f3n de la informaci\u00f3n facilitada seg\u00fan los fines de la Vicepostulaci\u00f3n de la Causa de Canonizaci\u00f3n de la Beata Mar\u00eda Guadalupe Ricart Olmos O.S.M., como son entre otros: la difusi\u00f3n de su devoci\u00f3n entre los fieles cat\u00f3licos, documentar la Causa y el env\u00edo de informaci\u00f3n relativa a la misma. La Vicepostulaci\u00f3n se reserva el derecho de usar o descartar, \u00edntegra o parcialmente, la informaci\u00f3n cedida para el desarrollo de su actividad sin que tenga que comunicar y\/o justificar su decisi\u00f3n al usuario informante.<\/h6>\n<p>\u00a0<\/p>\n<h3 style=\"text-align: justify;\">ENLACES A TERCEROS Y REDES SOCIALES<\/h3>\n<h6>\u00a0<\/h6>\n<h6 style=\"text-align: justify;\">Esta pol\u00edtica de privacidad s\u00f3lo es de aplicaci\u00f3n en esta p\u00e1gina web, no se garantiza en los accesos a trav\u00e9s de enlaces con este sitio, ni a los enlaces desde este sitio con otras webs.<\/h6>\n<h6 style=\"text-align: justify;\">Este sitio web contiene enlaces a otros sitios que pueden ser de utilidad para el usuario. Cuando hace clic en esos enlaces el usuario abandona nuestra p\u00e1gina y es redirigido al otro sitio escogido, por lo tanto no somos responsables de los t\u00e9rminos o privacidad ni de la protecci\u00f3n de sus datos en esos otros sitios terceros. Dichos sitios est\u00e1n sujetos a sus propias pol\u00edticas de privacidad por lo cual es recomendable que el usuario los consulte para confirmar que est\u00e1 de acuerdo con estas.<\/h6>\n<\/div>\n<\/div>\n<\/div>\n<\/div>\n<p>[\/et_pb_text][\/et_pb_column][\/et_pb_row][\/et_pb_section]<\/p>\n","protected":false},"excerpt":{"rendered":"<p><div class=\"et_pb_row et_pb_row_0 et_pb_row_empty\">\n\t\t\t\t\n\t\t\t\t\n\t\t\t\t\n\t\t\t\t\n\t\t\t\t\n\t\t\t<\/div> Aviso Legal &#8211; Pol\u00edtica de Privacidad\u00a0\u00a0AVISO LEGALEn cumplimiento a lo establecido en la Ley 34\/2002, de 11 de julio, de servicios de la sociedad de la informaci\u00f3n y de comercio electr\u00f3nico, a continuaci\u00f3n se indican los datos de propiedad del portal de Internet www.madreguadalupe.com, al que est\u00e1n vinculados adem\u00e1s los dominios de madreguadalupe.es y [&hellip;]<\/p>\n","protected":false},"author":1,"featured_media":0,"parent":0,"menu_order":0,"comment_status":"closed","ping_status":"closed","template":"","meta":{"_et_pb_use_builder":"on","_et_pb_old_content":"","_et_gb_content_width":"","footnotes":""},"class_list":["post-2599","page","type-page","status-publish","hentry"],"_links":{"self":[{"href":"https:\/\/www.madreguadalupe.com\/it\/wp-json\/wp\/v2\/pages\/2599","targetHints":{"allow":["GET"]}}],"collection":[{"href":"https:\/\/www.madreguadalupe.com\/it\/wp-json\/wp\/v2\/pages"}],"about":[{"href":"https:\/\/www.madreguadalupe.com\/it\/wp-json\/wp\/v2\/types\/page"}],"author":[{"embeddable":true,"href":"https:\/\/www.madreguadalupe.com\/it\/wp-json\/wp\/v2\/users\/1"}],"replies":[{"embeddable":true,"href":"https:\/\/www.madreguadalupe.com\/it\/wp-json\/wp\/v2\/comments?post=2599"}],"version-history":[{"count":8,"href":"https:\/\/www.madreguadalupe.com\/it\/wp-json\/wp\/v2\/pages\/2599\/revisions"}],"predecessor-version":[{"id":3220,"href":"https:\/\/www.madreguadalupe.com\/it\/wp-json\/wp\/v2\/pages\/2599\/revisions\/3220"}],"wp:attachment":[{"href":"https:\/\/www.madreguadalupe.com\/it\/wp-json\/wp\/v2\/media?parent=2599"}],"curies":[{"name":"wp","href":"https:\/\/api.w.org\/{rel}","templated":true}]}}