{"id":1787,"date":"2017-05-25T17:52:53","date_gmt":"2017-05-25T17:52:53","guid":{"rendered":"http:\/\/www.madreguadalupe.com\/infancia\/"},"modified":"2018-07-24T07:05:06","modified_gmt":"2018-07-24T07:05:06","slug":"infancia","status":"publish","type":"page","link":"https:\/\/www.madreguadalupe.com\/pt-pt\/","title":{"rendered":"INF\u00c2NCIA"},"content":{"rendered":"<p>[et_pb_section bb_built=&#8221;1&#8243; fullwidth=&#8221;on&#8221; specialty=&#8221;off&#8221; next_background_color=&#8221;#000000&#8243;][et_pb_fullwidth_image src=&#8221;https:\/\/www.madreguadalupe.com\/wp-content\/uploads\/2017\/11\/cabecera_LIRIO_ROJO-copia.jpg&#8221; show_in_lightbox=&#8221;off&#8221; url_new_window=&#8221;off&#8221; use_overlay=&#8221;off&#8221; use_border_color=&#8221;off&#8221; border_color=&#8221;#ffffff&#8221; border_style=&#8221;solid&#8221; animation=&#8221;off&#8221; _builder_version=&#8221;3.0.89&#8243; border_color_all=&#8221;#ffffff&#8221; animation_direction=&#8221;off&#8221; border_style_all=&#8221;solid&#8221; \/][\/et_pb_section][et_pb_section bb_built=&#8221;1&#8243; fullwidth=&#8221;off&#8221; specialty=&#8221;off&#8221; prev_background_color=&#8221;#000000&#8243;][et_pb_row allow_player_pause=&#8221;off&#8221; parallax=&#8221;off&#8221; parallax_method=&#8221;on&#8221; parallax_1=&#8221;off&#8221; parallax_method_1=&#8221;off&#8221; parallax_2=&#8221;off&#8221; parallax_method_2=&#8221;off&#8221; parallax_3=&#8221;off&#8221; parallax_method_3=&#8221;off&#8221; make_fullwidth=&#8221;off&#8221; use_custom_width=&#8221;off&#8221; width_unit=&#8221;on&#8221; use_custom_gutter=&#8221;off&#8221; make_equal=&#8221;off&#8221; background_position=&#8221;top_left&#8221; background_repeat=&#8221;repeat&#8221; background_size=&#8221;initial&#8221;][et_pb_column type=&#8221;1_4&#8243;][et_pb_sidebar area=&#8221;sidebar-1&#8243; orientation=&#8221;left&#8221; background_layout=&#8221;light&#8221; header_font=&#8221;|700||||on|||&#8221; show_border=&#8221;on&#8221; _builder_version=&#8221;3.0.95&#8243; body_font=&#8221;|||||on|||&#8221; header_text_shadow_horizontal_length=&#8221;0.08em&#8221; header_text_shadow_vertical_length=&#8221;0.08em&#8221; header_text_shadow_blur_strength=&#8221;0.08em&#8221; body_text_shadow_horizontal_length=&#8221;0.08em&#8221; body_text_shadow_vertical_length=&#8221;0.08em&#8221; body_text_shadow_blur_strength=&#8221;0.08em&#8221; custom_margin=&#8221;0px|0px|0px|0px&#8221; custom_padding=&#8221;0px|0px|0px|0px&#8221; background_color_gradient_start=&#8221;#d8d8d8&#8243; background_color_gradient_end=&#8221;#993333&#8243; text_shadow_horizontal_length=&#8221;0.08em&#8221; text_shadow_vertical_length=&#8221;0.08em&#8221; text_shadow_blur_strength=&#8221;0.08em&#8221; \/][\/et_pb_column][et_pb_column type=&#8221;1_2&#8243;][et_pb_text use_border_color=&#8221;off&#8221; background_position=&#8221;top_left&#8221; background_repeat=&#8221;repeat&#8221; background_size=&#8221;initial&#8221; _builder_version=&#8221;3.9&#8243; border_color_all=&#8221;#ffffff&#8221; module_alignment=&#8221;left&#8221;]<\/p>\n<h3><strong>Inf\u00e2ncia e in\u00edcio da adolesc\u00eancia<\/strong><\/h3>\n<p>&nbsp;<\/p>\n<h3><\/h3>\n<p style=\"text-align: justify;\">A bem-aventurada Maria Guadalupe nasceu em 23 de fevereiro de 1881 na rua\u00a0S\u00e3o Pedro na localidade de Albal (foto), a 9 quil\u00f4metros de Val\u00eancia. No baptismo, celebrado nos primeiros dias de vida, recebeu o nome de Maria. Foi a segunda filha de <strong>Francisco Ricart<\/strong> e de <strong>Maria Olmos<\/strong>. Ao primog\u00eanito deram o nome de Jos\u00e9, e a seus irm\u00e3os mais novos, de Ant\u00f3nio e Filomena.<\/p>\n<p style=\"text-align: justify;\">Em 1885 faleceu o pai, v\u00edctima de enfermidade, e a m\u00e3e, tida por todos como uma santa, enfrentou sozinha a tarefa de criar e educar no amor de Deus seus quatro filhos. Desde cedo, Maria assumiu responsabilidades no humilde lar, ajudando a m\u00e3e a cuidar dos irm\u00e3os mais novos e nas tarefas dom\u00e9sticas.<\/p>\n<p style=\"text-align: justify;\">Frequentou o ensino b\u00e1sico no qual foram unanimemente reconhecidas suas capacidades intelectuais. Participou activamente de alguns grupos paroquiais, mostrando grande entusiasmo como membro do coro no qual fez boas amizades. O facto mais significativo ao n\u00edvel espiritual foi sua<strong> Primeira Comunh\u00e3o<\/strong> quando tinha 10 anos de idade.<strong> Isso representou para ela o in\u00edcio de uma rela\u00e7\u00e3o intensa com Jesus Cristo e com o despertar de sua voca\u00e7\u00e3o.<\/strong> Desde ent\u00e3o, a frequ\u00eancia e o modo como participava da Santa Missa e da comunh\u00e3o, chamavam a aten\u00e7\u00e3o de seus parentes e conhecidos, os quais perceberam inclusive mudan\u00e7as no seu car\u00e1ter: de efusivo que era, \u00e0 medida que ela ia crescendo, foi-se transformando aos poucos em moderado, sem perder nunca a alegria e a jovialidade.<\/p>\n<p>&nbsp;<\/p>\n<p style=\"text-align: justify;\"><strong>\u00a0<\/strong><\/p>\n<p>[\/et_pb_text][\/et_pb_column][et_pb_column type=&#8221;1_4&#8243;][et_pb_image src=&#8221;https:\/\/www.madreguadalupe.com\/wp-content\/uploads\/2017\/05\/blanco-2.jpg&#8221; show_in_lightbox=&#8221;off&#8221; url_new_window=&#8221;off&#8221; use_overlay=&#8221;off&#8221; sticky=&#8221;off&#8221; align=&#8221;left&#8221; always_center_on_mobile=&#8221;on&#8221; use_border_color=&#8221;off&#8221; border_color=&#8221;#ffffff&#8221; border_style=&#8221;solid&#8221; force_fullwidth=&#8221;off&#8221; animation=&#8221;left&#8221; animation_direction=&#8221;left&#8221; show_bottom_space=&#8221;on&#8221; animation_style=&#8221;slide&#8221; animation_duration=&#8221;500ms&#8221; animation_intensity_slide=&#8221;10%&#8221; \/][et_pb_image src=&#8221;https:\/\/www.madreguadalupe.com\/wp-content\/uploads\/2017\/05\/2.-Albal.jpg&#8221; show_in_lightbox=&#8221;off&#8221; url_new_window=&#8221;off&#8221; use_overlay=&#8221;off&#8221; sticky=&#8221;off&#8221; align=&#8221;center&#8221; always_center_on_mobile=&#8221;on&#8221; use_border_color=&#8221;off&#8221; border_color=&#8221;#bfbfbf&#8221; border_style=&#8221;solid&#8221; force_fullwidth=&#8221;off&#8221; animation=&#8221;off&#8221; border_width=&#8221;3px&#8221; show_bottom_space=&#8221;on&#8221; animation_style=&#8221;none&#8221; animation_duration=&#8221;1000ms&#8221; animation_intensity_slide=&#8221;50%&#8221; \/][\/et_pb_column][\/et_pb_row][\/et_pb_section]<\/p>\n","protected":false},"excerpt":{"rendered":"<p>Inf\u00e2ncia e in\u00edcio da adolesc\u00eancia &nbsp; A bem-aventurada Maria Guadalupe nasceu em 23 de fevereiro de 1881 na rua\u00a0S\u00e3o Pedro na localidade de Albal (foto), a 9 quil\u00f4metros de Val\u00eancia. No baptismo, celebrado nos primeiros dias de vida, recebeu o nome de Maria. Foi a segunda filha de Francisco Ricart e de Maria Olmos. Ao [&hellip;]<\/p>\n","protected":false},"author":1,"featured_media":0,"parent":0,"menu_order":0,"comment_status":"closed","ping_status":"closed","template":"","meta":{"_et_pb_use_builder":"on","_et_pb_old_content":"","_et_gb_content_width":"","footnotes":""},"class_list":["post-1787","page","type-page","status-publish","hentry"],"_links":{"self":[{"href":"https:\/\/www.madreguadalupe.com\/pt-pt\/wp-json\/wp\/v2\/pages\/1787","targetHints":{"allow":["GET"]}}],"collection":[{"href":"https:\/\/www.madreguadalupe.com\/pt-pt\/wp-json\/wp\/v2\/pages"}],"about":[{"href":"https:\/\/www.madreguadalupe.com\/pt-pt\/wp-json\/wp\/v2\/types\/page"}],"author":[{"embeddable":true,"href":"https:\/\/www.madreguadalupe.com\/pt-pt\/wp-json\/wp\/v2\/users\/1"}],"replies":[{"embeddable":true,"href":"https:\/\/www.madreguadalupe.com\/pt-pt\/wp-json\/wp\/v2\/comments?post=1787"}],"version-history":[{"count":12,"href":"https:\/\/www.madreguadalupe.com\/pt-pt\/wp-json\/wp\/v2\/pages\/1787\/revisions"}],"predecessor-version":[{"id":2546,"href":"https:\/\/www.madreguadalupe.com\/pt-pt\/wp-json\/wp\/v2\/pages\/1787\/revisions\/2546"}],"wp:attachment":[{"href":"https:\/\/www.madreguadalupe.com\/pt-pt\/wp-json\/wp\/v2\/media?parent=1787"}],"curies":[{"name":"wp","href":"https:\/\/api.w.org\/{rel}","templated":true}]}}