{"id":1793,"date":"2017-05-29T17:13:22","date_gmt":"2017-05-29T17:13:22","guid":{"rendered":"http:\/\/www.madreguadalupe.com\/vocacion\/"},"modified":"2018-07-24T07:06:08","modified_gmt":"2018-07-24T07:06:08","slug":"vocacion","status":"publish","type":"page","link":"https:\/\/www.madreguadalupe.com\/pt-pt\/vocacion\/","title":{"rendered":"VOCA\u00c7\u00c3O"},"content":{"rendered":"<p>[et_pb_section bb_built=&#8221;1&#8243; fullwidth=&#8221;on&#8221; specialty=&#8221;off&#8221; next_background_color=&#8221;#000000&#8243;][et_pb_fullwidth_image src=&#8221;https:\/\/www.madreguadalupe.com\/wp-content\/uploads\/2017\/11\/cabecera_LIRIO_ROJO-copia.jpg&#8221; show_in_lightbox=&#8221;off&#8221; url_new_window=&#8221;off&#8221; use_overlay=&#8221;off&#8221; use_border_color=&#8221;off&#8221; border_color=&#8221;#ffffff&#8221; border_style=&#8221;solid&#8221; animation=&#8221;off&#8221; _builder_version=&#8221;3.0.89&#8243; animation_direction=&#8221;off&#8221; border_color_all=&#8221;#ffffff&#8221; border_style_all=&#8221;solid&#8221; \/][\/et_pb_section][et_pb_section bb_built=&#8221;1&#8243; fullwidth=&#8221;off&#8221; specialty=&#8221;off&#8221; prev_background_color=&#8221;#000000&#8243;][et_pb_row background_position=&#8221;top_left&#8221; background_repeat=&#8221;repeat&#8221; background_size=&#8221;initial&#8221;][et_pb_column type=&#8221;1_4&#8243;][et_pb_sidebar area=&#8221;sidebar-1&#8243; orientation=&#8221;left&#8221; remove_border=&#8221;off&#8221; background_layout=&#8221;light&#8221; show_border=&#8221;on&#8221; \/][\/et_pb_column][et_pb_column type=&#8221;1_2&#8243;][et_pb_text use_border_color=&#8221;off&#8221; background_position=&#8221;top_left&#8221; background_repeat=&#8221;repeat&#8221; background_size=&#8221;initial&#8221; _builder_version=&#8221;3.9&#8243;]<\/p>\n<h3><strong>Sua voca\u00e7\u00e3o contemplativa<\/strong><\/h3>\n<h3><\/h3>\n<h3><\/h3>\n<p>&nbsp;<\/p>\n<p style=\"text-align: justify;\">A Primeira Comunh\u00e3o marcou o in\u00edcio do seu caminho vocacional. Na ocasi\u00e3o, um facto inusitado chamou a aten\u00e7\u00e3o do p\u00e1roco, padre Vicente Pastor, o qual fez as meninas que iam comungar a seguinte pergunta:<\/p>\n<ul>\n<li style=\"text-align: justify;\"><strong>Alguma de voc\u00eas deseja doar-se a Deus para ser sua esposa e ser totalmente sua?<\/strong><\/li>\n<\/ul>\n<p style=\"text-align: justify;\">Seguiu-se um momento de sil\u00eancio. Logo, uma m\u00e3o se levantou e uma menina com voz firme respondeu:<\/p>\n<ul>\n<li style=\"text-align: justify;\"><strong>Eu quero!<\/strong><\/li>\n<\/ul>\n<p style=\"text-align: justify;\">Essa menina era Maria Guadalupe Ricart Olmos que, durante toda a vida, entregou-se inteiramente a Deus, dando um testemunho aut\u00eantico de amor a Ele. Anos mais tarde, durante a terr\u00edvel persegui\u00e7\u00e3o, antecipou-se e n\u00e3o escondeu aos seus perseguidores sua voca\u00e7\u00e3o firme:<\/p>\n<ul>\n<li style=\"text-align: justify;\"><strong>\u00a0Sou monja e, se nascesse de novo mil vezes, voltaria a s\u00ea-lo no mosteiro Ao P\u00e9 da Cruz.<\/strong><\/li>\n<\/ul>\n<p style=\"text-align: justify;\">A convic\u00e7\u00e3o de pertencer s\u00f3 a Deus lhe custou um mart\u00edrio cruel. Ela estava feita para ser inteiramente Sua, mas antes tinha que preparar-se para isso.<\/p>\n<p style=\"text-align: justify;\">Depois da Primeira Comunh\u00e3o, seu desejo de consagrar-se inteiramente a Deus foi crescendo cada vez mais. Foi nas frequentes visitas que fazia ao Mosteiro \u201cAl Pie de la Cruz\u201d, das Monjas Servas de Maria de Val\u00eancia, onde sua m\u00e3e tinha uma grande amiga, que ela encontrou sua voca\u00e7\u00e3o na Igreja. Com o consentimento da m\u00e3e e o apoio do P\u00e1roco, ali ingressou com a idade de 15 anos. Sua inequ\u00edvoca percep\u00e7\u00e3o de que Deus a havia escolhido nos deixou um lindo exemplo de maturidade religiosa de uma menina que dava sinais claros de que chegaria a ser uma grande mulher e uma grande crist\u00e3. Enquanto se dirigiam a Val\u00eancia para ingressar no mosteiro, um desconhecido p\u00f4s-se a dizer:<\/p>\n<ul>\n<li style=\"text-align: justify;\"><strong>Est\u00e3o enganando esta menina!<\/strong><\/li>\n<\/ul>\n<p style=\"text-align: justify;\">Ela, sem perder a calma, assim como reagiria no momento do mart\u00edrio, voltou-se para ele e disse:<\/p>\n<p>&nbsp;<\/p>\n<ul>\n<li><strong>Sei muito bem o que estou fazendo, pois \u00e9 Jesus quem me chama. Desde ent\u00e3o, dia ap\u00f3s dia, ela respondeu a Jesus com uma vida pobre, virginal e escondida na clausura at\u00e9 a consuma\u00e7\u00e3o de sua doa\u00e7\u00e3o total no mart\u00edrio.<\/strong><\/li>\n<\/ul>\n<h3 style=\"text-align: justify;\"><strong>\u00a0<\/strong><\/h3>\n<p>[\/et_pb_text][\/et_pb_column][et_pb_column type=&#8221;1_4&#8243;][et_pb_image src=&#8221;https:\/\/www.madreguadalupe.com\/wp-content\/uploads\/2017\/05\/blanco-2.jpg&#8221; show_in_lightbox=&#8221;off&#8221; url_new_window=&#8221;off&#8221; use_overlay=&#8221;off&#8221; sticky=&#8221;off&#8221; align=&#8221;left&#8221; always_center_on_mobile=&#8221;on&#8221; use_border_color=&#8221;off&#8221; border_color=&#8221;#ffffff&#8221; border_style=&#8221;solid&#8221; force_fullwidth=&#8221;off&#8221; animation=&#8221;left&#8221; animation_direction=&#8221;left&#8221; show_bottom_space=&#8221;on&#8221; animation_style=&#8221;slide&#8221; animation_duration=&#8221;500ms&#8221; animation_intensity_slide=&#8221;10%&#8221; \/][et_pb_image src=&#8221;https:\/\/www.madreguadalupe.com\/wp-content\/uploads\/2017\/05\/1.-Vocaci\u00f3n.jpg&#8221; show_in_lightbox=&#8221;off&#8221; url_new_window=&#8221;off&#8221; use_overlay=&#8221;off&#8221; sticky=&#8221;off&#8221; align=&#8221;center&#8221; always_center_on_mobile=&#8221;on&#8221; use_border_color=&#8221;off&#8221; border_color=&#8221;#ffffff&#8221; border_style=&#8221;solid&#8221; force_fullwidth=&#8221;off&#8221; animation=&#8221;off&#8221; show_bottom_space=&#8221;on&#8221; animation_style=&#8221;none&#8221; animation_duration=&#8221;1000ms&#8221; animation_intensity_slide=&#8221;50%&#8221; \/][et_pb_image src=&#8221;https:\/\/www.madreguadalupe.com\/wp-content\/uploads\/2017\/05\/blanco-1.jpg&#8221; show_in_lightbox=&#8221;off&#8221; url_new_window=&#8221;off&#8221; use_overlay=&#8221;off&#8221; sticky=&#8221;off&#8221; align=&#8221;left&#8221; always_center_on_mobile=&#8221;on&#8221; use_border_color=&#8221;off&#8221; border_color=&#8221;#ffffff&#8221; border_style=&#8221;solid&#8221; force_fullwidth=&#8221;off&#8221; animation=&#8221;left&#8221; animation_direction=&#8221;left&#8221; show_bottom_space=&#8221;on&#8221; animation_style=&#8221;slide&#8221; animation_duration=&#8221;500ms&#8221; animation_intensity_slide=&#8221;10%&#8221; \/][et_pb_testimonial url_new_window=&#8221;on&#8221; quote_icon=&#8221;on&#8221; use_background_color=&#8221;on&#8221; background_color=&#8221;#ffffff&#8221; background_layout=&#8221;light&#8221; text_orientation=&#8221;center&#8221; use_border_color=&#8221;on&#8221; body_text_color=&#8221;#993333&#8243; quote_icon_color=&#8221;#993333&#8243; border_color_all=&#8221;#993333&#8243; border_width_all=&#8221;2px&#8221; background_position=&#8221;top_left&#8221; background_repeat=&#8221;repeat&#8221; background_size=&#8221;initial&#8221; _builder_version=&#8221;3.0.90&#8243; quote_icon_background_color=&#8221;#f5f5f5&#8243;]<\/p>\n<p style=\"text-align: center;\"><strong><em>\u00a0<\/em><\/strong><\/p>\n<p id=\"tw-target-text\" class=\"tw-data-text tw-ta tw-text-medium\" dir=\"ltr\" style=\"text-align: center;\" data-placeholder=\"Traducci\u00f3n\"><strong><span lang=\"pt\">\u00c9 Jesus quem<br \/>\n<\/span><\/strong><strong><span lang=\"pt\"> me chama<\/span><\/strong><\/p>\n<p style=\"text-align: center;\"><strong><em>\u00a0<\/em><\/strong><\/p>\n<p>[\/et_pb_testimonial][\/et_pb_column][\/et_pb_row][\/et_pb_section]<\/p>\n","protected":false},"excerpt":{"rendered":"<p>Sua voca\u00e7\u00e3o contemplativa &nbsp; A Primeira Comunh\u00e3o marcou o in\u00edcio do seu caminho vocacional. Na ocasi\u00e3o, um facto inusitado chamou a aten\u00e7\u00e3o do p\u00e1roco, padre Vicente Pastor, o qual fez as meninas que iam comungar a seguinte pergunta: Alguma de voc\u00eas deseja doar-se a Deus para ser sua esposa e ser totalmente sua? Seguiu-se um [&hellip;]<\/p>\n","protected":false},"author":2,"featured_media":0,"parent":0,"menu_order":0,"comment_status":"closed","ping_status":"closed","template":"","meta":{"_et_pb_use_builder":"on","_et_pb_old_content":"","_et_gb_content_width":"","footnotes":""},"class_list":["post-1793","page","type-page","status-publish","hentry"],"_links":{"self":[{"href":"https:\/\/www.madreguadalupe.com\/pt-pt\/wp-json\/wp\/v2\/pages\/1793","targetHints":{"allow":["GET"]}}],"collection":[{"href":"https:\/\/www.madreguadalupe.com\/pt-pt\/wp-json\/wp\/v2\/pages"}],"about":[{"href":"https:\/\/www.madreguadalupe.com\/pt-pt\/wp-json\/wp\/v2\/types\/page"}],"author":[{"embeddable":true,"href":"https:\/\/www.madreguadalupe.com\/pt-pt\/wp-json\/wp\/v2\/users\/2"}],"replies":[{"embeddable":true,"href":"https:\/\/www.madreguadalupe.com\/pt-pt\/wp-json\/wp\/v2\/comments?post=1793"}],"version-history":[{"count":18,"href":"https:\/\/www.madreguadalupe.com\/pt-pt\/wp-json\/wp\/v2\/pages\/1793\/revisions"}],"predecessor-version":[{"id":2547,"href":"https:\/\/www.madreguadalupe.com\/pt-pt\/wp-json\/wp\/v2\/pages\/1793\/revisions\/2547"}],"wp:attachment":[{"href":"https:\/\/www.madreguadalupe.com\/pt-pt\/wp-json\/wp\/v2\/media?parent=1793"}],"curies":[{"name":"wp","href":"https:\/\/api.w.org\/{rel}","templated":true}]}}