{"id":1804,"date":"2017-06-05T12:03:33","date_gmt":"2017-06-05T12:03:33","guid":{"rendered":"http:\/\/www.madreguadalupe.com\/sierva-de-maria\/"},"modified":"2018-07-24T07:06:56","modified_gmt":"2018-07-24T07:06:56","slug":"sierva-de-maria","status":"publish","type":"page","link":"https:\/\/www.madreguadalupe.com\/pt-pt\/sierva-de-maria\/","title":{"rendered":"SERVA DE MAR\u00cdA"},"content":{"rendered":"<p>[et_pb_section bb_built=&#8221;1&#8243; fullwidth=&#8221;on&#8221; specialty=&#8221;off&#8221; next_background_color=&#8221;#000000&#8243;][et_pb_fullwidth_image src=&#8221;https:\/\/www.madreguadalupe.com\/wp-content\/uploads\/2017\/11\/cabecera_LIRIO_ROJO-copia.jpg&#8221; show_in_lightbox=&#8221;off&#8221; url_new_window=&#8221;off&#8221; use_overlay=&#8221;off&#8221; use_border_color=&#8221;off&#8221; border_color=&#8221;#ffffff&#8221; border_style=&#8221;solid&#8221; animation=&#8221;off&#8221; _builder_version=&#8221;3.0.89&#8243; animation_direction=&#8221;off&#8221; border_color_all=&#8221;#ffffff&#8221; border_style_all=&#8221;solid&#8221; \/][\/et_pb_section][et_pb_section bb_built=&#8221;1&#8243; fullwidth=&#8221;off&#8221; specialty=&#8221;off&#8221; prev_background_color=&#8221;#000000&#8243;][et_pb_row allow_player_pause=&#8221;off&#8221; parallax=&#8221;off&#8221; parallax_method=&#8221;on&#8221; parallax_1=&#8221;off&#8221; parallax_method_1=&#8221;off&#8221; parallax_2=&#8221;off&#8221; parallax_method_2=&#8221;off&#8221; parallax_3=&#8221;off&#8221; parallax_method_3=&#8221;off&#8221; make_fullwidth=&#8221;off&#8221; use_custom_width=&#8221;off&#8221; width_unit=&#8221;on&#8221; use_custom_gutter=&#8221;off&#8221; make_equal=&#8221;off&#8221; background_position=&#8221;top_left&#8221; background_repeat=&#8221;repeat&#8221; background_size=&#8221;initial&#8221;][et_pb_column type=&#8221;1_4&#8243;][et_pb_sidebar area=&#8221;sidebar-1&#8243; orientation=&#8221;left&#8221; remove_border=&#8221;off&#8221; background_layout=&#8221;light&#8221; show_border=&#8221;on&#8221; \/][\/et_pb_column][et_pb_column type=&#8221;1_2&#8243;][et_pb_text use_border_color=&#8221;off&#8221; background_position=&#8221;top_left&#8221; background_repeat=&#8221;repeat&#8221; background_size=&#8221;initial&#8221; _builder_version=&#8221;3.9&#8243;]<\/p>\n<h3><strong>Humilde monja Serva de Maria.<\/strong><\/h3>\n<p>&nbsp;<\/p>\n<h3><\/h3>\n<h3><\/h3>\n<p style=\"text-align: justify;\">O mosteiro<strong> \u201cAl Pie de la Cruz\u201d<\/strong> foi fundado em <strong>Val\u00eancia em 1597<\/strong> por algumas monjas provenientes do <strong>Mosteiro das Servas de Maria de Sagunto<\/strong>, segundo o carisma da Ordem dos Servos de Maria (cf. www.siervosdemaria.com ), uma Ordem mendicante do s\u00e9culo XIII, iniciada pelos Sete Santos Fundadores, e cujo ramo feminino tem como m\u00e3e espiritual <strong>Santa Juliana Falconieri<\/strong>. E foi justamente na festa de Santa Juliana do dia <strong>19 de junho de 1897<\/strong>, que Maria Ricart Olmos fez a profiss\u00e3o solene, tomando o nome de <strong>Irm\u00e3 Maria Guadalupe.<\/strong><\/p>\n<p>Enamorada do carisma da Ordem, viveu plenamente os seus valores: <strong>a caridade fraterna e a unidade, a ora\u00e7\u00e3o contemplativa e o servi\u00e7o humilde, o amor e a devo\u00e7\u00e3o \u00e0 Virgem das Dores<\/strong>, em cuja honra rezava com fervor a <strong>Coroa das Sete Dores,<\/strong> identificando-se com os sofrimentos da Virgem Maria. Buscava sempre o recolhimento e praticava a penit\u00eancia f\u00edsica na contempla\u00e7\u00e3o da Paix\u00e3o de Jesus e de sua M\u00e3e ao p\u00e9 da Cruz. <strong>Com seu car\u00e1ter alegre, sua espiritualidade firme e seus dotes de lideran\u00e7a,<\/strong> ocupou o cargo de Mestra de novi\u00e7as de 1928 a 1931, e de <strong>Priora<\/strong>, nos anos dif\u00edceis e confusos de 1931 a 1934. No final do seu mandato de priora, voltou a ser mestra de novi\u00e7as, cargo que ocupou at\u00e9 o seu mart\u00edrio, quando deu \u00e0s coirm\u00e3s o mais importante de todos os seus ensinamentos.<\/p>\n<p style=\"text-align: justify;\">\u00a0Na sua correspond\u00eancia epistolar com a C\u00faria Servita de Roma e com o ber\u00e7o da Ordem em Monte Sen\u00e1rio, sempre mostrou <strong>grande amor a liturgia, a hist\u00f3ria e espiritualidade da Ordem<\/strong>. Sua <strong>humildade<\/strong> destacou-se acima do seu car\u00e1ter e dotes pessoais, considerando-se a si mesma como a <strong>\u201c\u00faltima das Servas de Maria\u201d.<\/strong><\/p>\n<p>[\/et_pb_text][\/et_pb_column][et_pb_column type=&#8221;1_4&#8243;][et_pb_image src=&#8221;https:\/\/www.madreguadalupe.com\/wp-content\/uploads\/2017\/05\/blanco-2.jpg&#8221; show_in_lightbox=&#8221;off&#8221; url_new_window=&#8221;off&#8221; use_overlay=&#8221;off&#8221; sticky=&#8221;off&#8221; align=&#8221;left&#8221; always_center_on_mobile=&#8221;on&#8221; use_border_color=&#8221;off&#8221; border_color=&#8221;#ffffff&#8221; border_style=&#8221;solid&#8221; force_fullwidth=&#8221;off&#8221; animation=&#8221;left&#8221; animation_direction=&#8221;left&#8221; show_bottom_space=&#8221;on&#8221; animation_style=&#8221;slide&#8221; animation_duration=&#8221;500ms&#8221; animation_intensity_slide=&#8221;10%&#8221; \/][et_pb_image src=&#8221;https:\/\/www.madreguadalupe.com\/wp-content\/uploads\/2017\/06\/1.-Sierva-de-Mar\u00eda.jpg&#8221; show_in_lightbox=&#8221;off&#8221; url_new_window=&#8221;off&#8221; use_overlay=&#8221;off&#8221; sticky=&#8221;off&#8221; align=&#8221;left&#8221; always_center_on_mobile=&#8221;on&#8221; use_border_color=&#8221;off&#8221; border_color=&#8221;#ffffff&#8221; border_style=&#8221;solid&#8221; force_fullwidth=&#8221;off&#8221; animation=&#8221;off&#8221; show_bottom_space=&#8221;on&#8221; animation_style=&#8221;none&#8221; animation_duration=&#8221;1000ms&#8221; animation_intensity_slide=&#8221;50%&#8221; \/][et_pb_image src=&#8221;https:\/\/www.madreguadalupe.com\/wp-content\/uploads\/2017\/05\/blanco-1.jpg&#8221; show_in_lightbox=&#8221;off&#8221; url_new_window=&#8221;off&#8221; use_overlay=&#8221;off&#8221; sticky=&#8221;off&#8221; align=&#8221;left&#8221; always_center_on_mobile=&#8221;on&#8221; use_border_color=&#8221;off&#8221; border_color=&#8221;#ffffff&#8221; border_style=&#8221;solid&#8221; force_fullwidth=&#8221;off&#8221; animation=&#8221;left&#8221; animation_direction=&#8221;left&#8221; show_bottom_space=&#8221;on&#8221; animation_style=&#8221;slide&#8221; animation_duration=&#8221;500ms&#8221; animation_intensity_slide=&#8221;10%&#8221; \/][et_pb_testimonial url_new_window=&#8221;off&#8221; quote_icon=&#8221;on&#8221; use_background_color=&#8221;on&#8221; background_color=&#8221;#ffffff&#8221; background_layout=&#8221;light&#8221; text_orientation=&#8221;center&#8221; use_border_color=&#8221;on&#8221; quote_icon_color=&#8221;#993333&#8243; body_text_color=&#8221;#993333&#8243; border_color_all=&#8221;#993333&#8243; border_width_all=&#8221;2px&#8221; background_position=&#8221;top_left&#8221; background_repeat=&#8221;repeat&#8221; background_size=&#8221;initial&#8221; _builder_version=&#8221;3.0.90&#8243; quote_icon_background_color=&#8221;#f5f5f5&#8243;]<\/p>\n<p style=\"text-align: center;\"><em><strong>\u00a0<\/strong><\/em><\/p>\n<p id=\"tw-target-text\" class=\"tw-data-text tw-ta tw-text-medium\" dir=\"ltr\" style=\"text-align: center;\" data-placeholder=\"Traducci\u00f3n\"><strong><span lang=\"pt\">Seria mil vezes freira<br \/>\nno p\u00e9 da cruz<\/span><\/strong><\/p>\n<p>[\/et_pb_testimonial][\/et_pb_column][\/et_pb_row][\/et_pb_section]<\/p>\n","protected":false},"excerpt":{"rendered":"<p>Humilde monja Serva de Maria. &nbsp; O mosteiro \u201cAl Pie de la Cruz\u201d foi fundado em Val\u00eancia em 1597 por algumas monjas provenientes do Mosteiro das Servas de Maria de Sagunto, segundo o carisma da Ordem dos Servos de Maria (cf. www.siervosdemaria.com ), uma Ordem mendicante do s\u00e9culo XIII, iniciada pelos Sete Santos Fundadores, e [&hellip;]<\/p>\n","protected":false},"author":2,"featured_media":0,"parent":0,"menu_order":0,"comment_status":"closed","ping_status":"closed","template":"","meta":{"_et_pb_use_builder":"on","_et_pb_old_content":"","_et_gb_content_width":"","footnotes":""},"class_list":["post-1804","page","type-page","status-publish","hentry"],"_links":{"self":[{"href":"https:\/\/www.madreguadalupe.com\/pt-pt\/wp-json\/wp\/v2\/pages\/1804","targetHints":{"allow":["GET"]}}],"collection":[{"href":"https:\/\/www.madreguadalupe.com\/pt-pt\/wp-json\/wp\/v2\/pages"}],"about":[{"href":"https:\/\/www.madreguadalupe.com\/pt-pt\/wp-json\/wp\/v2\/types\/page"}],"author":[{"embeddable":true,"href":"https:\/\/www.madreguadalupe.com\/pt-pt\/wp-json\/wp\/v2\/users\/2"}],"replies":[{"embeddable":true,"href":"https:\/\/www.madreguadalupe.com\/pt-pt\/wp-json\/wp\/v2\/comments?post=1804"}],"version-history":[{"count":8,"href":"https:\/\/www.madreguadalupe.com\/pt-pt\/wp-json\/wp\/v2\/pages\/1804\/revisions"}],"predecessor-version":[{"id":2548,"href":"https:\/\/www.madreguadalupe.com\/pt-pt\/wp-json\/wp\/v2\/pages\/1804\/revisions\/2548"}],"wp:attachment":[{"href":"https:\/\/www.madreguadalupe.com\/pt-pt\/wp-json\/wp\/v2\/media?parent=1804"}],"curies":[{"name":"wp","href":"https:\/\/api.w.org\/{rel}","templated":true}]}}