{"id":1814,"date":"2017-05-29T17:13:32","date_gmt":"2017-05-29T17:13:32","guid":{"rendered":"http:\/\/www.madreguadalupe.com\/monasterio\/"},"modified":"2018-07-21T11:04:32","modified_gmt":"2018-07-21T11:04:32","slug":"monasterio","status":"publish","type":"page","link":"https:\/\/www.madreguadalupe.com\/pt-pt\/monasterio\/","title":{"rendered":"MOSTEIRO"},"content":{"rendered":"<p>[et_pb_section bb_built=&#8221;1&#8243; fullwidth=&#8221;on&#8221; specialty=&#8221;off&#8221; next_background_color=&#8221;#000000&#8243;][et_pb_fullwidth_image src=&#8221;https:\/\/www.madreguadalupe.com\/wp-content\/uploads\/2017\/11\/cabecera_LIRIO_ROJO-copia.jpg&#8221; show_in_lightbox=&#8221;off&#8221; url_new_window=&#8221;off&#8221; use_overlay=&#8221;off&#8221; use_border_color=&#8221;off&#8221; border_color=&#8221;#ffffff&#8221; border_style=&#8221;solid&#8221; animation=&#8221;off&#8221; _builder_version=&#8221;3.0.89&#8243; animation_direction=&#8221;off&#8221; border_color_all=&#8221;#ffffff&#8221; border_style_all=&#8221;solid&#8221; \/][\/et_pb_section][et_pb_section bb_built=&#8221;1&#8243; fullwidth=&#8221;off&#8221; specialty=&#8221;off&#8221; prev_background_color=&#8221;#000000&#8243;][et_pb_row background_position=&#8221;top_left&#8221; background_repeat=&#8221;repeat&#8221; background_size=&#8221;initial&#8221;][et_pb_column type=&#8221;1_4&#8243;][et_pb_sidebar area=&#8221;sidebar-1&#8243; orientation=&#8221;left&#8221; remove_border=&#8221;off&#8221; background_layout=&#8221;light&#8221; header_text_color=&#8221;#993333&#8243; show_border=&#8221;on&#8221; \/][\/et_pb_column][et_pb_column type=&#8221;1_2&#8243;][et_pb_text use_border_color=&#8221;off&#8221; background_position=&#8221;top_left&#8221; background_repeat=&#8221;repeat&#8221; background_size=&#8221;initial&#8221; _builder_version=&#8221;3.9&#8243;]<\/p>\n<h3><strong>O Mosteiro \u201cAl Pie de la Cruz\u201d<\/strong><\/h3>\n<h3><strong>\u00a0<\/strong><\/h3>\n<p>&nbsp;<\/p>\n<p style=\"text-align: justify;\">O mosteiro que d\u00e1 o nome \u00e0 Rua \u201cAl Pie de la Cruz\u201d, em pleno centro de Val\u00eancia, na \u00e9poca da bem-aventurada Maria Guadalupe, vivia uma intensa e enraizada espiritualidade servita. Era um dos mais conhecidos porque divulgava a devo\u00e7\u00e3o \u00e0 Virgem das Dores e a sua Soledade a p\u00e9 da Cruz. Quando Maria Guadalupe ingressou, a comunidade tinha 25 monjas que haviam assumido as novas Constitui\u00e7\u00f5es de 1928. Viviam com grande austeridade e mantinham-se gra\u00e7as ao trabalho manual das irm\u00e3s e \u00e0s ofertas dos fi\u00e9is.<\/p>\n<p style=\"text-align: justify;\">O mosteiro sofreu os efeitos dos bombardeamentos e conseguiu ser reconstru\u00eddo com o trabalho das irm\u00e3s. Em 1936 foi arrasado, desta feita totalmente, sem chances de recupera\u00e7\u00e3o. Quando terminou a guerra civil, a comunidade das monjas estabeleceu-se num mosteiro novo situado em Mislata, um povoado pr\u00f3ximo \u00e0 Val\u00eancia. S\u00f3 se conseguiram salvar algumas portas do mosteiro primitivo e alguns objectos religiosos. Tudo\u00a0 foi perdido em consequ\u00eancia de saques e inc\u00eandios.<\/p>\n<p style=\"text-align: justify;\">Desde o ano 1940 as monjas Servas de Maria manteram os seus compromisos mon\u00e1sticos servitas exemplarmente em Mislata, at\u00e9 que no ano 2010, por falta de voca\u00e7\u00f5es e a idade avan\u00e7ada das irm\u00e4s, transferiram-se ao convento de Santa Ana da mesma Ordem em Sagunto. Desde ent\u00e3o uma comunidade de frades Servos de Maria mant\u00e9m a vida servita ao P\u00e9 da Cruz onde se custodia o sepulcro da Beata Madre Guadalupe.<\/p>\n<p>&nbsp;<\/p>\n<p>[\/et_pb_text][\/et_pb_column][et_pb_column type=&#8221;1_4&#8243;][et_pb_image src=&#8221;https:\/\/www.madreguadalupe.com\/wp-content\/uploads\/2017\/05\/blanco-2.jpg&#8221; show_in_lightbox=&#8221;off&#8221; url_new_window=&#8221;off&#8221; use_overlay=&#8221;off&#8221; sticky=&#8221;off&#8221; align=&#8221;left&#8221; always_center_on_mobile=&#8221;on&#8221; use_border_color=&#8221;off&#8221; border_color=&#8221;#ffffff&#8221; border_style=&#8221;solid&#8221; force_fullwidth=&#8221;off&#8221; animation=&#8221;left&#8221; animation_direction=&#8221;left&#8221; show_bottom_space=&#8221;on&#8221; animation_style=&#8221;slide&#8221; animation_duration=&#8221;500ms&#8221; animation_intensity_slide=&#8221;10%&#8221; \/][et_pb_image src=&#8221;https:\/\/www.madreguadalupe.com\/wp-content\/uploads\/2017\/05\/1.-Monasterio.jpg&#8221; show_in_lightbox=&#8221;off&#8221; url_new_window=&#8221;off&#8221; use_overlay=&#8221;off&#8221; sticky=&#8221;off&#8221; align=&#8221;left&#8221; always_center_on_mobile=&#8221;on&#8221; use_border_color=&#8221;off&#8221; border_color=&#8221;#ffffff&#8221; border_style=&#8221;solid&#8221; force_fullwidth=&#8221;off&#8221; animation=&#8221;off&#8221; show_bottom_space=&#8221;on&#8221; animation_style=&#8221;none&#8221; animation_duration=&#8221;1000ms&#8221; animation_intensity_slide=&#8221;50%&#8221; \/][\/et_pb_column][\/et_pb_row][\/et_pb_section]<\/p>\n","protected":false},"excerpt":{"rendered":"<p>O Mosteiro \u201cAl Pie de la Cruz\u201d \u00a0 &nbsp; O mosteiro que d\u00e1 o nome \u00e0 Rua \u201cAl Pie de la Cruz\u201d, em pleno centro de Val\u00eancia, na \u00e9poca da bem-aventurada Maria Guadalupe, vivia uma intensa e enraizada espiritualidade servita. Era um dos mais conhecidos porque divulgava a devo\u00e7\u00e3o \u00e0 Virgem das Dores e a [&hellip;]<\/p>\n","protected":false},"author":2,"featured_media":0,"parent":0,"menu_order":0,"comment_status":"closed","ping_status":"closed","template":"","meta":{"_et_pb_use_builder":"on","_et_pb_old_content":"","_et_gb_content_width":"","footnotes":""},"class_list":["post-1814","page","type-page","status-publish","hentry"],"_links":{"self":[{"href":"https:\/\/www.madreguadalupe.com\/pt-pt\/wp-json\/wp\/v2\/pages\/1814","targetHints":{"allow":["GET"]}}],"collection":[{"href":"https:\/\/www.madreguadalupe.com\/pt-pt\/wp-json\/wp\/v2\/pages"}],"about":[{"href":"https:\/\/www.madreguadalupe.com\/pt-pt\/wp-json\/wp\/v2\/types\/page"}],"author":[{"embeddable":true,"href":"https:\/\/www.madreguadalupe.com\/pt-pt\/wp-json\/wp\/v2\/users\/2"}],"replies":[{"embeddable":true,"href":"https:\/\/www.madreguadalupe.com\/pt-pt\/wp-json\/wp\/v2\/comments?post=1814"}],"version-history":[{"count":7,"href":"https:\/\/www.madreguadalupe.com\/pt-pt\/wp-json\/wp\/v2\/pages\/1814\/revisions"}],"predecessor-version":[{"id":2510,"href":"https:\/\/www.madreguadalupe.com\/pt-pt\/wp-json\/wp\/v2\/pages\/1814\/revisions\/2510"}],"wp:attachment":[{"href":"https:\/\/www.madreguadalupe.com\/pt-pt\/wp-json\/wp\/v2\/media?parent=1814"}],"curies":[{"name":"wp","href":"https:\/\/api.w.org\/{rel}","templated":true}]}}