{"id":1818,"date":"2017-05-29T17:13:48","date_gmt":"2017-05-29T17:13:48","guid":{"rendered":"http:\/\/www.madreguadalupe.com\/persecucion-religiosa\/"},"modified":"2018-07-24T07:08:25","modified_gmt":"2018-07-24T07:08:25","slug":"persecucion-religiosa","status":"publish","type":"page","link":"https:\/\/www.madreguadalupe.com\/pt-pt\/persecucion-religiosa\/","title":{"rendered":"PERSEGUI\u00c7\u00c3O RELIGIOSA"},"content":{"rendered":"<p>[et_pb_section bb_built=&#8221;1&#8243; fullwidth=&#8221;on&#8221; specialty=&#8221;off&#8221; next_background_color=&#8221;#000000&#8243;][et_pb_fullwidth_image src=&#8221;https:\/\/www.madreguadalupe.com\/wp-content\/uploads\/2017\/11\/cabecera_LIRIO_ROJO-copia.jpg&#8221; show_in_lightbox=&#8221;off&#8221; url_new_window=&#8221;off&#8221; use_overlay=&#8221;off&#8221; use_border_color=&#8221;off&#8221; border_color=&#8221;#ffffff&#8221; border_style=&#8221;solid&#8221; animation=&#8221;off&#8221; _builder_version=&#8221;3.0.89&#8243; animation_direction=&#8221;off&#8221; border_color_all=&#8221;#ffffff&#8221; border_style_all=&#8221;solid&#8221; \/][\/et_pb_section][et_pb_section bb_built=&#8221;1&#8243; fullwidth=&#8221;off&#8221; specialty=&#8221;off&#8221; prev_background_color=&#8221;#000000&#8243;][et_pb_row background_position=&#8221;top_left&#8221; background_repeat=&#8221;repeat&#8221; background_size=&#8221;initial&#8221;][et_pb_column type=&#8221;1_4&#8243;][et_pb_sidebar area=&#8221;sidebar-1&#8243; orientation=&#8221;left&#8221; remove_border=&#8221;off&#8221; background_layout=&#8221;light&#8221; show_border=&#8221;on&#8221; \/][\/et_pb_column][et_pb_column type=&#8221;1_2&#8243;][et_pb_text use_border_color=&#8221;off&#8221; background_position=&#8221;top_left&#8221; background_repeat=&#8221;repeat&#8221; background_size=&#8221;initial&#8221; _builder_version=&#8221;3.9&#8243;]<\/p>\n<h3><strong>A Persegui\u00e7\u00e3o religiosa<\/strong><\/h3>\n<h3><strong>\u00a0<\/strong><\/h3>\n<h3 style=\"text-align: justify;\"><strong>\u00a0<\/strong><\/h3>\n<p style=\"text-align: justify;\">Nos anos trinta, o radicalismo da intoler\u00e2ncia religiosa e anticlerical recrudesceu em rela\u00e7\u00e3o aos anos anteriores e concretizou-se em saques de bens eclesi\u00e1sticos cada vez mais intensos e sempre impunes, incendiou conventos e igrejas, assassinou\u00a0 sacerdotes, religiosos, religiosas e leigos cat\u00f3licos. Numa Espanha dividida pela guerra civil, a persegui\u00e7\u00e3o religiosa continuou no per\u00edodo republicano e, no final do ver\u00e3o de 1936, chegou-se ao n\u00famero expressivo de 832 assassinatos de pessoas, que perderam a vida pelo \u00fanico motivo de sua f\u00e9 e religi\u00e3o.<\/p>\n<p style=\"text-align: justify;\"><strong>As monjas do mosteiro \u201cAl Pie de la Cruz\u201d, a partir de 1931, tiveram que abandonar a clausura do mosteiro v\u00e1rias vezes e refugiar-se nas casas dos benfeitores e familiares<\/strong>. Nesse clima de perigo e de inseguran\u00e7a, <strong>a bem-aventurada Maria Guadalupe foi eleita Priora.<\/strong> Ela soube animar com sabedoria suas coirm\u00e3s e as orientou a tomar decis\u00f5es marcadas pela prud\u00eancia. Mais tarde, como mestra de novi\u00e7as pela segunda vez, transmitia as jovens, com o exemplo de suas virtudes, seu entusiasmo e entrega incondicional \u00e0 vontade do Pai: <strong>serenidade, paz e certeza de uma vida eterna de comunh\u00e3o com Deus.<\/strong><\/p>\n<p style=\"text-align: justify;\">Em 1936, em pleno ver\u00e3o, por ordem do Sr. Arcebispo, as monjas vestiram roupas civis e abandonaram o mosteiro para, mais uma vez, se refugiarem nas casas dos familiares. Enquanto esteve em Albal, Maria Guadalupe passou as \u00faltimas semanas na casa de sua irm\u00e3 Filomena que morava na \u201cCalle de la Torre\u201d. Apesar do clima de medo provocado pelo assassinato de grande n\u00famero de sacerdotes e freiras, jamais foi vista vacilar ou temer. Pelo contr\u00e1rio, proferia frases repletas de profunda paz e de confian\u00e7a em Deus:<\/p>\n<ul style=\"text-align: justify;\">\n<li><strong>Se dependesse s\u00f3 de mim, eu teria medo; mas eu n\u00e3o confio em mim, mas sim em Deus; se Ele quer que eu seja m\u00e1rtir, me conceder\u00e1 o que necessito para s\u00ea-lo.<\/strong><\/li>\n<\/ul>\n<p style=\"text-align: justify;\">E no momento da prova\u00e7\u00e3o, Deus deu for\u00e7as \u00e0 sua serva fiel que, abandonada em suas m\u00e3os, entregou o esp\u00edrito.<\/p>\n<p>&nbsp;<\/p>\n<p>[\/et_pb_text][\/et_pb_column][et_pb_column type=&#8221;1_4&#8243;][et_pb_image src=&#8221;https:\/\/www.madreguadalupe.com\/wp-content\/uploads\/2017\/05\/blanco-2.jpg&#8221; show_in_lightbox=&#8221;off&#8221; url_new_window=&#8221;off&#8221; use_overlay=&#8221;off&#8221; sticky=&#8221;off&#8221; align=&#8221;left&#8221; always_center_on_mobile=&#8221;on&#8221; use_border_color=&#8221;off&#8221; border_color=&#8221;#ffffff&#8221; border_style=&#8221;solid&#8221; force_fullwidth=&#8221;off&#8221; animation=&#8221;left&#8221; animation_direction=&#8221;left&#8221; show_bottom_space=&#8221;on&#8221; animation_style=&#8221;slide&#8221; animation_duration=&#8221;500ms&#8221; animation_intensity_slide=&#8221;10%&#8221; \/][et_pb_image src=&#8221;https:\/\/www.madreguadalupe.com\/wp-content\/uploads\/2017\/05\/1.-Persecuci\u00f3n-religiosa.jpg&#8221; show_in_lightbox=&#8221;off&#8221; url_new_window=&#8221;off&#8221; use_overlay=&#8221;off&#8221; sticky=&#8221;off&#8221; align=&#8221;left&#8221; always_center_on_mobile=&#8221;on&#8221; use_border_color=&#8221;off&#8221; border_color=&#8221;#ffffff&#8221; border_style=&#8221;solid&#8221; force_fullwidth=&#8221;off&#8221; animation=&#8221;off&#8221; show_bottom_space=&#8221;on&#8221; animation_style=&#8221;none&#8221; animation_duration=&#8221;1000ms&#8221; animation_intensity_slide=&#8221;50%&#8221; \/][et_pb_image src=&#8221;https:\/\/www.madreguadalupe.com\/wp-content\/uploads\/2017\/05\/blanco-1.jpg&#8221; show_in_lightbox=&#8221;off&#8221; url_new_window=&#8221;off&#8221; use_overlay=&#8221;off&#8221; sticky=&#8221;off&#8221; align=&#8221;left&#8221; always_center_on_mobile=&#8221;on&#8221; use_border_color=&#8221;off&#8221; border_color=&#8221;#ffffff&#8221; border_style=&#8221;solid&#8221; force_fullwidth=&#8221;off&#8221; animation=&#8221;left&#8221; animation_direction=&#8221;left&#8221; show_bottom_space=&#8221;on&#8221; animation_style=&#8221;slide&#8221; animation_duration=&#8221;500ms&#8221; animation_intensity_slide=&#8221;10%&#8221; \/][et_pb_testimonial url_new_window=&#8221;off&#8221; quote_icon=&#8221;on&#8221; use_background_color=&#8221;off&#8221; background_layout=&#8221;light&#8221; text_orientation=&#8221;center&#8221; use_border_color=&#8221;on&#8221; body_text_color=&#8221;#993333&#8243; quote_icon_color=&#8221;#993333&#8243; border_color_all=&#8221;#993333&#8243; background_position=&#8221;top_left&#8221; background_repeat=&#8221;repeat&#8221; background_size=&#8221;initial&#8221; border_width_all=&#8221;2px&#8221; _builder_version=&#8221;3.0.90&#8243; quote_icon_background_color=&#8221;#ffffff&#8221;]<\/p>\n<p style=\"text-align: center;\"><em><strong>\u00a0<\/strong><\/em><\/p>\n<p id=\"tw-target-text\" class=\"tw-data-text tw-ta tw-text-small\" dir=\"ltr\" style=\"text-align: center;\" data-placeholder=\"Traducci\u00f3n\"><strong><span lang=\"pt\">Se Deus quiser que<br \/>\neu seja m\u00e1rtir<br \/>\nvai me dar o que<br \/>\neu preciso para ser.<\/span><\/strong><\/p>\n<p>[\/et_pb_testimonial][\/et_pb_column][\/et_pb_row][\/et_pb_section]<\/p>\n","protected":false},"excerpt":{"rendered":"<p>A Persegui\u00e7\u00e3o religiosa \u00a0 \u00a0 Nos anos trinta, o radicalismo da intoler\u00e2ncia religiosa e anticlerical recrudesceu em rela\u00e7\u00e3o aos anos anteriores e concretizou-se em saques de bens eclesi\u00e1sticos cada vez mais intensos e sempre impunes, incendiou conventos e igrejas, assassinou\u00a0 sacerdotes, religiosos, religiosas e leigos cat\u00f3licos. Numa Espanha dividida pela guerra civil, a persegui\u00e7\u00e3o religiosa [&hellip;]<\/p>\n","protected":false},"author":2,"featured_media":0,"parent":0,"menu_order":0,"comment_status":"closed","ping_status":"closed","template":"","meta":{"_et_pb_use_builder":"on","_et_pb_old_content":"","_et_gb_content_width":"","footnotes":""},"class_list":["post-1818","page","type-page","status-publish","hentry"],"_links":{"self":[{"href":"https:\/\/www.madreguadalupe.com\/pt-pt\/wp-json\/wp\/v2\/pages\/1818","targetHints":{"allow":["GET"]}}],"collection":[{"href":"https:\/\/www.madreguadalupe.com\/pt-pt\/wp-json\/wp\/v2\/pages"}],"about":[{"href":"https:\/\/www.madreguadalupe.com\/pt-pt\/wp-json\/wp\/v2\/types\/page"}],"author":[{"embeddable":true,"href":"https:\/\/www.madreguadalupe.com\/pt-pt\/wp-json\/wp\/v2\/users\/2"}],"replies":[{"embeddable":true,"href":"https:\/\/www.madreguadalupe.com\/pt-pt\/wp-json\/wp\/v2\/comments?post=1818"}],"version-history":[{"count":6,"href":"https:\/\/www.madreguadalupe.com\/pt-pt\/wp-json\/wp\/v2\/pages\/1818\/revisions"}],"predecessor-version":[{"id":2549,"href":"https:\/\/www.madreguadalupe.com\/pt-pt\/wp-json\/wp\/v2\/pages\/1818\/revisions\/2549"}],"wp:attachment":[{"href":"https:\/\/www.madreguadalupe.com\/pt-pt\/wp-json\/wp\/v2\/media?parent=1818"}],"curies":[{"name":"wp","href":"https:\/\/api.w.org\/{rel}","templated":true}]}}