{"id":1834,"date":"2017-05-29T17:14:20","date_gmt":"2017-05-29T17:14:20","guid":{"rendered":"http:\/\/www.madreguadalupe.com\/proceso-canonico\/"},"modified":"2018-07-24T07:10:28","modified_gmt":"2018-07-24T07:10:28","slug":"proceso-canonico","status":"publish","type":"page","link":"https:\/\/www.madreguadalupe.com\/pt-pt\/proceso-canonico\/","title":{"rendered":"PROCESSO CAN\u00d4NICO"},"content":{"rendered":"<p>[et_pb_section bb_built=&#8221;1&#8243; fullwidth=&#8221;on&#8221; specialty=&#8221;off&#8221; next_background_color=&#8221;#000000&#8243;][et_pb_fullwidth_image src=&#8221;https:\/\/www.madreguadalupe.com\/wp-content\/uploads\/2017\/11\/cabecera_LIRIO_ROJO-copia.jpg&#8221; show_in_lightbox=&#8221;off&#8221; url_new_window=&#8221;off&#8221; use_overlay=&#8221;off&#8221; use_border_color=&#8221;off&#8221; border_color=&#8221;#ffffff&#8221; border_style=&#8221;solid&#8221; animation=&#8221;off&#8221; _builder_version=&#8221;3.0.90&#8243; animation_direction=&#8221;off&#8221; border_color_all=&#8221;#ffffff&#8221; border_style_all=&#8221;solid&#8221; \/][\/et_pb_section][et_pb_section bb_built=&#8221;1&#8243; fullwidth=&#8221;off&#8221; specialty=&#8221;off&#8221; prev_background_color=&#8221;#000000&#8243;][et_pb_row background_position=&#8221;top_left&#8221; background_repeat=&#8221;repeat&#8221; background_size=&#8221;initial&#8221;][et_pb_column type=&#8221;1_4&#8243;][et_pb_sidebar area=&#8221;sidebar-1&#8243; orientation=&#8221;left&#8221; remove_border=&#8221;off&#8221; background_layout=&#8221;light&#8221; show_border=&#8221;on&#8221; \/][\/et_pb_column][et_pb_column type=&#8221;1_2&#8243;][et_pb_text use_border_color=&#8221;off&#8221; background_position=&#8221;top_left&#8221; background_repeat=&#8221;repeat&#8221; background_size=&#8221;initial&#8221; _builder_version=&#8221;3.9&#8243;]<\/p>\n<h3><strong>O Processo can\u00f4nico<\/strong><\/h3>\n<h3><strong>\u00a0<\/strong><\/h3>\n<h3 style=\"text-align: justify;\"><strong>\u00a0<\/strong><\/h3>\n<p style=\"text-align: justify;\">Sendo t\u00e3o claro e evidente o mart\u00edrio da bem-aventurada Maria Guadalupe e sua resist\u00eancia her\u00f3ica \u00e0 fuga e \u00e0 apostasia, mostrando assim a todos <strong>sua perfeita uni\u00e3o a Cristo e seu amor \u00e0 Virgem das Dores<\/strong>, os familiares n\u00e3o tiveram d\u00favidas de recolher a terra banhada pelo seu sangue, e as monjas, recolhendo seu corpo, suscitaram a esperan\u00e7a de que seu mart\u00edrio seria oficialmente reconhecido pela Igreja.<\/p>\n<p style=\"text-align: justify;\">Uma vez estabelecidas no novo mosteiro de &#8220;Nuestra Se\u00f1ora al Pie de la Cruz&#8221; de Mislata e concretizado o retorno dos Servos de Maria \u00e0 Espanha, gra\u00e7as \u00e0 imola\u00e7\u00e3o de Madre Guadalupe,<strong> em 24 de J<\/strong><strong>aneiro de 1958, em Val\u00eancia, iniciou-se o Processo Can\u00f4nico de Canoniza\u00e7\u00e3o.<\/strong> Colectados os dados sobre o seu mart\u00edrio e reconstru\u00eddo o lugar de sua morte atroz, a Causa esteve longo tempo em estudo na Congrega\u00e7\u00e3o para as Causas dos Santos, assim como outras causas referentes aos m\u00e1rtires espanh\u00f3is, assassinados entre 1936 e 1939, at\u00e9 que, <strong>em 28 de Junho de 1999, a Santa S\u00e9 assinou o Decreto do Mart\u00edrio, a-provando assim sua beatifica\u00e7\u00e3o.<\/strong><\/p>\n<p style=\"text-align: justify;\">No\u00a0<strong>19 de Junho de 2000<\/strong>, na festa de Santa Juliana Falconieri, foi levado a cabo o reconhecimento can\u00f4nico dos seus restos mortais. Depois de exumados e reconhecidos como aut\u00eanticos, foram submetidos a um processo de limpeza e de assepsia para garantir sua conserva\u00e7\u00e3o. Tal processo durou uma semana e encerrou-se com uma Missa solene durante a qual seu sepulcro foi lacrado a espera de sua beatifica\u00e7\u00e3o.<\/p>\n<p style=\"text-align: justify;\"><strong>A Causa da bem-aventurada Maria Guadalupe segue agora seu curso em vista da canoniza\u00e7\u00e3o<\/strong>, enquanto se promove sua devo\u00e7\u00e3o e se divulga a santidade de sua vida e seu admir\u00e1vel testemunho de amor a Cristo e \u00e0 M\u00e3e Dolorosa.<\/p>\n<p>&nbsp;<\/p>\n<p>[\/et_pb_text][\/et_pb_column][et_pb_column type=&#8221;1_4&#8243;][et_pb_image src=&#8221;https:\/\/www.madreguadalupe.com\/wp-content\/uploads\/2017\/05\/blanco-2.jpg&#8221; show_in_lightbox=&#8221;off&#8221; url_new_window=&#8221;off&#8221; use_overlay=&#8221;off&#8221; sticky=&#8221;off&#8221; align=&#8221;left&#8221; always_center_on_mobile=&#8221;on&#8221; use_border_color=&#8221;off&#8221; border_color=&#8221;#ffffff&#8221; border_style=&#8221;solid&#8221; force_fullwidth=&#8221;off&#8221; animation=&#8221;left&#8221; animation_direction=&#8221;left&#8221; show_bottom_space=&#8221;on&#8221; animation_style=&#8221;slide&#8221; animation_duration=&#8221;500ms&#8221; animation_intensity_slide=&#8221;10%&#8221; \/][et_pb_image src=&#8221;https:\/\/www.madreguadalupe.com\/wp-content\/uploads\/2017\/05\/1.-Proceso.jpg&#8221; show_in_lightbox=&#8221;off&#8221; url_new_window=&#8221;off&#8221; use_overlay=&#8221;off&#8221; sticky=&#8221;off&#8221; align=&#8221;center&#8221; always_center_on_mobile=&#8221;on&#8221; use_border_color=&#8221;off&#8221; border_color=&#8221;#ffffff&#8221; border_style=&#8221;solid&#8221; force_fullwidth=&#8221;off&#8221; animation=&#8221;off&#8221; show_bottom_space=&#8221;on&#8221; animation_style=&#8221;none&#8221; animation_duration=&#8221;1000ms&#8221; animation_intensity_slide=&#8221;50%&#8221; \/][et_pb_image src=&#8221;https:\/\/www.madreguadalupe.com\/wp-content\/uploads\/2017\/05\/blanco-1.jpg&#8221; show_in_lightbox=&#8221;off&#8221; url_new_window=&#8221;off&#8221; use_overlay=&#8221;off&#8221; sticky=&#8221;off&#8221; align=&#8221;left&#8221; always_center_on_mobile=&#8221;on&#8221; use_border_color=&#8221;off&#8221; border_color=&#8221;#ffffff&#8221; border_style=&#8221;solid&#8221; force_fullwidth=&#8221;off&#8221; animation=&#8221;left&#8221; animation_direction=&#8221;left&#8221; show_bottom_space=&#8221;on&#8221; animation_style=&#8221;slide&#8221; animation_duration=&#8221;500ms&#8221; animation_intensity_slide=&#8221;10%&#8221; \/][et_pb_testimonial url_new_window=&#8221;off&#8221; quote_icon=&#8221;on&#8221; use_background_color=&#8221;on&#8221; background_color=&#8221;#ffffff&#8221; background_layout=&#8221;light&#8221; text_orientation=&#8221;center&#8221; use_border_color=&#8221;on&#8221; body_text_color=&#8221;#993333&#8243; quote_icon_color=&#8221;#993333&#8243; border_color_all=&#8221;#993333&#8243; background_position=&#8221;top_left&#8221; background_repeat=&#8221;repeat&#8221; background_size=&#8221;initial&#8221; _builder_version=&#8221;3.0.90&#8243; quote_icon_background_color=&#8221;#f5f5f5&#8243; border_width_all_portrait=&#8221;2px&#8221; border_color_all_portrait=&#8221;#993333&#8243; border_width_all=&#8221;2px&#8221;]<\/p>\n<p id=\"tw-target-text\" class=\"tw-data-text tw-ta tw-text-medium\" dir=\"ltr\" style=\"text-align: center;\" data-placeholder=\"Traducci\u00f3n\"><span lang=\"pt\">28 de junho de 1999 <\/span><\/p>\n<p class=\"tw-data-text tw-ta tw-text-medium\" dir=\"ltr\" style=\"text-align: center;\" data-placeholder=\"Traducci\u00f3n\"><span lang=\"pt\">Decreto do mart\u00edrio<\/span><\/p>\n<p>[\/et_pb_testimonial][\/et_pb_column][\/et_pb_row][\/et_pb_section]<\/p>\n","protected":false},"excerpt":{"rendered":"<p>O Processo can\u00f4nico \u00a0 \u00a0 Sendo t\u00e3o claro e evidente o mart\u00edrio da bem-aventurada Maria Guadalupe e sua resist\u00eancia her\u00f3ica \u00e0 fuga e \u00e0 apostasia, mostrando assim a todos sua perfeita uni\u00e3o a Cristo e seu amor \u00e0 Virgem das Dores, os familiares n\u00e3o tiveram d\u00favidas de recolher a terra banhada pelo seu sangue, e [&hellip;]<\/p>\n","protected":false},"author":2,"featured_media":0,"parent":0,"menu_order":0,"comment_status":"closed","ping_status":"closed","template":"","meta":{"_et_pb_use_builder":"on","_et_pb_old_content":"","_et_gb_content_width":"","footnotes":""},"class_list":["post-1834","page","type-page","status-publish","hentry"],"_links":{"self":[{"href":"https:\/\/www.madreguadalupe.com\/pt-pt\/wp-json\/wp\/v2\/pages\/1834","targetHints":{"allow":["GET"]}}],"collection":[{"href":"https:\/\/www.madreguadalupe.com\/pt-pt\/wp-json\/wp\/v2\/pages"}],"about":[{"href":"https:\/\/www.madreguadalupe.com\/pt-pt\/wp-json\/wp\/v2\/types\/page"}],"author":[{"embeddable":true,"href":"https:\/\/www.madreguadalupe.com\/pt-pt\/wp-json\/wp\/v2\/users\/2"}],"replies":[{"embeddable":true,"href":"https:\/\/www.madreguadalupe.com\/pt-pt\/wp-json\/wp\/v2\/comments?post=1834"}],"version-history":[{"count":6,"href":"https:\/\/www.madreguadalupe.com\/pt-pt\/wp-json\/wp\/v2\/pages\/1834\/revisions"}],"predecessor-version":[{"id":2550,"href":"https:\/\/www.madreguadalupe.com\/pt-pt\/wp-json\/wp\/v2\/pages\/1834\/revisions\/2550"}],"wp:attachment":[{"href":"https:\/\/www.madreguadalupe.com\/pt-pt\/wp-json\/wp\/v2\/media?parent=1834"}],"curies":[{"name":"wp","href":"https:\/\/api.w.org\/{rel}","templated":true}]}}