{"id":1839,"date":"2017-05-29T17:14:46","date_gmt":"2017-05-29T17:14:46","guid":{"rendered":"http:\/\/www.madreguadalupe.com\/beatificacion\/"},"modified":"2018-07-24T07:03:41","modified_gmt":"2018-07-24T07:03:41","slug":"beatificacion","status":"publish","type":"page","link":"https:\/\/www.madreguadalupe.com\/pt-pt\/beatificacion\/","title":{"rendered":"BEATIFICA\u00c7\u00c3O"},"content":{"rendered":"<p>[et_pb_section bb_built=&#8221;1&#8243; fullwidth=&#8221;on&#8221; specialty=&#8221;off&#8221; next_background_color=&#8221;#000000&#8243;][et_pb_fullwidth_image src=&#8221;https:\/\/www.madreguadalupe.com\/wp-content\/uploads\/2017\/11\/cabecera_LIRIO_ROJO-copia.jpg&#8221; show_in_lightbox=&#8221;off&#8221; url_new_window=&#8221;off&#8221; use_overlay=&#8221;off&#8221; use_border_color=&#8221;off&#8221; border_color=&#8221;#ffffff&#8221; border_style=&#8221;solid&#8221; animation=&#8221;off&#8221; _builder_version=&#8221;3.0.89&#8243; animation_direction=&#8221;off&#8221; border_color_all=&#8221;#ffffff&#8221; border_style_all=&#8221;solid&#8221; \/][\/et_pb_section][et_pb_section bb_built=&#8221;1&#8243; fullwidth=&#8221;off&#8221; specialty=&#8221;off&#8221; prev_background_color=&#8221;#000000&#8243;][et_pb_row background_position=&#8221;top_left&#8221; background_repeat=&#8221;repeat&#8221; background_size=&#8221;initial&#8221;][et_pb_column type=&#8221;1_4&#8243;][et_pb_sidebar area=&#8221;sidebar-1&#8243; orientation=&#8221;left&#8221; remove_border=&#8221;off&#8221; background_layout=&#8221;light&#8221; show_border=&#8221;on&#8221; \/][\/et_pb_column][et_pb_column type=&#8221;1_2&#8243;][et_pb_text use_border_color=&#8221;off&#8221; background_position=&#8221;top_left&#8221; background_repeat=&#8221;repeat&#8221; background_size=&#8221;initial&#8221; _builder_version=&#8221;3.9&#8243;]<\/p>\n<h3><strong>A merecida Beatifica\u00e7\u00e3o<\/strong><\/h3>\n<h3><strong>\u00a0<\/strong><\/h3>\n<h3 style=\"text-align: justify;\"><strong>\u00a0<\/strong><\/h3>\n<p style=\"text-align: justify;\"><strong>A bem-aventurada Maria Guadalupe foi beatificada em 11 de mar\u00e7o de 2001<\/strong> pelo papa <strong>S\u00e3o<\/strong>\u00a0<strong>Jo\u00e3o Paulo II<\/strong> na Pra\u00e7a de S\u00e3o Pedro, no Vaticano, junto com outros m\u00e1rtires valencianos. A tarde do mesmo dia, em honra da nova bem-aventurada, frei Francisco M. Rigobello, doutor e catedr\u00e1tico de \u00f3rg\u00e3o no Conservat\u00f3rio de Trento, apresentou um concerto de \u00f3rg\u00e3o na Igreja de S\u00e3o Marcelo, na C\u00faria Geral dos Servos de Maria,\u00a0 em Roma, dando gra\u00e7as a Deus pela beatifica\u00e7\u00e3o da <strong>primeira m\u00e1rtir dos Servos de Maria<\/strong>. No dia antes, na mesma igreja de S\u00e3o Marcelo, a Fam\u00edlia dos Servos de Maria, representada por frades, religiosas e leigos do mundo inteiro, reuniu-se em Vig\u00edlia de Ora\u00e7\u00e3o, presidida pelo <strong>Prior geral, frei Hubert M. Moons<\/strong>. Na ocasi\u00e3o, foi rezada a <em>Via Matris<\/em>, que celebra o caminho de dor percorrido por Maria, associada \u00e0 Paix\u00e3o do Filho. Esse exerc\u00edcio de piedade, pr\u00f3prio da espiritualidade servita, a bem-aventurada Maria Guadalupe o celebrava todos os dias a ponto de faz\u00ea-lo pr\u00f3prio, recebendo da\u00ed a gra\u00e7a divina de poder unir-se realmente, com seu mart\u00edrio, ao sacrif\u00edcio do Filho e da M\u00e3e.<\/p>\n<p style=\"text-align: justify;\">Gra\u00e7as a uma licen\u00e7a especial, participaram do rito da beatifica\u00e7\u00e3o monjas de clausura da Ordem, bem como frades, religiosas e leigos servitas, muitos familiares da m\u00e1rtir e peregrinos do povoado de Albal.<\/p>\n<p style=\"text-align: justify;\">No dia seguinte, depois da Missa de Ac\u00e7\u00e3o de Gra\u00e7as na Bas\u00edlica de S\u00e3o Pedro, presidida pelo <strong>Arcebispo de Val\u00eancia, D. Agust\u00edn Garc\u00eda-Gasco Vicente<\/strong>, o Santo Padre exortou os peregrinos a seguirem o exemplo dos santos m\u00e1rtires.<\/p>\n<p>&nbsp;<\/p>\n<p>[\/et_pb_text][\/et_pb_column][et_pb_column type=&#8221;1_4&#8243;][et_pb_image src=&#8221;https:\/\/www.madreguadalupe.com\/wp-content\/uploads\/2017\/05\/blanco-2.jpg&#8221; show_in_lightbox=&#8221;off&#8221; url_new_window=&#8221;off&#8221; use_overlay=&#8221;off&#8221; sticky=&#8221;off&#8221; align=&#8221;left&#8221; always_center_on_mobile=&#8221;on&#8221; use_border_color=&#8221;off&#8221; border_color=&#8221;#ffffff&#8221; border_style=&#8221;solid&#8221; force_fullwidth=&#8221;off&#8221; animation=&#8221;left&#8221; animation_direction=&#8221;left&#8221; show_bottom_space=&#8221;on&#8221; animation_style=&#8221;slide&#8221; animation_duration=&#8221;500ms&#8221; animation_intensity_slide=&#8221;10%&#8221; \/][et_pb_image src=&#8221;https:\/\/www.madreguadalupe.com\/wp-content\/uploads\/2017\/05\/1.-Beatificaci\u00f3n.jpg&#8221; show_in_lightbox=&#8221;off&#8221; url_new_window=&#8221;off&#8221; use_overlay=&#8221;off&#8221; sticky=&#8221;off&#8221; align=&#8221;center&#8221; always_center_on_mobile=&#8221;on&#8221; use_border_color=&#8221;off&#8221; border_color=&#8221;#ffffff&#8221; border_style=&#8221;solid&#8221; force_fullwidth=&#8221;off&#8221; animation=&#8221;off&#8221; show_bottom_space=&#8221;on&#8221; animation_style=&#8221;none&#8221; animation_duration=&#8221;1000ms&#8221; animation_intensity_slide=&#8221;50%&#8221; \/][et_pb_image src=&#8221;https:\/\/www.madreguadalupe.com\/wp-content\/uploads\/2017\/05\/Beatificacion_1-.jpg&#8221; show_in_lightbox=&#8221;off&#8221; url_new_window=&#8221;off&#8221; use_overlay=&#8221;off&#8221; sticky=&#8221;off&#8221; align=&#8221;center&#8221; always_center_on_mobile=&#8221;on&#8221; use_border_color=&#8221;off&#8221; border_color=&#8221;#ffffff&#8221; border_style=&#8221;solid&#8221; force_fullwidth=&#8221;off&#8221; animation=&#8221;off&#8221; show_bottom_space=&#8221;on&#8221; animation_style=&#8221;none&#8221; animation_duration=&#8221;1000ms&#8221; animation_intensity_slide=&#8221;50%&#8221; \/][et_pb_image src=&#8221;https:\/\/www.madreguadalupe.com\/wp-content\/uploads\/2017\/05\/Beatificacion_2.jpg&#8221; show_in_lightbox=&#8221;off&#8221; url_new_window=&#8221;off&#8221; use_overlay=&#8221;off&#8221; sticky=&#8221;off&#8221; align=&#8221;center&#8221; always_center_on_mobile=&#8221;on&#8221; use_border_color=&#8221;off&#8221; border_color=&#8221;#ffffff&#8221; border_style=&#8221;solid&#8221; force_fullwidth=&#8221;off&#8221; animation=&#8221;off&#8221; show_bottom_space=&#8221;on&#8221; animation_style=&#8221;none&#8221; animation_duration=&#8221;1000ms&#8221; animation_intensity_slide=&#8221;50%&#8221; \/][\/et_pb_column][\/et_pb_row][\/et_pb_section]<\/p>\n","protected":false},"excerpt":{"rendered":"<p>A merecida Beatifica\u00e7\u00e3o \u00a0 \u00a0 A bem-aventurada Maria Guadalupe foi beatificada em 11 de mar\u00e7o de 2001 pelo papa S\u00e3o\u00a0Jo\u00e3o Paulo II na Pra\u00e7a de S\u00e3o Pedro, no Vaticano, junto com outros m\u00e1rtires valencianos. A tarde do mesmo dia, em honra da nova bem-aventurada, frei Francisco M. Rigobello, doutor e catedr\u00e1tico de \u00f3rg\u00e3o no Conservat\u00f3rio [&hellip;]<\/p>\n","protected":false},"author":2,"featured_media":0,"parent":0,"menu_order":0,"comment_status":"closed","ping_status":"closed","template":"","meta":{"_et_pb_use_builder":"on","_et_pb_old_content":"","_et_gb_content_width":"","footnotes":""},"class_list":["post-1839","page","type-page","status-publish","hentry"],"_links":{"self":[{"href":"https:\/\/www.madreguadalupe.com\/pt-pt\/wp-json\/wp\/v2\/pages\/1839","targetHints":{"allow":["GET"]}}],"collection":[{"href":"https:\/\/www.madreguadalupe.com\/pt-pt\/wp-json\/wp\/v2\/pages"}],"about":[{"href":"https:\/\/www.madreguadalupe.com\/pt-pt\/wp-json\/wp\/v2\/types\/page"}],"author":[{"embeddable":true,"href":"https:\/\/www.madreguadalupe.com\/pt-pt\/wp-json\/wp\/v2\/users\/2"}],"replies":[{"embeddable":true,"href":"https:\/\/www.madreguadalupe.com\/pt-pt\/wp-json\/wp\/v2\/comments?post=1839"}],"version-history":[{"count":5,"href":"https:\/\/www.madreguadalupe.com\/pt-pt\/wp-json\/wp\/v2\/pages\/1839\/revisions"}],"predecessor-version":[{"id":2545,"href":"https:\/\/www.madreguadalupe.com\/pt-pt\/wp-json\/wp\/v2\/pages\/1839\/revisions\/2545"}],"wp:attachment":[{"href":"https:\/\/www.madreguadalupe.com\/pt-pt\/wp-json\/wp\/v2\/media?parent=1839"}],"curies":[{"name":"wp","href":"https:\/\/api.w.org\/{rel}","templated":true}]}}