{"id":1843,"date":"2017-05-29T17:14:57","date_gmt":"2017-05-29T17:14:57","guid":{"rendered":"http:\/\/www.madreguadalupe.com\/reliquias\/"},"modified":"2018-07-24T07:12:27","modified_gmt":"2018-07-24T07:12:27","slug":"reliquias","status":"publish","type":"page","link":"https:\/\/www.madreguadalupe.com\/pt-pt\/reliquias\/","title":{"rendered":"REL\u00cdQUIAS"},"content":{"rendered":"<p>[et_pb_section bb_built=&#8221;1&#8243; fullwidth=&#8221;on&#8221; specialty=&#8221;off&#8221; next_background_color=&#8221;#000000&#8243;][et_pb_fullwidth_image src=&#8221;https:\/\/www.madreguadalupe.com\/wp-content\/uploads\/2017\/11\/cabecera_LIRIO_ROJO-copia.jpg&#8221; show_in_lightbox=&#8221;off&#8221; url_new_window=&#8221;off&#8221; use_overlay=&#8221;off&#8221; use_border_color=&#8221;off&#8221; border_color=&#8221;#ffffff&#8221; border_style=&#8221;solid&#8221; animation=&#8221;off&#8221; _builder_version=&#8221;3.0.89&#8243; animation_direction=&#8221;off&#8221; border_color_all=&#8221;#ffffff&#8221; border_style_all=&#8221;solid&#8221; \/][\/et_pb_section][et_pb_section bb_built=&#8221;1&#8243; fullwidth=&#8221;off&#8221; specialty=&#8221;off&#8221; prev_background_color=&#8221;#000000&#8243;][et_pb_row background_position=&#8221;top_left&#8221; background_repeat=&#8221;repeat&#8221; background_size=&#8221;initial&#8221;][et_pb_column type=&#8221;1_4&#8243;][et_pb_sidebar area=&#8221;sidebar-1&#8243; orientation=&#8221;left&#8221; remove_border=&#8221;off&#8221; background_layout=&#8221;light&#8221; show_border=&#8221;on&#8221; _builder_version=&#8221;3.0.89&#8243; \/][\/et_pb_column][et_pb_column type=&#8221;1_2&#8243;][et_pb_text use_border_color=&#8221;off&#8221; background_position=&#8221;top_left&#8221; background_repeat=&#8221;repeat&#8221; background_size=&#8221;initial&#8221; _builder_version=&#8221;3.9&#8243;]<\/p>\n<h3><strong>Suas Santas Rel\u00edquias<br \/>\n<\/strong><\/h3>\n<p>&nbsp;<\/p>\n<h3 style=\"text-align: justify;\"><strong>\u00a0<\/strong><\/h3>\n<p style=\"text-align: justify;\">As rel\u00edquias dos santos e dos m\u00e1rtires s\u00e3o veneradas desde os prim\u00f3rdios da Igreja de Jesus Cristo, porque, unidos a Ele na morte, ser\u00e3o os primeiros na ressurrei\u00e7\u00e3o final. Suas rel\u00edquias nos recordam o triunfo do bem, do amor, do perd\u00e3o e da humildade, e s\u00e3o uma prova de que os santos tamb\u00e9m s\u00e3o de carne e osso e que \u00e9 poss\u00edvel viver o Evangelho plenamente, n\u00e3o obstante as limita\u00e7\u00f5es pessoais, as dificuldades e persegui\u00e7\u00f5es.<\/p>\n<p style=\"text-align: justify;\"><strong>O corpo da bem-aventurada Maria Guadalupe<\/strong> foi encontrado trucidado violentamente, segundo o testemunho do m\u00e9dico legista Dr. Delfino Mart\u00ed Fosar: <strong>\u201cAinda estava de boca para cima, desnuda da cintura para baixo, com as pernas separadas e um ferimento provocado por um disparo de fuzil na zona genital\u201d<\/strong>. O Sr. Vicente Peris Vila, que enterrou seu corpo, nos deu outros detalhes dos horrores que ela sofreu pelo amor de Cristo: \u201cAo mover e levantar seu corpo, muito sangue jorrou de um ferimento aberto no peito e nas costas; <strong>parecia que havia recebido um disparo frontal<\/strong>, uma vez que por todo o peito s\u00f3 havia sangue [&#8230;] Os ferimentos causados pelo disparo que traspassara as t\u00eamporas, vertiam pouco sangue: \u00e9 poss\u00edvel que tenha sido o golpe de gra\u00e7a\u201d. Esse depoimento foi confirmado no \u00faltimo exame dos seus ossos, nos quais se encontraram v\u00e1rias perfura\u00e7\u00f5es no cr\u00e2nio e nas ancas, donde se conseguiu extrair uma bala, conservada com devo\u00e7\u00e3o junto com os seus restos mortais depositados no novo sepulcro<\/p>\n<p style=\"text-align: justify;\">Antes de sua \u00faltima sa\u00edda for\u00e7ada da clausura em 1936, a bem-aventurada Maria Guadalupe, numa conversa em que se comentavam as alarmantes not\u00edcias da morte de sacerdotes e religiosos, fez este coment\u00e1rio;<\/p>\n<ul>\n<li style=\"text-align: justify;\">\u00bfQuem ser\u00e1 a escolhida? \u00bfA quem h\u00e3o-de arrastar pela cidade?\u201d<\/li>\n<\/ul>\n<p style=\"text-align: justify; padding-left: 30px;\">Uma irm\u00e3 respondeu: \u201cEu lhes pediria que me disparassem pelas costas\u201d. Ao que a Madre Guadalupe, cheia de fervor e de entusiasmo, rebateu:<\/p>\n<ul>\n<li style=\"text-align: justify;\"><strong>Mas eu pediria que me disparassem de frente.<\/strong><\/li>\n<\/ul>\n<p style=\"text-align: justify; padding-left: 30px;\">E assim foi: sem dar as costas a Cristo, ofereceu livremente sua vida como v\u00edtima de amor.<\/p>\n<p style=\"text-align: justify;\"><strong>Seus restos mortais repousam no Mosteiro \u201cAl Pie de la Cruz\u201d de Mislata<\/strong>, num sepulcro benzido por ocasi\u00e3o de sua beatifica\u00e7\u00e3o por <strong>frei Hubert M. Moons<\/strong>, ent\u00e3o Prior Geral da nossa Ordem. Conserva-se tamb\u00e9m parte do vestido e da an\u00e1gua que ela usava quando a martirizaram, bem como alguns objectos pessoais como o ros\u00e1rio, um livro de ora\u00e7\u00e3o, trabalhos de costura e de artesanato&#8230;<\/p>\n<p style=\"text-align: justify;\">Em Roma, foi entregue ao Santo Padre uma rel\u00edquia que cont\u00e9m uma de suas falanges, junto com as rel\u00edquias dos outros m\u00e1rtires beatificados no mesmo dia. No 125\u00ba anivers\u00e1rio do seu nascimento foram impressas algumas estampas com uma rel\u00edquia de contacto, isto \u00e9, com um peda\u00e7o da fazenda que envolveu seus santos ossos enquanto se fazia o reconhecimento can\u00f4nico.<\/p>\n<p>&nbsp;<\/p>\n<p>[\/et_pb_text][\/et_pb_column][et_pb_column type=&#8221;1_4&#8243;][et_pb_image src=&#8221;https:\/\/www.madreguadalupe.com\/wp-content\/uploads\/2017\/05\/blanco-3.jpg&#8221; show_in_lightbox=&#8221;off&#8221; url_new_window=&#8221;off&#8221; use_overlay=&#8221;off&#8221; sticky=&#8221;off&#8221; align=&#8221;center&#8221; always_center_on_mobile=&#8221;on&#8221; use_border_color=&#8221;off&#8221; border_color=&#8221;#ffffff&#8221; border_style=&#8221;solid&#8221; force_fullwidth=&#8221;off&#8221; animation=&#8221;off&#8221; show_bottom_space=&#8221;on&#8221; animation_style=&#8221;none&#8221; animation_duration=&#8221;1000ms&#8221; animation_intensity_slide=&#8221;50%&#8221; \/][et_pb_image src=&#8221;https:\/\/www.madreguadalupe.com\/wp-content\/uploads\/2017\/05\/1.-Reliquias.jpg&#8221; show_in_lightbox=&#8221;off&#8221; url_new_window=&#8221;off&#8221; use_overlay=&#8221;off&#8221; sticky=&#8221;off&#8221; align=&#8221;center&#8221; always_center_on_mobile=&#8221;on&#8221; use_border_color=&#8221;off&#8221; border_color=&#8221;#ffffff&#8221; border_style=&#8221;solid&#8221; force_fullwidth=&#8221;off&#8221; animation=&#8221;off&#8221; show_bottom_space=&#8221;on&#8221; animation_style=&#8221;none&#8221; animation_duration=&#8221;1000ms&#8221; animation_intensity_slide=&#8221;50%&#8221; \/][et_pb_image src=&#8221;https:\/\/www.madreguadalupe.com\/wp-content\/uploads\/2017\/05\/blanco-1.jpg&#8221; show_in_lightbox=&#8221;off&#8221; url_new_window=&#8221;off&#8221; use_overlay=&#8221;off&#8221; sticky=&#8221;off&#8221; align=&#8221;left&#8221; always_center_on_mobile=&#8221;on&#8221; use_border_color=&#8221;off&#8221; border_color=&#8221;#ffffff&#8221; border_style=&#8221;solid&#8221; force_fullwidth=&#8221;off&#8221; animation=&#8221;left&#8221; animation_direction=&#8221;left&#8221; show_bottom_space=&#8221;on&#8221; animation_style=&#8221;slide&#8221; animation_duration=&#8221;500ms&#8221; animation_intensity_slide=&#8221;10%&#8221; \/][et_pb_testimonial url_new_window=&#8221;off&#8221; quote_icon=&#8221;on&#8221; use_background_color=&#8221;on&#8221; background_color=&#8221;#ffffff&#8221; background_layout=&#8221;light&#8221; text_orientation=&#8221;center&#8221; use_border_color=&#8221;on&#8221; body_text_color=&#8221;#993333&#8243; quote_icon_color=&#8221;#993333&#8243; border_color_all=&#8221;#993333&#8243; background_position=&#8221;top_left&#8221; background_repeat=&#8221;repeat&#8221; background_size=&#8221;initial&#8221; border_width_all=&#8221;2px&#8221; _builder_version=&#8221;3.0.90&#8243; quote_icon_background_color=&#8221;#f5f5f5&#8243;]<\/p>\n<p id=\"tw-target-text\" class=\"tw-data-text tw-ta tw-text-small\" dir=\"ltr\" style=\"text-align: center;\" data-placeholder=\"Traducci\u00f3n\"><strong><span lang=\"pt\"><br \/>\nSeus restos mortais<br \/>\nno Mosteiro No p\u00e9<br \/>\n<\/span><\/strong><strong><span lang=\"pt\">da cruz Mislata (Valencia)<\/span><\/strong><\/p>\n<p>[\/et_pb_testimonial][\/et_pb_column][\/et_pb_row][\/et_pb_section]<\/p>\n","protected":false},"excerpt":{"rendered":"<p>Suas Santas Rel\u00edquias &nbsp; \u00a0 As rel\u00edquias dos santos e dos m\u00e1rtires s\u00e3o veneradas desde os prim\u00f3rdios da Igreja de Jesus Cristo, porque, unidos a Ele na morte, ser\u00e3o os primeiros na ressurrei\u00e7\u00e3o final. Suas rel\u00edquias nos recordam o triunfo do bem, do amor, do perd\u00e3o e da humildade, e s\u00e3o uma prova de que [&hellip;]<\/p>\n","protected":false},"author":2,"featured_media":0,"parent":0,"menu_order":0,"comment_status":"closed","ping_status":"closed","template":"","meta":{"_et_pb_use_builder":"on","_et_pb_old_content":"","_et_gb_content_width":"","footnotes":""},"class_list":["post-1843","page","type-page","status-publish","hentry"],"_links":{"self":[{"href":"https:\/\/www.madreguadalupe.com\/pt-pt\/wp-json\/wp\/v2\/pages\/1843","targetHints":{"allow":["GET"]}}],"collection":[{"href":"https:\/\/www.madreguadalupe.com\/pt-pt\/wp-json\/wp\/v2\/pages"}],"about":[{"href":"https:\/\/www.madreguadalupe.com\/pt-pt\/wp-json\/wp\/v2\/types\/page"}],"author":[{"embeddable":true,"href":"https:\/\/www.madreguadalupe.com\/pt-pt\/wp-json\/wp\/v2\/users\/2"}],"replies":[{"embeddable":true,"href":"https:\/\/www.madreguadalupe.com\/pt-pt\/wp-json\/wp\/v2\/comments?post=1843"}],"version-history":[{"count":6,"href":"https:\/\/www.madreguadalupe.com\/pt-pt\/wp-json\/wp\/v2\/pages\/1843\/revisions"}],"predecessor-version":[{"id":2551,"href":"https:\/\/www.madreguadalupe.com\/pt-pt\/wp-json\/wp\/v2\/pages\/1843\/revisions\/2551"}],"wp:attachment":[{"href":"https:\/\/www.madreguadalupe.com\/pt-pt\/wp-json\/wp\/v2\/media?parent=1843"}],"curies":[{"name":"wp","href":"https:\/\/api.w.org\/{rel}","templated":true}]}}