{"id":1855,"date":"2017-05-29T17:15:22","date_gmt":"2017-05-29T17:15:22","guid":{"rendered":"http:\/\/www.madreguadalupe.com\/oracion\/"},"modified":"2018-07-23T08:18:12","modified_gmt":"2018-07-23T08:18:12","slug":"oracion","status":"publish","type":"page","link":"https:\/\/www.madreguadalupe.com\/pt-pt\/oracion\/","title":{"rendered":"ORA\u00c7\u00c3O"},"content":{"rendered":"<p>[et_pb_section bb_built=&#8221;1&#8243; fullwidth=&#8221;on&#8221; specialty=&#8221;off&#8221; next_background_color=&#8221;#000000&#8243;][et_pb_fullwidth_image src=&#8221;https:\/\/www.madreguadalupe.com\/wp-content\/uploads\/2017\/11\/cabecera_LIRIO_ROJO-copia.jpg&#8221; show_in_lightbox=&#8221;off&#8221; url_new_window=&#8221;off&#8221; use_overlay=&#8221;off&#8221; use_border_color=&#8221;off&#8221; border_color=&#8221;#ffffff&#8221; border_style=&#8221;solid&#8221; animation=&#8221;off&#8221; _builder_version=&#8221;3.0.90&#8243; animation_direction=&#8221;off&#8221; border_color_all=&#8221;#ffffff&#8221; border_style_all=&#8221;solid&#8221; \/][\/et_pb_section][et_pb_section bb_built=&#8221;1&#8243; fullwidth=&#8221;off&#8221; specialty=&#8221;off&#8221; prev_background_color=&#8221;#000000&#8243;][et_pb_row background_position=&#8221;top_left&#8221; background_repeat=&#8221;repeat&#8221; background_size=&#8221;initial&#8221;][et_pb_column type=&#8221;1_4&#8243;][et_pb_sidebar area=&#8221;sidebar-1&#8243; orientation=&#8221;left&#8221; remove_border=&#8221;off&#8221; background_layout=&#8221;light&#8221; show_border=&#8221;on&#8221; \/][\/et_pb_column][et_pb_column type=&#8221;1_2&#8243;][et_pb_text use_border_color=&#8221;off&#8221; background_position=&#8221;top_left&#8221; background_repeat=&#8221;repeat&#8221; background_size=&#8221;initial&#8221; _builder_version=&#8221;3.9&#8243;]<\/p>\n<h3><strong>Ora\u00e7\u00e3o<br \/>\n<\/strong><\/h3>\n<h6 style=\"text-align: right;\">(Com Licen\u00e7a eclesi\u00e1stica)<\/h6>\n<p>\u00d3 Deus, Pai santo,<br \/>\nque pela ac\u00e7\u00e3o do Santo Esp\u00edrito\u00a0confortais<br \/>\nos perseguidos por causa do vosso Filho Jesus Cristo<br \/>\ne os encheis de \u00e2nimo e de fortaleza para que,<br \/>\ncom f\u00e9 decidida e esperan\u00e7a firme,<br \/>\nd\u00eam testemunho do Evangelho<br \/>\nn\u00f3s vos pedimos que concedais a gra\u00e7a &#8230;<\/p>\n<p><strong>(pedir a gra\u00e7a desejada)<\/strong><\/p>\n<p>por intercess\u00e3o da bem-aventurada Maria Guadalupe;<br \/>\nela que, sustentada por vossa gra\u00e7a,<br \/>\nn\u00e3o vacilou no momento do mart\u00edrio,<br \/>\nmas se associou gozosamente \u00e0 Paix\u00e3o do Redentor<br \/>\ne \u00e0s dores de sua Sant\u00edssima M\u00e3e ao p\u00e9 da Cruz.<br \/>\nPor Jesus Cristo nosso Senhor.<br \/>\nAm\u00e9m.<\/p>\n<p>Pai Nosso, Ave Maria, Gl\u00f3ria ao Pai&#8230;<\/p>\n<p>Bem-aventurada Maria Guadalupe, rogai por n\u00f3s!<\/p>\n<h6><\/h6>\n<p style=\"text-align: justify;\"><strong>Pedimos que nos comuniquem as gra\u00e7as alcan\u00e7adas por sua intercess\u00e3o por correio convencional ou por e-mail\u00a0 (preenchendo o formul\u00e1rio).\u00a0<\/strong><\/p>\n<p>&nbsp;<\/p>\n<p>[\/et_pb_text][\/et_pb_column][et_pb_column type=&#8221;1_4&#8243;][et_pb_image src=&#8221;https:\/\/www.madreguadalupe.com\/wp-content\/uploads\/2017\/05\/blanco-3.jpg&#8221; show_in_lightbox=&#8221;off&#8221; url_new_window=&#8221;off&#8221; use_overlay=&#8221;off&#8221; sticky=&#8221;off&#8221; align=&#8221;left&#8221; always_center_on_mobile=&#8221;on&#8221; use_border_color=&#8221;off&#8221; border_color=&#8221;#ffffff&#8221; border_style=&#8221;solid&#8221; force_fullwidth=&#8221;off&#8221; animation=&#8221;left&#8221; animation_direction=&#8221;left&#8221; show_bottom_space=&#8221;on&#8221; animation_style=&#8221;slide&#8221; animation_duration=&#8221;500ms&#8221; animation_intensity_slide=&#8221;10%&#8221; \/][et_pb_image src=&#8221;https:\/\/www.madreguadalupe.com\/wp-content\/uploads\/2017\/05\/1.-Oraci\u00f3n.jpg&#8221; show_in_lightbox=&#8221;off&#8221; url_new_window=&#8221;off&#8221; use_overlay=&#8221;off&#8221; sticky=&#8221;off&#8221; align=&#8221;center&#8221; always_center_on_mobile=&#8221;on&#8221; use_border_color=&#8221;off&#8221; border_color=&#8221;#f5f5f5&#8243; border_style=&#8221;outset&#8221; force_fullwidth=&#8221;off&#8221; animation=&#8221;off&#8221; border_width=&#8221;13px&#8221; show_bottom_space=&#8221;on&#8221; animation_style=&#8221;none&#8221; animation_duration=&#8221;1000ms&#8221; animation_intensity_slide=&#8221;50%&#8221; \/][\/et_pb_column][\/et_pb_row][\/et_pb_section]<\/p>\n","protected":false},"excerpt":{"rendered":"<p>Ora\u00e7\u00e3o (Com Licen\u00e7a eclesi\u00e1stica) \u00d3 Deus, Pai santo, que pela ac\u00e7\u00e3o do Santo Esp\u00edrito\u00a0confortais os perseguidos por causa do vosso Filho Jesus Cristo e os encheis de \u00e2nimo e de fortaleza para que, com f\u00e9 decidida e esperan\u00e7a firme, d\u00eam testemunho do Evangelho n\u00f3s vos pedimos que concedais a gra\u00e7a &#8230; (pedir a gra\u00e7a desejada) [&hellip;]<\/p>\n","protected":false},"author":2,"featured_media":0,"parent":0,"menu_order":0,"comment_status":"closed","ping_status":"closed","template":"","meta":{"_et_pb_use_builder":"on","_et_pb_old_content":"","_et_gb_content_width":"","footnotes":""},"class_list":["post-1855","page","type-page","status-publish","hentry"],"_links":{"self":[{"href":"https:\/\/www.madreguadalupe.com\/pt-pt\/wp-json\/wp\/v2\/pages\/1855","targetHints":{"allow":["GET"]}}],"collection":[{"href":"https:\/\/www.madreguadalupe.com\/pt-pt\/wp-json\/wp\/v2\/pages"}],"about":[{"href":"https:\/\/www.madreguadalupe.com\/pt-pt\/wp-json\/wp\/v2\/types\/page"}],"author":[{"embeddable":true,"href":"https:\/\/www.madreguadalupe.com\/pt-pt\/wp-json\/wp\/v2\/users\/2"}],"replies":[{"embeddable":true,"href":"https:\/\/www.madreguadalupe.com\/pt-pt\/wp-json\/wp\/v2\/comments?post=1855"}],"version-history":[{"count":6,"href":"https:\/\/www.madreguadalupe.com\/pt-pt\/wp-json\/wp\/v2\/pages\/1855\/revisions"}],"predecessor-version":[{"id":2523,"href":"https:\/\/www.madreguadalupe.com\/pt-pt\/wp-json\/wp\/v2\/pages\/1855\/revisions\/2523"}],"wp:attachment":[{"href":"https:\/\/www.madreguadalupe.com\/pt-pt\/wp-json\/wp\/v2\/media?parent=1855"}],"curies":[{"name":"wp","href":"https:\/\/api.w.org\/{rel}","templated":true}]}}