{"id":1859,"date":"2017-05-29T17:15:34","date_gmt":"2017-05-29T17:15:34","guid":{"rendered":"http:\/\/www.madreguadalupe.com\/favores-recibidos\/"},"modified":"2019-08-05T13:16:16","modified_gmt":"2019-08-05T13:16:16","slug":"favores-recibidos","status":"publish","type":"page","link":"https:\/\/www.madreguadalupe.com\/pt-pt\/favores-recibidos\/","title":{"rendered":"GRA\u00c7AS RECEBIDAS"},"content":{"rendered":"<p>[et_pb_section bb_built=&#8221;1&#8243; fullwidth=&#8221;on&#8221; specialty=&#8221;off&#8221; next_background_color=&#8221;#000000&#8243;][et_pb_fullwidth_image src=&#8221;https:\/\/www.madreguadalupe.com\/wp-content\/uploads\/2017\/11\/cabecera_LIRIO_ROJO-copia.jpg&#8221; show_in_lightbox=&#8221;off&#8221; url_new_window=&#8221;off&#8221; use_overlay=&#8221;off&#8221; use_border_color=&#8221;off&#8221; border_color=&#8221;#ffffff&#8221; border_style=&#8221;solid&#8221; animation=&#8221;off&#8221; _builder_version=&#8221;3.0.89&#8243; animation_direction=&#8221;off&#8221; border_color_all=&#8221;#ffffff&#8221; border_style_all=&#8221;solid&#8221; \/][\/et_pb_section][et_pb_section bb_built=&#8221;1&#8243; fullwidth=&#8221;off&#8221; specialty=&#8221;off&#8221; prev_background_color=&#8221;#000000&#8243;][et_pb_row background_position=&#8221;top_left&#8221; background_repeat=&#8221;repeat&#8221; background_size=&#8221;initial&#8221;][et_pb_column type=&#8221;1_4&#8243;][et_pb_sidebar area=&#8221;sidebar-1&#8243; orientation=&#8221;left&#8221; remove_border=&#8221;off&#8221; background_layout=&#8221;light&#8221; show_border=&#8221;on&#8221; \/][\/et_pb_column][et_pb_column type=&#8221;1_2&#8243;][et_pb_text use_border_color=&#8221;off&#8221; module_alignment=&#8221;center&#8221; background_position=&#8221;top_left&#8221; background_repeat=&#8221;repeat&#8221; background_size=&#8221;initial&#8221; _builder_version=&#8221;3.10.2&#8243;]<\/p>\n<h3><strong>Sua intercess\u00e3o no c\u00e9u<\/strong><\/h3>\n<h3 style=\"text-align: justify;\"><strong>\u00a0<\/strong><\/h3>\n<p style=\"text-align: justify;\">Tratando-se de um mart\u00edrio n\u00e3o foi necess\u00e1rio apresentar um milagre para sua beatifica\u00e7\u00e3o, no entanto, tal requisito \u00e9 imprescind\u00edvel para a sua canoniza\u00e7\u00e3o que todos desejamos. Por isso, esperamos que Deus atenda aos pedidos que, por interm\u00e9dio da Madre Guadalupe, lhe apresentam seus devotos.<\/p>\n<p style=\"text-align: justify;\">Todas as gra\u00e7as e favores que s\u00e3o concedidos pela intercess\u00e3o da bem-aventurada Maria Guadalupe s\u00e3o juntados \u00e0 Causa. Por essa raz\u00e3o, a Postula\u00e7\u00e3o agradece a todos os que, atrav\u00e9s de um relato fiel comunicam as gra\u00e7as pedidas e alcan\u00e7adas.<\/p>\n<p style=\"text-align: justify;\">Agradece tamb\u00e9m a todos os que, com suas ofertas, tornam poss\u00edvel a presente p\u00e1gina web e a publica\u00e7\u00e3o de estampas e folhetos para divulgar sua devo\u00e7\u00e3o e tornar conhecido seu admir\u00e1vel exemplo de amor a Cristo e \u00e0 sua M\u00e3e Dolorosa.\u00a0<strong>Precisamos muito da sua ajuda.<\/strong><\/p>\n<p style=\"text-align: justify;\">Ofertas podem ser depositadas directamente na \u201cBANCO SANTANDER\u201d\u00a0na conta:<\/p>\n<p style=\"text-align: center;\"><strong>IBAN\u00a0 ES36 0049 0059 8628 9156 8774<\/strong><\/p>\n<p style=\"text-align: left;\">TITULAR: Siervos de Mar\u00eda.<br \/>\nPara doa\u00e7\u00f5es fora da Espanha: C\u00f3digo SWIFT: BSCHESMM<\/p>\n<p>&nbsp;<\/p>\n<h3 style=\"text-align: center;\">OBRIGADO, BEM-AVETURADA MARIA GUADALUPE<br \/>\nPELAS GRA\u00c7AS ALCAN\u00c7ADAS<br \/>\nPOR TUA CELESTIAL INTERCESS\u00c3O<\/h3>\n<p>&nbsp;<\/p>\n<p>Voc\u00ea pode compartilhar as gra\u00e7as recebidas ou ler os agradecimentos de outros devotos:<\/p>\n<p>[\/et_pb_text][\/et_pb_column][et_pb_column type=&#8221;1_4&#8243;][et_pb_image show_in_lightbox=&#8221;off&#8221; url_new_window=&#8221;off&#8221; use_overlay=&#8221;off&#8221; sticky=&#8221;off&#8221; align=&#8221;center&#8221; always_center_on_mobile=&#8221;on&#8221; use_border_color=&#8221;off&#8221; border_color=&#8221;#ffffff&#8221; border_style=&#8221;solid&#8221; force_fullwidth=&#8221;off&#8221; animation=&#8221;off&#8221; src=&#8221;https:\/\/www.madreguadalupe.com\/wp-content\/uploads\/2017\/05\/blanco-1.jpg&#8221; show_bottom_space=&#8221;on&#8221; animation_style=&#8221;none&#8221; animation_duration=&#8221;1000ms&#8221; animation_intensity_slide=&#8221;50%&#8221; \/][et_pb_image src=&#8221;https:\/\/www.madreguadalupe.com\/wp-content\/uploads\/2017\/05\/1.-Favores-recibidos.jpg&#8221; show_in_lightbox=&#8221;off&#8221; url_new_window=&#8221;off&#8221; use_overlay=&#8221;off&#8221; sticky=&#8221;off&#8221; align=&#8221;center&#8221; always_center_on_mobile=&#8221;on&#8221; use_border_color=&#8221;off&#8221; border_color=&#8221;#ffffff&#8221; border_style=&#8221;solid&#8221; force_fullwidth=&#8221;off&#8221; animation=&#8221;off&#8221; show_bottom_space=&#8221;on&#8221; animation_style=&#8221;none&#8221; animation_duration=&#8221;1000ms&#8221; animation_intensity_slide=&#8221;50%&#8221; \/][\/et_pb_column][\/et_pb_row][et_pb_row background_position=&#8221;top_left&#8221; background_repeat=&#8221;repeat&#8221; background_size=&#8221;initial&#8221;][et_pb_column type=&#8221;1_4&#8243;][\/et_pb_column][et_pb_column type=&#8221;1_4&#8243;][et_pb_button button_text=&#8221;INSERIR GRA\u00c7AS&#8221; url_new_window=&#8221;on&#8221; button_alignment=&#8221;center&#8221; background_layout=&#8221;light&#8221; custom_button=&#8221;on&#8221; button_icon_placement=&#8221;right&#8221; button_text_size=&#8221;15&#8243; button_bg_color=&#8221;#ffffff&#8221; button_border_color=&#8221;#993333&#8243; button_text_color=&#8221;#993333&#8243; _builder_version=&#8221;3.0.90&#8243; button_url=&#8221;https:\/\/www.madreguadalupe.com\/pt-pt\/insertar-favores\/&#8221; \/][\/et_pb_column][et_pb_column type=&#8221;1_4&#8243;][et_pb_button button_text=&#8221;L\u00caR GRA\u00c7AS&#8221; url_new_window=&#8221;on&#8221; button_alignment=&#8221;center&#8221; custom_button=&#8221;on&#8221; button_text_size=&#8221;15&#8243; button_bg_color=&#8221;#f5f5f5&#8243; button_border_color=&#8221;#993333&#8243; button_text_color=&#8221;#993333&#8243; _builder_version=&#8221;3.9&#8243; button_url=&#8221;https:\/\/www.madreguadalupe.com\/pt-pt\/leer-favores\/&#8221; \/][\/et_pb_column][et_pb_column type=&#8221;1_4&#8243;][\/et_pb_column][\/et_pb_row][\/et_pb_section]<\/p>\n","protected":false},"excerpt":{"rendered":"<p>Sua intercess\u00e3o no c\u00e9u \u00a0 Tratando-se de um mart\u00edrio n\u00e3o foi necess\u00e1rio apresentar um milagre para sua beatifica\u00e7\u00e3o, no entanto, tal requisito \u00e9 imprescind\u00edvel para a sua canoniza\u00e7\u00e3o que todos desejamos. Por isso, esperamos que Deus atenda aos pedidos que, por interm\u00e9dio da Madre Guadalupe, lhe apresentam seus devotos. Todas as gra\u00e7as e favores que [&hellip;]<\/p>\n","protected":false},"author":2,"featured_media":0,"parent":0,"menu_order":0,"comment_status":"closed","ping_status":"closed","template":"","meta":{"_et_pb_use_builder":"on","_et_pb_old_content":"","_et_gb_content_width":"","footnotes":""},"class_list":["post-1859","page","type-page","status-publish","hentry"],"_links":{"self":[{"href":"https:\/\/www.madreguadalupe.com\/pt-pt\/wp-json\/wp\/v2\/pages\/1859","targetHints":{"allow":["GET"]}}],"collection":[{"href":"https:\/\/www.madreguadalupe.com\/pt-pt\/wp-json\/wp\/v2\/pages"}],"about":[{"href":"https:\/\/www.madreguadalupe.com\/pt-pt\/wp-json\/wp\/v2\/types\/page"}],"author":[{"embeddable":true,"href":"https:\/\/www.madreguadalupe.com\/pt-pt\/wp-json\/wp\/v2\/users\/2"}],"replies":[{"embeddable":true,"href":"https:\/\/www.madreguadalupe.com\/pt-pt\/wp-json\/wp\/v2\/comments?post=1859"}],"version-history":[{"count":12,"href":"https:\/\/www.madreguadalupe.com\/pt-pt\/wp-json\/wp\/v2\/pages\/1859\/revisions"}],"predecessor-version":[{"id":2664,"href":"https:\/\/www.madreguadalupe.com\/pt-pt\/wp-json\/wp\/v2\/pages\/1859\/revisions\/2664"}],"wp:attachment":[{"href":"https:\/\/www.madreguadalupe.com\/pt-pt\/wp-json\/wp\/v2\/media?parent=1859"}],"curies":[{"name":"wp","href":"https:\/\/api.w.org\/{rel}","templated":true}]}}