{"id":1865,"date":"2017-05-29T17:15:48","date_gmt":"2017-05-29T17:15:48","guid":{"rendered":"http:\/\/www.madreguadalupe.com\/documentos\/"},"modified":"2020-10-16T12:55:07","modified_gmt":"2020-10-16T12:55:07","slug":"documentos","status":"publish","type":"page","link":"https:\/\/www.madreguadalupe.com\/pt-pt\/documentos\/","title":{"rendered":"DOCUMENTOS"},"content":{"rendered":"<p>[et_pb_section fb_built=&#8221;1&#8243; fullwidth=&#8221;on&#8221; _builder_version=&#8221;3.22&#8243;][et_pb_fullwidth_image src=&#8221;https:\/\/www.madreguadalupe.com\/wp-content\/uploads\/2017\/11\/cabecera_LIRIO_ROJO-copia.jpg&#8221; _builder_version=&#8221;3.0.89&#8243; animation_direction=&#8221;off&#8221; border_color_all=&#8221;#ffffff&#8221; border_style_all=&#8221;solid&#8221; animation=&#8221;off&#8221; use_border_color=&#8221;off&#8221; border_color=&#8221;#ffffff&#8221; border_style=&#8221;solid&#8221;][\/et_pb_fullwidth_image][\/et_pb_section][et_pb_section fb_built=&#8221;1&#8243; _builder_version=&#8221;3.22&#8243;][et_pb_row column_structure=&#8221;1_4,1_2,1_4&#8243; _builder_version=&#8221;3.25&#8243; background_size=&#8221;initial&#8221; background_position=&#8221;top_left&#8221; background_repeat=&#8221;repeat&#8221;][et_pb_column type=&#8221;1_4&#8243; _builder_version=&#8221;3.0.47&#8243; custom_padding=&#8221;|||&#8221; custom_padding__hover=&#8221;|||&#8221;][et_pb_sidebar area=&#8221;sidebar-1&#8243; _builder_version=&#8221;3.0.74&#8243; remove_border=&#8221;off&#8221;][\/et_pb_sidebar][\/et_pb_column][et_pb_column type=&#8221;1_2&#8243; _builder_version=&#8221;3.0.47&#8243; custom_padding=&#8221;|||&#8221; custom_padding__hover=&#8221;|||&#8221;][et_pb_text _builder_version=&#8221;4.6.0&#8243; background_size=&#8221;initial&#8221; background_position=&#8221;top_left&#8221; background_repeat=&#8221;repeat&#8221; module_alignment=&#8221;center&#8221; hover_enabled=&#8221;0&#8243; z_index_tablet=&#8221;500&#8243; text_text_shadow_horizontal_length_tablet=&#8221;0px&#8221; text_text_shadow_vertical_length_tablet=&#8221;0px&#8221; text_text_shadow_blur_strength_tablet=&#8221;1px&#8221; link_text_shadow_horizontal_length_tablet=&#8221;0px&#8221; link_text_shadow_vertical_length_tablet=&#8221;0px&#8221; link_text_shadow_blur_strength_tablet=&#8221;1px&#8221; ul_text_shadow_horizontal_length_tablet=&#8221;0px&#8221; ul_text_shadow_vertical_length_tablet=&#8221;0px&#8221; ul_text_shadow_blur_strength_tablet=&#8221;1px&#8221; ol_text_shadow_horizontal_length_tablet=&#8221;0px&#8221; ol_text_shadow_vertical_length_tablet=&#8221;0px&#8221; ol_text_shadow_blur_strength_tablet=&#8221;1px&#8221; quote_text_shadow_horizontal_length_tablet=&#8221;0px&#8221; quote_text_shadow_vertical_length_tablet=&#8221;0px&#8221; quote_text_shadow_blur_strength_tablet=&#8221;1px&#8221; header_text_shadow_horizontal_length_tablet=&#8221;0px&#8221; header_text_shadow_vertical_length_tablet=&#8221;0px&#8221; header_text_shadow_blur_strength_tablet=&#8221;1px&#8221; header_2_text_shadow_horizontal_length_tablet=&#8221;0px&#8221; header_2_text_shadow_vertical_length_tablet=&#8221;0px&#8221; header_2_text_shadow_blur_strength_tablet=&#8221;1px&#8221; header_3_text_shadow_horizontal_length_tablet=&#8221;0px&#8221; header_3_text_shadow_vertical_length_tablet=&#8221;0px&#8221; header_3_text_shadow_blur_strength_tablet=&#8221;1px&#8221; header_4_text_shadow_horizontal_length_tablet=&#8221;0px&#8221; header_4_text_shadow_vertical_length_tablet=&#8221;0px&#8221; header_4_text_shadow_blur_strength_tablet=&#8221;1px&#8221; header_5_text_shadow_horizontal_length_tablet=&#8221;0px&#8221; header_5_text_shadow_vertical_length_tablet=&#8221;0px&#8221; header_5_text_shadow_blur_strength_tablet=&#8221;1px&#8221; header_6_text_shadow_horizontal_length_tablet=&#8221;0px&#8221; header_6_text_shadow_vertical_length_tablet=&#8221;0px&#8221; header_6_text_shadow_blur_strength_tablet=&#8221;1px&#8221; box_shadow_horizontal_tablet=&#8221;0px&#8221; box_shadow_vertical_tablet=&#8221;0px&#8221; box_shadow_blur_tablet=&#8221;40px&#8221; box_shadow_spread_tablet=&#8221;0px&#8221; use_border_color=&#8221;off&#8221; sticky_enabled=&#8221;0&#8243;]<\/p>\n<h3 style=\"text-align: left;\"><strong>Documentos<br \/><\/strong><\/h3>\n<h3 style=\"text-align: justify;\"><strong>\u00a0<\/strong><\/h3>\n<p>As publica\u00e7\u00f5es at\u00e9 agora feitas referentes a bem-aventurada Maria Guadalupe s\u00e3o as seguintes:<\/p>\n<p>&nbsp;<\/p>\n<p style=\"text-align: justify;\">\u00a0&#8211; FOLHA INFORMATIVA: divulga as gra\u00e7as obtidas por sua intercess\u00e3o, as ofertas recebidas para as despesas da vice-postula\u00e7\u00e3o, not\u00edcias e algumas reflex\u00f5es espirituais sobre o seu her\u00f3ico testemunho e vida exemplar. Contacta-se connosco se deseja receber esta folha. Abaixo, voc\u00ea pode consultar as Folhas publicadas, mantidas no arquivo de VicePostula\u00e7\u00e3o.<\/p>\n<p style=\"text-align: justify;\">&#8211; \u00a0DECRETO DO MART\u00cdRIO: folheto que traz o decreto do mart\u00edrio da bem-aventurada Maria Guadalupe, a cr\u00f4nica do reconhecimento do seu corpo, e as cartas do Prior Geral da Ordem e da Priora do mosteiro \u201cAl Pie de la Cruz\u201d, antes da beatifica\u00e7\u00e3o. Foi publicado no ano 2000 (em espanhol).<\/p>\n<p style=\"text-align: justify;\">&#8211; BEATA MARIA GUADALUPE RICART OLMOS: folheto biogr\u00e1fico, publicado por ocasi\u00e3o da beatifica\u00e7\u00e3o. Traz tamb\u00e9m uma reflex\u00e3o sobre a vida contemplativa dos Servos de Maria. Publicado em 2001 (em espanhol).<\/p>\n<p style=\"text-align: justify;\">&#8211; LA BEATIFICAZIONE DI SUOR M\u00aa GUADALUPE RICART OLMOS (1881-1936), Pe. Tito M. Sartori osm, em Studi Storici OSM 51 (2001), p. 233-254 (em Italiano).<\/p>\n<p style=\"text-align: justify;\">&#8211; ESPLENDOR DE UMA VICTIMA. EL MARTIRIO DE SOR MARIA GUADALUPE RICART OLMOS, MONJA SIERVA DE MARIA. Fray Tito M. Sartori osm, Madrid 2000. Biografia escrita pelo Postulador Geral. Traduzida do original italiano para o espanhol. Existe tamb\u00e9m\u00a0 em franc\u00eas.<\/p>\n<p style=\"text-align: justify;\">&#8211; A NUESTRA AMADA ORDEN. CARTAS IN\u00c9DITAS DE LA BEATA MARIA GUADALUPE RICART OLMOS, AL PRIOR GENERAL DE LOS SIERVOS DE MARIA (1931-1934). Vicente Lorente P\u00e9rez y fray Andr\u00e9s M. Boluda, Madrid 2002. Estudo detalhado da correspond\u00eancia mantida durante seu mandato como priora (em espanhol).<\/p>\n<p style=\"text-align: justify;\">&#8211; LAS SIERVAS DE MARIA DURANTE LA PERSECUCI\u00d3N RELIGIOSA EN ESPA\u00d1A (1931-1939). Vicente Lorente P\u00e9rez, em Studi Storici OSM, a\u00f1o LII, 2002, vol. 52, pp. 71-108. Trata-se de um extrato dedicado ao Mosteiro \u201cAl Pie de la Cruz\u201d e que descreve como a comunidade da bem-aventurada Maria Guadalupe viveu a persegui\u00e7\u00e3o religiosa (em espanhol).<\/p>\n<p>Outros documentos dispon\u00edveis em PDF:<\/p>\n<p style=\"text-align: left; padding-left: 30px;\"><strong>Fohla Informativa:<\/strong><\/p>\n<p style=\"text-align: left; padding-left: 30px;\"><span style=\"color: #33cccc;\"><a href=\"https:\/\/www.madreguadalupe.com\/wp-content\/uploads\/2019\/09\/Especial-1959.pdf\" target=\"_blank\" rel=\"noopener noreferrer\">Especial 1959<\/a><a href=\"https:\/\/www.madreguadalupe.com\/wp-content\/uploads\/2019\/09\/n1-1959.pdf\" target=\"_blank\" rel=\"noopener noreferrer\"><br \/>n\u00ba 1-1959<\/a><a href=\"https:\/\/www.madreguadalupe.com\/wp-content\/uploads\/2019\/09\/Especial-1959.pdf\" target=\"_blank\" rel=\"noopener noreferrer\"><br \/><\/a><a href=\"https:\/\/www.madreguadalupe.com\/wp-content\/uploads\/2019\/09\/n14-1972.pdf\" target=\"_blank\" rel=\"noopener noreferrer\">n\u00ba 14-1972<\/a><a href=\"https:\/\/www.madreguadalupe.com\/wp-content\/uploads\/2019\/09\/Especial-1959.pdf\" target=\"_blank\" rel=\"noopener noreferrer\"><br \/><\/a><a href=\"https:\/\/www.madreguadalupe.com\/wp-content\/uploads\/2019\/09\/n17-1979.pdf\" target=\"_blank\" rel=\"noopener noreferrer\">n\u00ba 17-1979<\/a><a href=\"https:\/\/www.madreguadalupe.com\/wp-content\/uploads\/2019\/09\/Especial-1959.pdf\" target=\"_blank\" rel=\"noopener noreferrer\"><br \/><\/a><a href=\"https:\/\/www.madreguadalupe.com\/wp-content\/uploads\/2019\/09\/n18-1981.pdf\" target=\"_blank\" rel=\"noopener noreferrer\">n\u00ba 18-1981<\/a><a href=\"https:\/\/www.madreguadalupe.com\/wp-content\/uploads\/2019\/09\/Especial-1959.pdf\" target=\"_blank\" rel=\"noopener noreferrer\"><br \/><\/a><a href=\"https:\/\/www.madreguadalupe.com\/wp-content\/uploads\/2019\/09\/n19-1983.pdf\" target=\"_blank\" rel=\"noopener noreferrer\">n\u00ba 19-1983<\/a><a href=\"https:\/\/www.madreguadalupe.com\/wp-content\/uploads\/2019\/09\/Especial-1959.pdf\" target=\"_blank\" rel=\"noopener noreferrer\"><br \/><\/a><a href=\"https:\/\/www.madreguadalupe.com\/wp-content\/uploads\/2019\/09\/n20-1999.pdf\" target=\"_blank\" rel=\"noopener noreferrer\">n\u00ba 20-1999<\/a><a href=\"https:\/\/www.madreguadalupe.com\/wp-content\/uploads\/2019\/09\/Especial-1959.pdf\" target=\"_blank\" rel=\"noopener noreferrer\"><br \/><\/a><a href=\"https:\/\/www.madreguadalupe.com\/wp-content\/uploads\/2019\/09\/n21-2002.pdf\" target=\"_blank\" rel=\"noopener noreferrer\">n\u00ba 21-2002<\/a><a href=\"https:\/\/www.madreguadalupe.com\/wp-content\/uploads\/2019\/09\/Especial-1959.pdf\" target=\"_blank\" rel=\"noopener noreferrer\"><br \/><\/a><a href=\"https:\/\/www.madreguadalupe.com\/wp-content\/uploads\/2019\/09\/n22-2003.pdf\" target=\"_blank\" rel=\"noopener noreferrer\">n\u00ba 22-2003<\/a><a href=\"https:\/\/www.madreguadalupe.com\/wp-content\/uploads\/2019\/09\/Especial-1959.pdf\" target=\"_blank\" rel=\"noopener noreferrer\"><br \/><\/a><a href=\"https:\/\/www.madreguadalupe.com\/wp-content\/uploads\/2019\/09\/n23-2003.pdf\" target=\"_blank\" rel=\"noopener noreferrer\">n\u00ba 23-2003<\/a><\/span><span style=\"color: #33cccc;\"><a href=\"https:\/\/www.madreguadalupe.com\/wp-content\/uploads\/2019\/09\/n24-2004.pdf\" target=\"_blank\" rel=\"noopener noreferrer\"><br \/>n\u00ba 24-2004<\/a><a href=\"https:\/\/www.madreguadalupe.com\/wp-content\/uploads\/2019\/09\/n23-2003.pdf\" target=\"_blank\" rel=\"noopener noreferrer\"><br \/><\/a><a href=\"https:\/\/www.madreguadalupe.com\/wp-content\/uploads\/2019\/09\/n25-2005.pdf\" target=\"_blank\" rel=\"noopener noreferrer\">n\u00ba 25-2005<\/a><a href=\"https:\/\/www.madreguadalupe.com\/wp-content\/uploads\/2019\/09\/n23-2003.pdf\" target=\"_blank\" rel=\"noopener noreferrer\"><br \/><\/a><a href=\"https:\/\/www.madreguadalupe.com\/wp-content\/uploads\/2019\/09\/n26-2006.pdf\" target=\"_blank\" rel=\"noopener noreferrer\">n\u00ba 26-2006<\/a><a href=\"https:\/\/www.madreguadalupe.com\/wp-content\/uploads\/2019\/09\/n23-2003.pdf\" target=\"_blank\" rel=\"noopener noreferrer\"><br \/><\/a><a href=\"https:\/\/www.madreguadalupe.com\/wp-content\/uploads\/2019\/09\/n27-2006.pdf\" target=\"_blank\" rel=\"noopener noreferrer\">n\u00ba 27-2006<\/a><a href=\"https:\/\/www.madreguadalupe.com\/wp-content\/uploads\/2019\/09\/n23-2003.pdf\" target=\"_blank\" rel=\"noopener noreferrer\"><br \/><\/a><a href=\"https:\/\/www.madreguadalupe.com\/wp-content\/uploads\/2019\/09\/n28-2009.pdf\" target=\"_blank\" rel=\"noopener noreferrer\">n\u00ba 28-2009<\/a><a href=\"https:\/\/www.madreguadalupe.com\/wp-content\/uploads\/2019\/09\/n23-2003.pdf\" target=\"_blank\" rel=\"noopener noreferrer\"><br \/><\/a><a href=\"https:\/\/www.madreguadalupe.com\/wp-content\/uploads\/2019\/09\/n29-2018-1.pdf\" target=\"_blank\" rel=\"noopener noreferrer\">n\u00ba 29-2018<\/a><a href=\"https:\/\/www.madreguadalupe.com\/wp-content\/uploads\/2019\/09\/n23-2003.pdf\" target=\"_blank\" rel=\"noopener noreferrer\"><br \/><\/a><a href=\"https:\/\/www.madreguadalupe.com\/wp-content\/uploads\/2019\/09\/n30-2018.pdf\" target=\"_blank\" rel=\"noopener noreferrer\">n\u00ba 30-2018<\/a><a href=\"https:\/\/www.madreguadalupe.com\/wp-content\/uploads\/2019\/09\/n23-2003.pdf\" target=\"_blank\" rel=\"noopener noreferrer\"><br \/><\/a><a href=\"https:\/\/www.madreguadalupe.com\/wp-content\/uploads\/2019\/09\/n31-2019.pdf\" target=\"_blank\" rel=\"noopener noreferrer\">n\u00ba 31-2019<\/a><a href=\"https:\/\/www.madreguadalupe.com\/wp-content\/uploads\/2019\/09\/n23-2003.pdf\" target=\"_blank\" rel=\"noopener noreferrer\"><br \/><\/a><a href=\"https:\/\/www.madreguadalupe.com\/wp-content\/uploads\/2019\/09\/n32-2019.pdf\" target=\"_blank\" rel=\"noopener noreferrer\">n\u00ba 32-2019<\/a><\/span><\/p>\n<p style=\"text-align: left; padding-left: 30px;\"><strong>Biografia:<\/strong><\/p>\n<p style=\"text-align: left; padding-left: 30px;\"><a href=\"https:\/\/www.madreguadalupe.com\/wp-content\/uploads\/2017\/05\/esplendor.pdf\" target=\"_blank\" rel=\"noopener noreferrer\">Esplendor de una v\u00edctima<\/a><a href=\"https:\/\/www.madreguadalupe.com\/wp-content\/uploads\/2017\/05\/decreto_martirio.pdf\" target=\"_blank\" rel=\"noopener noreferrer\"><br \/>Decreto martirio<\/a><\/p>\n<p style=\"text-align: left; padding-left: 30px;\"><strong>Beatifica\u00e7\u00e3o:<\/strong><\/p>\n<p style=\"text-align: left; padding-left: 30px;\"><a href=\"https:\/\/www.madreguadalupe.com\/wp-content\/uploads\/2017\/05\/carta_pastoral_arzobispo.pdf\" target=\"_blank\" rel=\"noopener noreferrer\">Carta Pastoral arzobispo de Valencia<\/a><br \/><a href=\"https:\/\/www.madreguadalupe.com\/wp-content\/uploads\/2017\/05\/carta_priora_mislata.pdf\" target=\"_blank\" rel=\"noopener noreferrer\">Carta de la Priora del Monasterio de Al pie de la Cruz<\/a><br \/><a href=\"https:\/\/www.madreguadalupe.com\/wp-content\/uploads\/2017\/05\/carta_prior_provincial.pdf\" target=\"_blank\" rel=\"noopener noreferrer\">Carta del Prior Provincial<\/a><br \/><a href=\"https:\/\/www.madreguadalupe.com\/wp-content\/uploads\/2017\/05\/homilia_juan_pablo.pdf\" target=\"_blank\" rel=\"noopener noreferrer\">Homil\u00eda de Juan Pablo II<\/a><\/p>\n<p style=\"text-align: left; padding-left: 30px;\"><strong>Ac\u00e7\u00e3o de gra\u00e7as pela Beatifica\u00e7\u00e3o:<\/strong><\/p>\n<p style=\"text-align: left; padding-left: 30px;\"><a href=\"https:\/\/www.madreguadalupe.com\/wp-content\/uploads\/2017\/05\/homilia_juan_pablo.pdf\" target=\"_blank\" rel=\"noopener noreferrer\">Discurso de Juan Pablo II en la Acci\u00f3n de Gracias<\/a><br \/><a href=\"https:\/\/www.madreguadalupe.com\/wp-content\/uploads\/2017\/05\/Homilia.pdf\" target=\"_blank\" rel=\"noopener noreferrer\">Homil\u00eda del Prior General<\/a><\/p>\n<p style=\"text-align: left; padding-left: 30px;\"><strong>Sobre o 125\u00ba Anivers\u00e1rio de seu nascimento<\/strong><\/p>\n<p style=\"text-align: left; padding-left: 30px;\"><a href=\"https:\/\/www.madreguadalupe.com\/wp-content\/uploads\/2017\/05\/carta_prior_general125.pdf\" target=\"_blank\" rel=\"noopener noreferrer\">Carta del Prior General<\/a><br \/><a href=\"https:\/\/www.madreguadalupe.com\/wp-content\/uploads\/2017\/05\/carta_priora_mislata125.pdf\" target=\"_blank\" rel=\"noopener noreferrer\">Carta de la Priora del Monasterio de Al Pie de la Cruz<\/a><br \/><a href=\"https:\/\/www.madreguadalupe.com\/wp-content\/uploads\/2017\/05\/carta_arzobispo_valencia125.pdf\" target=\"_blank\" rel=\"noopener noreferrer\">Carta del Arzobispo de Valencia<\/a><br \/><a href=\"https:\/\/www.madreguadalupe.com\/wp-content\/uploads\/2017\/05\/eucaristia_accion_gracias_mislata.pdf\" target=\"_blank\" rel=\"noopener noreferrer\">Eucarist\u00eda Acci\u00f3n de Gracias MIslata<\/a><br \/><a href=\"https:\/\/www.madreguadalupe.com\/wp-content\/uploads\/2017\/05\/eucaristia_accion_gracias_albal.pdf\" target=\"_blank\" rel=\"noopener noreferrer\">Eucarist\u00eda Acci\u00f3n de Gracias Albal<\/a><br \/><a href=\"https:\/\/www.madreguadalupe.com\/wp-content\/uploads\/2017\/05\/homilia_esteban_escudero.pdf\" target=\"_blank\" rel=\"noopener noreferrer\">Homil\u00eda D. Esteban Escudero<\/a><br \/><a href=\"https:\/\/www.madreguadalupe.com\/wp-content\/uploads\/2017\/05\/cronica_125_aniversario_albal.pdf\" target=\"_blank\" rel=\"noopener noreferrer\">Cr\u00f3nica 125 Aniversario en Albal<\/a><br \/><a href=\"https:\/\/www.madreguadalupe.com\/wp-content\/uploads\/2017\/05\/colocacion_lapida_casa_natal.pdf\" target=\"_blank\" rel=\"noopener noreferrer\">Colocaci\u00f3n l\u00e1pida en Casa Natal<\/a><br \/><a href=\"https:\/\/www.madreguadalupe.com\/wp-content\/uploads\/2017\/05\/Eucaristia.pdf\" target=\"_blank\" rel=\"noopener noreferrer\">Eucaristia de Conclusi\u00f3n en el Monasterio<\/a><br \/><a href=\"https:\/\/www.madreguadalupe.com\/wp-content\/uploads\/2017\/05\/Homilia.pdf\" target=\"_blank\" rel=\"noopener noreferrer\">Homilia del Rvdo P. General<\/a><\/p>\n<p style=\"text-align: left; padding-left: 30px;\"><strong>B\u00ean\u00e7\u00e3o da Primeira Capela Domiciliar<\/strong><\/p>\n<p style=\"text-align: left; padding-left: 30px;\"><a href=\"https:\/\/www.madreguadalupe.com\/wp-content\/uploads\/2020\/10\/Conica-Bendicion-Capilla-Domiciliaria-26-09-2020-1.pdf\" target=\"_blank\" rel=\"noopener noreferrer\">Fiesta 2020 ALBAL, B\u00ean\u00e7\u00e3o da Primeira Capela Domiciliara<\/a><\/p>\n<p>[\/et_pb_text][\/et_pb_column][et_pb_column type=&#8221;1_4&#8243; _builder_version=&#8221;3.0.47&#8243; custom_padding=&#8221;|||&#8221; custom_padding__hover=&#8221;|||&#8221;][et_pb_image src=&#8221;https:\/\/www.madreguadalupe.com\/wp-content\/uploads\/2017\/05\/blanco-1.jpg&#8221; align=&#8221;center&#8221; align_tablet=&#8221;center&#8221; align_phone=&#8221;&#8221; align_last_edited=&#8221;on|desktop&#8221; _builder_version=&#8221;3.23&#8243; animation=&#8221;off&#8221; use_border_color=&#8221;off&#8221; border_color=&#8221;#ffffff&#8221; border_style=&#8221;solid&#8221; sticky=&#8221;off&#8221; always_center_on_mobile=&#8221;on&#8221;][\/et_pb_image][et_pb_image src=&#8221;https:\/\/www.madreguadalupe.com\/wp-content\/uploads\/2017\/05\/1.-Documentos.jpg&#8221; align=&#8221;center&#8221; align_tablet=&#8221;center&#8221; align_phone=&#8221;&#8221; align_last_edited=&#8221;on|desktop&#8221; _builder_version=&#8221;3.23&#8243; animation=&#8221;off&#8221; use_border_color=&#8221;off&#8221; border_color=&#8221;#ffffff&#8221; border_style=&#8221;solid&#8221; sticky=&#8221;off&#8221; always_center_on_mobile=&#8221;on&#8221;][\/et_pb_image][\/et_pb_column][\/et_pb_row][\/et_pb_section]<\/p>\n","protected":false},"excerpt":{"rendered":"<p>Documentos \u00a0 As publica\u00e7\u00f5es at\u00e9 agora feitas referentes a bem-aventurada Maria Guadalupe s\u00e3o as seguintes: &nbsp; \u00a0&#8211; FOLHA INFORMATIVA: divulga as gra\u00e7as obtidas por sua intercess\u00e3o, as ofertas recebidas para as despesas da vice-postula\u00e7\u00e3o, not\u00edcias e algumas reflex\u00f5es espirituais sobre o seu her\u00f3ico testemunho e vida exemplar. Contacta-se connosco se deseja receber esta folha. Abaixo, [&hellip;]<\/p>\n","protected":false},"author":2,"featured_media":0,"parent":0,"menu_order":0,"comment_status":"closed","ping_status":"closed","template":"","meta":{"_et_pb_use_builder":"on","_et_pb_old_content":"","_et_gb_content_width":"","footnotes":""},"class_list":["post-1865","page","type-page","status-publish","hentry"],"_links":{"self":[{"href":"https:\/\/www.madreguadalupe.com\/pt-pt\/wp-json\/wp\/v2\/pages\/1865","targetHints":{"allow":["GET"]}}],"collection":[{"href":"https:\/\/www.madreguadalupe.com\/pt-pt\/wp-json\/wp\/v2\/pages"}],"about":[{"href":"https:\/\/www.madreguadalupe.com\/pt-pt\/wp-json\/wp\/v2\/types\/page"}],"author":[{"embeddable":true,"href":"https:\/\/www.madreguadalupe.com\/pt-pt\/wp-json\/wp\/v2\/users\/2"}],"replies":[{"embeddable":true,"href":"https:\/\/www.madreguadalupe.com\/pt-pt\/wp-json\/wp\/v2\/comments?post=1865"}],"version-history":[{"count":13,"href":"https:\/\/www.madreguadalupe.com\/pt-pt\/wp-json\/wp\/v2\/pages\/1865\/revisions"}],"predecessor-version":[{"id":3402,"href":"https:\/\/www.madreguadalupe.com\/pt-pt\/wp-json\/wp\/v2\/pages\/1865\/revisions\/3402"}],"wp:attachment":[{"href":"https:\/\/www.madreguadalupe.com\/pt-pt\/wp-json\/wp\/v2\/media?parent=1865"}],"curies":[{"name":"wp","href":"https:\/\/api.w.org\/{rel}","templated":true}]}}