{"id":1872,"date":"2017-05-29T17:16:04","date_gmt":"2017-05-29T17:16:04","guid":{"rendered":"http:\/\/www.madreguadalupe.com\/galeria-de-imagenes\/"},"modified":"2019-10-05T07:42:42","modified_gmt":"2019-10-05T07:42:42","slug":"galeria-de-imagenes","status":"publish","type":"page","link":"https:\/\/www.madreguadalupe.com\/pt-pt\/galeria-de-imagenes\/","title":{"rendered":"GALERIA DE IMAGENS"},"content":{"rendered":"<p>[et_pb_section bb_built=&#8221;1&#8243; fullwidth=&#8221;on&#8221; specialty=&#8221;off&#8221; next_background_color=&#8221;#000000&#8243; inner_width=&#8221;90%&#8221; inner_max_width=&#8221;1200px&#8221;][et_pb_fullwidth_image src=&#8221;https:\/\/www.madreguadalupe.com\/wp-content\/uploads\/2017\/11\/cabecera_LIRIO_ROJO-copia.jpg&#8221; show_in_lightbox=&#8221;off&#8221; url_new_window=&#8221;off&#8221; use_overlay=&#8221;off&#8221; use_border_color=&#8221;off&#8221; border_color=&#8221;#ffffff&#8221; border_style=&#8221;solid&#8221; animation=&#8221;off&#8221; _builder_version=&#8221;3.0.89&#8243; animation_direction=&#8221;off&#8221; border_color_all=&#8221;#ffffff&#8221; border_style_all=&#8221;solid&#8221; \/][\/et_pb_section][et_pb_section bb_built=&#8221;1&#8243; fullwidth=&#8221;off&#8221; specialty=&#8221;off&#8221; prev_background_color=&#8221;#000000&#8243; inner_width=&#8221;90%&#8221; inner_max_width=&#8221;1200px&#8221;][et_pb_row allow_player_pause=&#8221;off&#8221; parallax=&#8221;off&#8221; parallax_method=&#8221;on&#8221; make_fullwidth=&#8221;off&#8221; use_custom_width=&#8221;off&#8221; width_unit=&#8221;on&#8221; use_custom_gutter=&#8221;off&#8221; make_equal=&#8221;off&#8221; background_position=&#8221;top_left&#8221; background_repeat=&#8221;repeat&#8221; background_size=&#8221;initial&#8221; width=&#8221;90%&#8221; max_width=&#8221;1200px&#8221;][et_pb_column type=&#8221;1_4&#8243; custom_padding__hover=&#8221;|||&#8221; custom_padding=&#8221;|||&#8221; parallax_method=&#8221;on&#8221;][et_pb_sidebar area=&#8221;sidebar-1&#8243; orientation=&#8221;left&#8221; remove_border=&#8221;off&#8221; background_layout=&#8221;light&#8221; show_border=&#8221;on&#8221; \/][\/et_pb_column][et_pb_column type=&#8221;1_4&#8243; custom_padding__hover=&#8221;|||&#8221; custom_padding=&#8221;|||&#8221; parallax_method=&#8221;on&#8221;][et_pb_image admin_label=&#8221;Rec Reliquias&#8221; src=&#8221;https:\/\/www.madreguadalupe.com\/wp-content\/uploads\/2017\/05\/Reconocimiento-reliquias_p.jpg&#8221; show_in_lightbox=&#8221;off&#8221; url_new_window=&#8221;on&#8221; use_overlay=&#8221;off&#8221; sticky=&#8221;off&#8221; align=&#8221;center&#8221; always_center_on_mobile=&#8221;on&#8221; use_border_color=&#8221;on&#8221; border_color=&#8221;#993333&#8243; border_style=&#8221;solid&#8221; force_fullwidth=&#8221;off&#8221; animation=&#8221;off&#8221; url=&#8221;https:\/\/www.madreguadalupe.com\/1083-2\/&#8221; border_color_all=&#8221;#993333&#8243; border_style_all=&#8221;solid&#8221; show_bottom_space=&#8221;on&#8221; animation_style=&#8221;none&#8221; animation_duration=&#8221;1000ms&#8221; animation_intensity_slide=&#8221;50%&#8221; border_width_all=&#8221;0px&#8221; _builder_version=&#8221;3.0.89&#8243; animation_direction=&#8221;off&#8221; align_last_edited=&#8221;on|desktop&#8221; align_tablet=&#8221;center&#8221; \/][et_pb_text use_border_color=&#8221;off&#8221; background_position=&#8221;top_left&#8221; background_repeat=&#8221;repeat&#8221; background_size=&#8221;initial&#8221; _builder_version=&#8221;3.9&#8243; text_orientation=&#8221;left&#8221;]<\/p>\n<h6 id=\"tw-target-text\" class=\"tw-data-text tw-ta tw-text-medium\" dir=\"ltr\" style=\"text-align: center;\" data-placeholder=\"Traducci\u00f3n\"><span lang=\"pt\">Reconhecimento de suas rel\u00ed-<br \/>quias. Al Pie de la Cruz<br \/>Mislata &#8211; 19\/06\/2000<\/span><\/h6>\n<p>[\/et_pb_text][et_pb_image admin_label=&#8221;Acci\u00f3n Gracias S.Pedro&#8221; src=&#8221;https:\/\/www.madreguadalupe.com\/wp-content\/uploads\/2017\/05\/4.-Acci\u00f3n-de-Gracias-San-Pedro_p.jpg&#8221; show_in_lightbox=&#8221;off&#8221; url_new_window=&#8221;on&#8221; use_overlay=&#8221;off&#8221; sticky=&#8221;off&#8221; align=&#8221;center&#8221; always_center_on_mobile=&#8221;on&#8221; use_border_color=&#8221;on&#8221; border_color=&#8221;#993333&#8243; border_style=&#8221;solid&#8221; force_fullwidth=&#8221;off&#8221; animation=&#8221;off&#8221; border_color_all=&#8221;#993333&#8243; show_bottom_space=&#8221;on&#8221; _builder_version=&#8221;3.0.89&#8243; url=&#8221;https:\/\/www.madreguadalupe.com\/1215-2\/&#8221; animation_direction=&#8221;off&#8221; border_style_all=&#8221;solid&#8221; align_last_edited=&#8221;on|desktop&#8221; align_tablet=&#8221;center&#8221; \/][et_pb_text use_border_color=&#8221;off&#8221; background_position=&#8221;top_left&#8221; background_repeat=&#8221;repeat&#8221; background_size=&#8221;initial&#8221; _builder_version=&#8221;3.9&#8243; text_orientation=&#8221;left&#8221;]<\/p>\n<h6 style=\"text-align: center;\">Missa de Ac\u00e7\u00e3o de Gra\u00e7as<br \/>Bas\u00edlica de S\u00e3o Pedro<br \/>12\/03\/2001<\/h6>\n<p>[\/et_pb_text][et_pb_image admin_label=&#8221;125 Aniversario Mislata&#8221; src=&#8221;https:\/\/www.madreguadalupe.com\/wp-content\/uploads\/2017\/05\/1.-125-Aniversario-en-Mislata_p.jpg&#8221; show_in_lightbox=&#8221;off&#8221; url_new_window=&#8221;on&#8221; use_overlay=&#8221;off&#8221; sticky=&#8221;off&#8221; align=&#8221;center&#8221; always_center_on_mobile=&#8221;on&#8221; use_border_color=&#8221;on&#8221; border_color=&#8221;#993333&#8243; border_style=&#8221;solid&#8221; force_fullwidth=&#8221;off&#8221; animation=&#8221;off&#8221; border_color_all=&#8221;#993333&#8243; show_bottom_space=&#8221;on&#8221; _builder_version=&#8221;3.0.90&#8243; url=&#8221;https:\/\/www.madreguadalupe.com\/125o-aniversario-mislata\/&#8221; animation_direction=&#8221;off&#8221; border_style_all=&#8221;solid&#8221; align_last_edited=&#8221;on|desktop&#8221; align_tablet=&#8221;center&#8221; \/][et_pb_text use_border_color=&#8221;off&#8221; background_position=&#8221;top_left&#8221; background_repeat=&#8221;repeat&#8221; background_size=&#8221;initial&#8221; _builder_version=&#8221;3.9&#8243; text_orientation=&#8221;left&#8221;]<\/p>\n<h6 id=\"tw-target-text\" class=\"tw-data-text tw-ta tw-text-medium\" dir=\"ltr\" style=\"text-align: center;\" data-placeholder=\"Traducci\u00f3n\">125\u00ba Anivers\u00e1rio do seu nasci-<br \/>mento. Al pie de la Cruz<br \/>Mislata &#8211; 23\/02\/2006<\/h6>\n<p>[\/et_pb_text][et_pb_image admin_label=&#8221;Fiesta 2019&#8243; src=&#8221;https:\/\/www.madreguadalupe.com\/wp-content\/uploads\/2019\/10\/3-10-2919-Mislata-5-copia.jpg&#8221; url_new_window=&#8221;on&#8221; align=&#8221;center&#8221; use_border_color=&#8221;on&#8221; border_color_all=&#8221;#993333&#8243; _builder_version=&#8221;3.27.4&#8243; url=&#8221;https:\/\/www.madreguadalupe.com\/fiesta-2019-galeria\/ &#8221; align_last_edited=&#8221;on|desktop&#8221; align_tablet=&#8221;center&#8221; box_shadow_horizontal_tablet=&#8221;0px&#8221; box_shadow_vertical_tablet=&#8221;0px&#8221; box_shadow_blur_tablet=&#8221;40px&#8221; box_shadow_spread_tablet=&#8221;0px&#8221; z_index_tablet=&#8221;500&#8243; \/][et_pb_text use_border_color=&#8221;off&#8221; background_position=&#8221;top_left&#8221; background_repeat=&#8221;repeat&#8221; background_size=&#8221;initial&#8221; _builder_version=&#8221;3.27.4&#8243; text_text_shadow_horizontal_length=&#8221;text_text_shadow_style,%91object Object%93&#8243; text_text_shadow_horizontal_length_tablet=&#8221;0px&#8221; text_text_shadow_vertical_length=&#8221;text_text_shadow_style,%91object Object%93&#8243; text_text_shadow_vertical_length_tablet=&#8221;0px&#8221; text_text_shadow_blur_strength=&#8221;text_text_shadow_style,%91object Object%93&#8243; text_text_shadow_blur_strength_tablet=&#8221;1px&#8221; link_text_shadow_horizontal_length=&#8221;link_text_shadow_style,%91object Object%93&#8243; link_text_shadow_horizontal_length_tablet=&#8221;0px&#8221; link_text_shadow_vertical_length=&#8221;link_text_shadow_style,%91object Object%93&#8243; link_text_shadow_vertical_length_tablet=&#8221;0px&#8221; link_text_shadow_blur_strength=&#8221;link_text_shadow_style,%91object Object%93&#8243; link_text_shadow_blur_strength_tablet=&#8221;1px&#8221; ul_text_shadow_horizontal_length=&#8221;ul_text_shadow_style,%91object Object%93&#8243; ul_text_shadow_horizontal_length_tablet=&#8221;0px&#8221; ul_text_shadow_vertical_length=&#8221;ul_text_shadow_style,%91object Object%93&#8243; ul_text_shadow_vertical_length_tablet=&#8221;0px&#8221; ul_text_shadow_blur_strength=&#8221;ul_text_shadow_style,%91object Object%93&#8243; ul_text_shadow_blur_strength_tablet=&#8221;1px&#8221; ol_text_shadow_horizontal_length=&#8221;ol_text_shadow_style,%91object Object%93&#8243; ol_text_shadow_horizontal_length_tablet=&#8221;0px&#8221; ol_text_shadow_vertical_length=&#8221;ol_text_shadow_style,%91object Object%93&#8243; ol_text_shadow_vertical_length_tablet=&#8221;0px&#8221; ol_text_shadow_blur_strength=&#8221;ol_text_shadow_style,%91object Object%93&#8243; ol_text_shadow_blur_strength_tablet=&#8221;1px&#8221; quote_text_shadow_horizontal_length=&#8221;quote_text_shadow_style,%91object Object%93&#8243; quote_text_shadow_horizontal_length_tablet=&#8221;0px&#8221; quote_text_shadow_vertical_length=&#8221;quote_text_shadow_style,%91object Object%93&#8243; quote_text_shadow_vertical_length_tablet=&#8221;0px&#8221; quote_text_shadow_blur_strength=&#8221;quote_text_shadow_style,%91object Object%93&#8243; quote_text_shadow_blur_strength_tablet=&#8221;1px&#8221; header_text_shadow_horizontal_length=&#8221;header_text_shadow_style,%91object Object%93&#8243; header_text_shadow_horizontal_length_tablet=&#8221;0px&#8221; header_text_shadow_vertical_length=&#8221;header_text_shadow_style,%91object Object%93&#8243; header_text_shadow_vertical_length_tablet=&#8221;0px&#8221; header_text_shadow_blur_strength=&#8221;header_text_shadow_style,%91object Object%93&#8243; header_text_shadow_blur_strength_tablet=&#8221;1px&#8221; header_2_text_shadow_horizontal_length=&#8221;header_2_text_shadow_style,%91object Object%93&#8243; header_2_text_shadow_horizontal_length_tablet=&#8221;0px&#8221; header_2_text_shadow_vertical_length=&#8221;header_2_text_shadow_style,%91object Object%93&#8243; header_2_text_shadow_vertical_length_tablet=&#8221;0px&#8221; header_2_text_shadow_blur_strength=&#8221;header_2_text_shadow_style,%91object Object%93&#8243; header_2_text_shadow_blur_strength_tablet=&#8221;1px&#8221; header_3_text_shadow_horizontal_length=&#8221;header_3_text_shadow_style,%91object Object%93&#8243; header_3_text_shadow_horizontal_length_tablet=&#8221;0px&#8221; header_3_text_shadow_vertical_length=&#8221;header_3_text_shadow_style,%91object Object%93&#8243; header_3_text_shadow_vertical_length_tablet=&#8221;0px&#8221; header_3_text_shadow_blur_strength=&#8221;header_3_text_shadow_style,%91object Object%93&#8243; header_3_text_shadow_blur_strength_tablet=&#8221;1px&#8221; header_4_text_shadow_horizontal_length=&#8221;header_4_text_shadow_style,%91object Object%93&#8243; header_4_text_shadow_horizontal_length_tablet=&#8221;0px&#8221; header_4_text_shadow_vertical_length=&#8221;header_4_text_shadow_style,%91object Object%93&#8243; header_4_text_shadow_vertical_length_tablet=&#8221;0px&#8221; header_4_text_shadow_blur_strength=&#8221;header_4_text_shadow_style,%91object Object%93&#8243; header_4_text_shadow_blur_strength_tablet=&#8221;1px&#8221; header_5_text_shadow_horizontal_length=&#8221;header_5_text_shadow_style,%91object Object%93&#8243; header_5_text_shadow_horizontal_length_tablet=&#8221;0px&#8221; header_5_text_shadow_vertical_length=&#8221;header_5_text_shadow_style,%91object Object%93&#8243; header_5_text_shadow_vertical_length_tablet=&#8221;0px&#8221; header_5_text_shadow_blur_strength=&#8221;header_5_text_shadow_style,%91object Object%93&#8243; header_5_text_shadow_blur_strength_tablet=&#8221;1px&#8221; header_6_text_shadow_horizontal_length=&#8221;header_6_text_shadow_style,%91object Object%93&#8243; header_6_text_shadow_horizontal_length_tablet=&#8221;0px&#8221; header_6_text_shadow_vertical_length=&#8221;header_6_text_shadow_style,%91object Object%93&#8243; header_6_text_shadow_vertical_length_tablet=&#8221;0px&#8221; header_6_text_shadow_blur_strength=&#8221;header_6_text_shadow_style,%91object Object%93&#8243; header_6_text_shadow_blur_strength_tablet=&#8221;1px&#8221; box_shadow_horizontal_tablet=&#8221;0px&#8221; box_shadow_vertical_tablet=&#8221;0px&#8221; box_shadow_blur_tablet=&#8221;40px&#8221; box_shadow_spread_tablet=&#8221;0px&#8221; z_index_tablet=&#8221;500&#8243;]<\/p>\n<h6 id=\"tw-target-text\" class=\"tw-data-text tw-ta tw-text-medium\" dir=\"ltr\" style=\"text-align: center;\" data-placeholder=\"Traducci\u00f3n\">Festa da Beata M\u00e3e Guadalupe<br \/>Al Pie de la Cruz, Mislata<br \/>3\/10\/2019<\/h6>\n<p>[\/et_pb_text][\/et_pb_column][et_pb_column type=&#8221;1_4&#8243; custom_padding__hover=&#8221;|||&#8221; custom_padding=&#8221;|||&#8221; parallax_method=&#8221;on&#8221;][et_pb_image admin_label=&#8221;Via Matrix&#8221; src=&#8221;https:\/\/www.madreguadalupe.com\/wp-content\/uploads\/2017\/05\/1.-Via-Matris_p.jpg&#8221; show_in_lightbox=&#8221;off&#8221; url_new_window=&#8221;on&#8221; use_overlay=&#8221;off&#8221; sticky=&#8221;off&#8221; align=&#8221;center&#8221; always_center_on_mobile=&#8221;on&#8221; use_border_color=&#8221;on&#8221; border_color=&#8221;#993333&#8243; border_style=&#8221;solid&#8221; force_fullwidth=&#8221;off&#8221; animation=&#8221;off&#8221; border_color_all=&#8221;#993333&#8243; show_bottom_space=&#8221;on&#8221; _builder_version=&#8221;3.0.90&#8243; url=&#8221;https:\/\/www.madreguadalupe.com\/1125-2\/&#8221; animation_direction=&#8221;off&#8221; border_style_all=&#8221;solid&#8221; align_last_edited=&#8221;on|desktop&#8221; align_tablet=&#8221;center&#8221; \/][et_pb_text use_border_color=&#8221;off&#8221; background_position=&#8221;top_left&#8221; background_repeat=&#8221;repeat&#8221; background_size=&#8221;initial&#8221; _builder_version=&#8221;3.9&#8243; text_orientation=&#8221;left&#8221;]<\/p>\n<h6 id=\"tw-target-text\" class=\"tw-data-text tw-ta tw-text-medium\" dir=\"ltr\" style=\"text-align: center;\" data-placeholder=\"Traducci\u00f3n\"><span lang=\"pt\">Celebra\u00e7\u00e3o da <em>Via Matris<\/em><br \/>San Marcelo, Roma<br \/>10\/03\/2001<\/span><\/h6>\n<p>[\/et_pb_text][et_pb_image admin_label=&#8221; Gracias Albal&#8221; src=&#8221;https:\/\/www.madreguadalupe.com\/wp-content\/uploads\/2017\/05\/9.-Acci\u00f3n-de-Gracias-en-Albal_p.jpg&#8221; show_in_lightbox=&#8221;off&#8221; url_new_window=&#8221;on&#8221; use_overlay=&#8221;off&#8221; sticky=&#8221;off&#8221; align=&#8221;center&#8221; always_center_on_mobile=&#8221;on&#8221; use_border_color=&#8221;on&#8221; border_color=&#8221;#993333&#8243; border_style=&#8221;solid&#8221; force_fullwidth=&#8221;off&#8221; animation=&#8221;off&#8221; border_color_all=&#8221;#993333&#8243; show_bottom_space=&#8221;on&#8221; _builder_version=&#8221;3.0.89&#8243; url=&#8221;https:\/\/www.madreguadalupe.com\/accion-de-gracias-en-albal-galeria\/&#8221; animation_direction=&#8221;off&#8221; border_style_all=&#8221;solid&#8221; align_last_edited=&#8221;on|desktop&#8221; align_tablet=&#8221;center&#8221; \/][et_pb_text use_border_color=&#8221;off&#8221; background_position=&#8221;top_left&#8221; background_repeat=&#8221;repeat&#8221; background_size=&#8221;initial&#8221; _builder_version=&#8221;3.9&#8243; text_orientation=&#8221;left&#8221;]<\/p>\n<h6 id=\"tw-target-text\" class=\"tw-data-text tw-ta tw-text-medium\" dir=\"ltr\" style=\"text-align: center;\" data-placeholder=\"Traducci\u00f3n\"><span lang=\"pt\">Missa de Ac\u00e7\u00e3o de Gra\u00e7as<br \/>Par\u00f3quia Nossa Senhora dos<br \/>Anjos em Albal &#8211; 2000<\/span><\/h6>\n<p>[\/et_pb_text][et_pb_image admin_label=&#8221;125 Aniversario Albal&#8221; src=&#8221;https:\/\/www.madreguadalupe.com\/wp-content\/uploads\/2017\/05\/20.-125\u00ba-Aniversario-en-Albal_p.jpg&#8221; show_in_lightbox=&#8221;off&#8221; url_new_window=&#8221;on&#8221; use_overlay=&#8221;off&#8221; sticky=&#8221;off&#8221; align=&#8221;center&#8221; always_center_on_mobile=&#8221;on&#8221; use_border_color=&#8221;on&#8221; border_color=&#8221;#993333&#8243; border_style=&#8221;solid&#8221; force_fullwidth=&#8221;off&#8221; animation=&#8221;off&#8221; border_color_all=&#8221;#993333&#8243; show_bottom_space=&#8221;on&#8221; _builder_version=&#8221;3.0.89&#8243; url=&#8221;https:\/\/www.madreguadalupe.com\/125o-aniversario-albal\/&#8221; animation_direction=&#8221;off&#8221; border_style_all=&#8221;solid&#8221; align_last_edited=&#8221;on|desktop&#8221; align_tablet=&#8221;center&#8221; \/][et_pb_text use_border_color=&#8221;off&#8221; background_position=&#8221;top_left&#8221; background_repeat=&#8221;repeat&#8221; background_size=&#8221;initial&#8221; _builder_version=&#8221;3.9&#8243; text_orientation=&#8221;left&#8221;]<\/p>\n<h6 style=\"text-align: center;\">125\u00ba Anivers\u00e1rio do seu nasci-<br \/>mento. Nossa Senhora dos<br \/>Anjos, Albal &#8211; 25\/02\/2006<\/h6>\n<p>[\/et_pb_text][\/et_pb_column][et_pb_column type=&#8221;1_4&#8243; custom_padding__hover=&#8221;|||&#8221; custom_padding=&#8221;|||&#8221; parallax_method=&#8221;on&#8221;][et_pb_image admin_label=&#8221;Beatificaci\u00f3n&#8221; src=&#8221;https:\/\/www.madreguadalupe.com\/wp-content\/uploads\/2017\/05\/1.-Beatificaci\u00f3n_p.jpg&#8221; show_in_lightbox=&#8221;off&#8221; url_new_window=&#8221;on&#8221; use_overlay=&#8221;off&#8221; sticky=&#8221;off&#8221; align=&#8221;center&#8221; always_center_on_mobile=&#8221;on&#8221; use_border_color=&#8221;on&#8221; border_color=&#8221;#993333&#8243; border_style=&#8221;solid&#8221; force_fullwidth=&#8221;off&#8221; animation=&#8221;off&#8221; border_color_all=&#8221;#993333&#8243; show_bottom_space=&#8221;on&#8221; _builder_version=&#8221;3.0.89&#8243; url=&#8221;https:\/\/www.madreguadalupe.com\/1142-2\/&#8221; animation_direction=&#8221;off&#8221; border_style_all=&#8221;solid&#8221; align_last_edited=&#8221;on|desktop&#8221; align_tablet=&#8221;center&#8221; \/][et_pb_text use_border_color=&#8221;off&#8221; background_position=&#8221;top_left&#8221; background_repeat=&#8221;repeat&#8221; background_size=&#8221;initial&#8221; _builder_version=&#8221;3.9&#8243; text_orientation=&#8221;left&#8221;]<\/p>\n<h6 style=\"text-align: center;\"><span lang=\"pt\">Beatifica\u00e7\u00e3o<br \/>Pra\u00e7a de S\u00e3o Pedro do Vaticano<br \/>11\/03\/2001<\/span><\/h6>\n<p>[\/et_pb_text][et_pb_image admin_label=&#8221;Liturgia Mislata&#8221; src=&#8221;https:\/\/www.madreguadalupe.com\/wp-content\/uploads\/2017\/05\/1.-Fiesta-en-Mislata_p.jpg&#8221; show_in_lightbox=&#8221;off&#8221; url_new_window=&#8221;on&#8221; use_overlay=&#8221;off&#8221; sticky=&#8221;off&#8221; align=&#8221;center&#8221; always_center_on_mobile=&#8221;on&#8221; use_border_color=&#8221;on&#8221; border_color=&#8221;#993333&#8243; border_style=&#8221;solid&#8221; force_fullwidth=&#8221;off&#8221; animation=&#8221;off&#8221; border_color_all=&#8221;#993333&#8243; show_bottom_space=&#8221;on&#8221; _builder_version=&#8221;3.0.89&#8243; url=&#8221;https:\/\/www.madreguadalupe.com\/1a-fiesta-liturgica-mislata-galeria\/&#8221; animation_direction=&#8221;off&#8221; border_style_all=&#8221;solid&#8221; align_last_edited=&#8221;on|desktop&#8221; align_tablet=&#8221;center&#8221; \/][et_pb_text use_border_color=&#8221;off&#8221; background_position=&#8221;top_left&#8221; background_repeat=&#8221;repeat&#8221; background_size=&#8221;initial&#8221; _builder_version=&#8221;3.9&#8243; text_orientation=&#8221;left&#8221;]<\/p>\n<h6 id=\"tw-target-text\" class=\"tw-data-text tw-ta tw-text-medium\" dir=\"ltr\" style=\"text-align: center;\" data-placeholder=\"Traducci\u00f3n\"><span lang=\"pt\">Primeira missa da nova Beata<br \/>Al Pie de la Cruz, Mislata<br \/>06\/05\/2001<\/span><\/h6>\n<p>[\/et_pb_text][et_pb_image admin_label=&#8221;125 casa natalicia&#8221; src=&#8221;https:\/\/www.madreguadalupe.com\/wp-content\/uploads\/2017\/05\/2.-125\u00ba-Casa-Natalicia-Albal_p.jpg&#8221; show_in_lightbox=&#8221;off&#8221; url_new_window=&#8221;on&#8221; use_overlay=&#8221;off&#8221; sticky=&#8221;off&#8221; align=&#8221;center&#8221; always_center_on_mobile=&#8221;on&#8221; use_border_color=&#8221;on&#8221; border_color=&#8221;#993333&#8243; border_style=&#8221;solid&#8221; force_fullwidth=&#8221;off&#8221; animation=&#8221;off&#8221; border_color_all=&#8221;#993333&#8243; show_bottom_space=&#8221;on&#8221; _builder_version=&#8221;3.0.89&#8243; url=&#8221;https:\/\/www.madreguadalupe.com\/125o-colocacion-placa-en-casa-natalicia-en-albal\/&#8221; animation_direction=&#8221;off&#8221; border_style_all=&#8221;solid&#8221; align_last_edited=&#8221;on|desktop&#8221; align_tablet=&#8221;center&#8221; \/][et_pb_text use_border_color=&#8221;off&#8221; background_position=&#8221;top_left&#8221; background_repeat=&#8221;repeat&#8221; background_size=&#8221;initial&#8221; _builder_version=&#8221;3.9&#8243; text_orientation=&#8221;left&#8221;]<\/p>\n<h6 style=\"text-align: center;\">Inaugura\u00e7\u00e3o de uma l\u00e1pide<br \/>memorial na casa natal<br \/>Albal &#8211; 28\/07\/2006<\/h6>\n<h6 style=\"text-align: center;\"><sup>\u00a0<\/sup><\/h6>\n<p>[\/et_pb_text][\/et_pb_column][\/et_pb_row][\/et_pb_section]<\/p>\n","protected":false},"excerpt":{"rendered":"<p>Reconhecimento de suas rel\u00ed-quias. Al Pie de la CruzMislata &#8211; 19\/06\/2000 Missa de Ac\u00e7\u00e3o de Gra\u00e7asBas\u00edlica de S\u00e3o Pedro12\/03\/2001 125\u00ba Anivers\u00e1rio do seu nasci-mento. Al pie de la CruzMislata &#8211; 23\/02\/2006 Festa da Beata M\u00e3e GuadalupeAl Pie de la Cruz, Mislata3\/10\/2019 Celebra\u00e7\u00e3o da Via MatrisSan Marcelo, Roma10\/03\/2001 Missa de Ac\u00e7\u00e3o de Gra\u00e7asPar\u00f3quia Nossa Senhora dosAnjos [&hellip;]<\/p>\n","protected":false},"author":2,"featured_media":0,"parent":0,"menu_order":1,"comment_status":"closed","ping_status":"closed","template":"page-template-blank.php","meta":{"_et_pb_use_builder":"on","_et_pb_old_content":"","_et_gb_content_width":"","footnotes":""},"class_list":["post-1872","page","type-page","status-publish","hentry"],"_links":{"self":[{"href":"https:\/\/www.madreguadalupe.com\/pt-pt\/wp-json\/wp\/v2\/pages\/1872","targetHints":{"allow":["GET"]}}],"collection":[{"href":"https:\/\/www.madreguadalupe.com\/pt-pt\/wp-json\/wp\/v2\/pages"}],"about":[{"href":"https:\/\/www.madreguadalupe.com\/pt-pt\/wp-json\/wp\/v2\/types\/page"}],"author":[{"embeddable":true,"href":"https:\/\/www.madreguadalupe.com\/pt-pt\/wp-json\/wp\/v2\/users\/2"}],"replies":[{"embeddable":true,"href":"https:\/\/www.madreguadalupe.com\/pt-pt\/wp-json\/wp\/v2\/comments?post=1872"}],"version-history":[{"count":11,"href":"https:\/\/www.madreguadalupe.com\/pt-pt\/wp-json\/wp\/v2\/pages\/1872\/revisions"}],"predecessor-version":[{"id":3170,"href":"https:\/\/www.madreguadalupe.com\/pt-pt\/wp-json\/wp\/v2\/pages\/1872\/revisions\/3170"}],"wp:attachment":[{"href":"https:\/\/www.madreguadalupe.com\/pt-pt\/wp-json\/wp\/v2\/media?parent=1872"}],"curies":[{"name":"wp","href":"https:\/\/api.w.org\/{rel}","templated":true}]}}