{"id":2600,"date":"2018-07-25T10:17:33","date_gmt":"2018-07-25T10:17:33","guid":{"rendered":"http:\/\/www.madreguadalupe.com\/?page_id=2600"},"modified":"2020-02-02T15:47:18","modified_gmt":"2020-02-02T15:47:18","slug":"aviso-legal-politica-de-privacidad-politica-de-cookies","status":"publish","type":"page","link":"https:\/\/www.madreguadalupe.com\/pt-pt\/aviso-legal-politica-de-privacidad-politica-de-cookies\/","title":{"rendered":"AVISO LEGAL"},"content":{"rendered":"<p>[et_pb_section bb_built=&#8221;1&#8243; fullwidth=&#8221;on&#8221; specialty=&#8221;off&#8221; next_background_color=&#8221;#000000&#8243; inner_width=&#8221;90%&#8221; inner_max_width=&#8221;1200px&#8221;][et_pb_fullwidth_image src=&#8221;https:\/\/www.madreguadalupe.com\/wp-content\/uploads\/2017\/11\/cabecera_LIRIO_ROJO-copia.jpg&#8221; show_in_lightbox=&#8221;off&#8221; url_new_window=&#8221;off&#8221; use_overlay=&#8221;off&#8221; use_border_color=&#8221;off&#8221; border_color=&#8221;#ffffff&#8221; border_style=&#8221;solid&#8221; animation=&#8221;off&#8221; _builder_version=&#8221;3.0.89&#8243; border_color_all=&#8221;#ffffff&#8221; animation_direction=&#8221;off&#8221; border_style_all=&#8221;solid&#8221; \/][\/et_pb_section][et_pb_section bb_built=&#8221;1&#8243; fullwidth=&#8221;off&#8221; specialty=&#8221;off&#8221; prev_background_color=&#8221;#000000&#8243; inner_width=&#8221;90%&#8221; inner_max_width=&#8221;1200px&#8221;][et_pb_row][et_pb_column type=&#8221;1_4&#8243; custom_padding__hover=&#8221;|||&#8221; custom_padding=&#8221;|||&#8221;][et_pb_sidebar area=&#8221;sidebar-1&#8243; orientation=&#8221;left&#8221; background_layout=&#8221;light&#8221; header_font=&#8221;|700||||on|||&#8221; show_border=&#8221;on&#8221; _builder_version=&#8221;3.0.95&#8243; body_font=&#8221;|||||on|||&#8221; header_text_shadow_horizontal_length=&#8221;0.08em&#8221; header_text_shadow_vertical_length=&#8221;0.08em&#8221; header_text_shadow_blur_strength=&#8221;0.08em&#8221; body_text_shadow_horizontal_length=&#8221;0.08em&#8221; body_text_shadow_vertical_length=&#8221;0.08em&#8221; body_text_shadow_blur_strength=&#8221;0.08em&#8221; custom_margin=&#8221;0px|0px|0px|0px&#8221; custom_padding=&#8221;0px|0px|0px|0px&#8221; background_color_gradient_start=&#8221;#d8d8d8&#8243; background_color_gradient_end=&#8221;#993333&#8243; text_shadow_horizontal_length=&#8221;0.08em&#8221; text_shadow_vertical_length=&#8221;0.08em&#8221; text_shadow_blur_strength=&#8221;0.08em&#8221; \/][\/et_pb_column][et_pb_column type=&#8221;3_4&#8243; custom_padding__hover=&#8221;|||&#8221; custom_padding=&#8221;|||&#8221;][et_pb_text use_border_color=&#8221;off&#8221; background_position=&#8221;top_left&#8221; background_repeat=&#8221;repeat&#8221; background_size=&#8221;initial&#8221; _builder_version=&#8221;3.27.4&#8243; border_color_all=&#8221;#ffffff&#8221; module_alignment=&#8221;left&#8221; text_text_shadow_horizontal_length=&#8221;text_text_shadow_style,%91object Object%93&#8243; text_text_shadow_horizontal_length_tablet=&#8221;0px&#8221; text_text_shadow_vertical_length=&#8221;text_text_shadow_style,%91object Object%93&#8243; text_text_shadow_vertical_length_tablet=&#8221;0px&#8221; text_text_shadow_blur_strength=&#8221;text_text_shadow_style,%91object Object%93&#8243; text_text_shadow_blur_strength_tablet=&#8221;1px&#8221; link_text_shadow_horizontal_length=&#8221;link_text_shadow_style,%91object Object%93&#8243; link_text_shadow_horizontal_length_tablet=&#8221;0px&#8221; link_text_shadow_vertical_length=&#8221;link_text_shadow_style,%91object Object%93&#8243; link_text_shadow_vertical_length_tablet=&#8221;0px&#8221; link_text_shadow_blur_strength=&#8221;link_text_shadow_style,%91object Object%93&#8243; link_text_shadow_blur_strength_tablet=&#8221;1px&#8221; ul_text_shadow_horizontal_length=&#8221;ul_text_shadow_style,%91object Object%93&#8243; ul_text_shadow_horizontal_length_tablet=&#8221;0px&#8221; ul_text_shadow_vertical_length=&#8221;ul_text_shadow_style,%91object Object%93&#8243; ul_text_shadow_vertical_length_tablet=&#8221;0px&#8221; ul_text_shadow_blur_strength=&#8221;ul_text_shadow_style,%91object Object%93&#8243; ul_text_shadow_blur_strength_tablet=&#8221;1px&#8221; ol_text_shadow_horizontal_length=&#8221;ol_text_shadow_style,%91object Object%93&#8243; ol_text_shadow_horizontal_length_tablet=&#8221;0px&#8221; ol_text_shadow_vertical_length=&#8221;ol_text_shadow_style,%91object Object%93&#8243; ol_text_shadow_vertical_length_tablet=&#8221;0px&#8221; ol_text_shadow_blur_strength=&#8221;ol_text_shadow_style,%91object Object%93&#8243; ol_text_shadow_blur_strength_tablet=&#8221;1px&#8221; quote_text_shadow_horizontal_length=&#8221;quote_text_shadow_style,%91object Object%93&#8243; quote_text_shadow_horizontal_length_tablet=&#8221;0px&#8221; quote_text_shadow_vertical_length=&#8221;quote_text_shadow_style,%91object Object%93&#8243; quote_text_shadow_vertical_length_tablet=&#8221;0px&#8221; quote_text_shadow_blur_strength=&#8221;quote_text_shadow_style,%91object Object%93&#8243; quote_text_shadow_blur_strength_tablet=&#8221;1px&#8221; header_text_shadow_horizontal_length=&#8221;header_text_shadow_style,%91object Object%93&#8243; header_text_shadow_horizontal_length_tablet=&#8221;0px&#8221; header_text_shadow_vertical_length=&#8221;header_text_shadow_style,%91object Object%93&#8243; header_text_shadow_vertical_length_tablet=&#8221;0px&#8221; header_text_shadow_blur_strength=&#8221;header_text_shadow_style,%91object Object%93&#8243; header_text_shadow_blur_strength_tablet=&#8221;1px&#8221; header_2_text_shadow_horizontal_length=&#8221;header_2_text_shadow_style,%91object Object%93&#8243; header_2_text_shadow_horizontal_length_tablet=&#8221;0px&#8221; header_2_text_shadow_vertical_length=&#8221;header_2_text_shadow_style,%91object Object%93&#8243; header_2_text_shadow_vertical_length_tablet=&#8221;0px&#8221; header_2_text_shadow_blur_strength=&#8221;header_2_text_shadow_style,%91object Object%93&#8243; header_2_text_shadow_blur_strength_tablet=&#8221;1px&#8221; header_3_text_shadow_horizontal_length=&#8221;header_3_text_shadow_style,%91object Object%93&#8243; header_3_text_shadow_horizontal_length_tablet=&#8221;0px&#8221; header_3_text_shadow_vertical_length=&#8221;header_3_text_shadow_style,%91object Object%93&#8243; header_3_text_shadow_vertical_length_tablet=&#8221;0px&#8221; header_3_text_shadow_blur_strength=&#8221;header_3_text_shadow_style,%91object Object%93&#8243; header_3_text_shadow_blur_strength_tablet=&#8221;1px&#8221; header_4_text_shadow_horizontal_length=&#8221;header_4_text_shadow_style,%91object Object%93&#8243; header_4_text_shadow_horizontal_length_tablet=&#8221;0px&#8221; header_4_text_shadow_vertical_length=&#8221;header_4_text_shadow_style,%91object Object%93&#8243; header_4_text_shadow_vertical_length_tablet=&#8221;0px&#8221; header_4_text_shadow_blur_strength=&#8221;header_4_text_shadow_style,%91object Object%93&#8243; header_4_text_shadow_blur_strength_tablet=&#8221;1px&#8221; header_5_text_shadow_horizontal_length=&#8221;header_5_text_shadow_style,%91object Object%93&#8243; header_5_text_shadow_horizontal_length_tablet=&#8221;0px&#8221; header_5_text_shadow_vertical_length=&#8221;header_5_text_shadow_style,%91object Object%93&#8243; header_5_text_shadow_vertical_length_tablet=&#8221;0px&#8221; header_5_text_shadow_blur_strength=&#8221;header_5_text_shadow_style,%91object Object%93&#8243; header_5_text_shadow_blur_strength_tablet=&#8221;1px&#8221; header_6_text_shadow_horizontal_length=&#8221;header_6_text_shadow_style,%91object Object%93&#8243; header_6_text_shadow_horizontal_length_tablet=&#8221;0px&#8221; header_6_text_shadow_vertical_length=&#8221;header_6_text_shadow_style,%91object Object%93&#8243; header_6_text_shadow_vertical_length_tablet=&#8221;0px&#8221; header_6_text_shadow_blur_strength=&#8221;header_6_text_shadow_style,%91object Object%93&#8243; header_6_text_shadow_blur_strength_tablet=&#8221;1px&#8221; box_shadow_horizontal_tablet=&#8221;0px&#8221; box_shadow_vertical_tablet=&#8221;0px&#8221; box_shadow_blur_tablet=&#8221;40px&#8221; box_shadow_spread_tablet=&#8221;0px&#8221; z_index_tablet=&#8221;500&#8243;]<\/p>\n<div class=\"et_pb_with_border et_pb_module et_pb_text et_pb_text_0 et_pb_bg_layout_light et_pb_text_align_left\">\n<div class=\"et_pb_text_inner\">\n<div class=\"et_pb_with_border et_pb_module et_pb_text et_pb_text_0 et_pb_bg_layout_light et_pb_text_align_left\">\n<div class=\"et_pb_text_inner\">\n<h2 style=\"text-align: center;\"><strong><span style=\"text-decoration: underline;\">Aviso Legal &#8211; Pol\u00edtica de privacidade<\/span><\/strong><\/h2>\n<p>\u00a0<\/p>\n<\/div>\n<h3>\u00a0<\/h3>\n<div class=\"et_pb_text_inner\">\n<h3 style=\"text-align: justify;\">AVISO LEGAL<\/h3>\n<h6 style=\"text-align: justify;\">Em conformidade com as disposi\u00e7\u00f5es da Lei 34\/2002 do Estado espanhol, de 11 de julho, dos servi\u00e7os da sociedade da informa\u00e7\u00e3o e do com\u00e9rcio electr\u00f3nico, s\u00e3o indicados os dados de Propriedade do portal da Internet www.madreguadalupe.com, aos quais est\u00e3o tamb\u00e9m ligados os Dom\u00ednios de madreguadalupe.es e madreguadalupe.org.<\/h6>\n<h6 style=\"text-align: justify;\">Titular: Ordem Servos da Prov\u00edncia de Maria de Espanha<br \/>Endere\u00e7o postal: Avenida Miguel Hern\u00e1ndez 11 \u2013 03700 Denia (Alicante) Espanha<br \/>Telefone: + 34 965 78 04 55<br \/>Email: servitasdenia@gmail.com<br \/>CIF: R-2800164-B<br \/>Dados de registro: N \u00ba 001858 do registro de entidades religiosas do Minist\u00e9rio da Justi\u00e7a.<\/h6>\n<h6 style=\"text-align: justify;\">Respon\u00e1vel: Vicepostula\u00e7\u00e3o Beata Mar\u00eda Guadalupe Ricart Olmos O.S.M.<br \/>Endere\u00e7o para correspond\u00eancia: P.O. Box 107 \u2013 10600 Plasencia (C\u00e1ceres) Espanha<br \/>N\u00famero de telefone: + 34 927 41 16 85<br \/>Email: vicepostulacion@madreguadalupe.com<\/h6>\n<h6 style=\"text-align: justify;\">Esta isen\u00e7\u00e3o de responsabilidade rege o uso do servi\u00e7o deste site. Qualquer pessoa que acesse este site \u00e9 considerada um usu\u00e1rio e compromete-se a respeitar o que \u00e9 estabelecido aqui, bem como qualquer outra disposi\u00e7\u00e3o legal que n\u00e3o \u00e9 aplic\u00e1vel.<\/h6>\n<h6 style=\"text-align: justify;\">A pessoa respons\u00e1vel pelo site (doravante &#8220;Vicepostula\u00e7\u00e3o&#8221;) reserva-se o direito de modificar qualquer tipo de informa\u00e7\u00e3o que possa aparecer no site, sem aviso pr\u00e9vio ou para coloc\u00e1-lo no conhecimento dos usu\u00e1rios, sendo entendido como suficiente com apublica\u00e7\u00e3o no local.<\/h6>\n<p>\u00a0<\/p>\n<h3 style=\"text-align: justify;\">POL\u00cdTICA DE PRIVACIDADE<\/h3>\n<h6 style=\"text-align: justify;\">Em conformidade com o Regulamento Europeu 2016\/679 do Parlamento Europeu, e do Conselho de 27 de abril de 2016, sobre a prote\u00e7\u00e3o das pessoas singulares no que diz respeito ao processamento de dados pessoais (Regulamento Geral de Prote\u00e7\u00e3o de Dados, GDPR), fazemos saber ao usu\u00e1rio que, fornecendo-nos a sua informa\u00e7\u00e3o est\u00e1 de acordo com as condi\u00e7\u00f5es descritas nesta pol\u00edtica de privacidade, e que pode mudar com o Tempo ou ser atualizado, por isso recomendamos vivamente que voc\u00ea rever continuamente esta p\u00e1gina para se certificar de que voc\u00ea concorda com essas mudan\u00e7as. \u00daltima atualiza\u00e7\u00e3o: fevereiro de 2020.<\/h6>\n<h6 style=\"text-align: justify;\">Informamos que os dados pessoais e as fotografias, recolhidos nesta p\u00e1gina Web ser\u00e3o capazes de incorporar e de lidar com um ficheiro de propriedade da Vicepostula\u00e7\u00e3o para os seus pr\u00f3prios prop\u00f3sitos e a realiza\u00e7\u00e3o das suas actividades, bem como para outros objectivos: participar no solicita\u00e7\u00f5es de informa\u00e7\u00f5es, coment\u00e1rios ou consultas, alta na folha de fatos livre, e\/ou contato com os usu\u00e1rios de uma forma eficaz.<\/h6>\n<h6 style=\"text-align: justify;\">A Vicepostula\u00e7\u00e3o est\u00e1 empenhada em garantir a privacidade dos dados que o usu\u00e1rio facilita livremente ao visitar este Web site sendo o \u00fanico que tem acesso e controle sobre eles. Por outro lado, os utilizadores s\u00e3o informados e consentem expressamente o facto de a Vicepostula\u00e7\u00e3o, enquanto pessoa respons\u00e1vel pelo processo, poder tratar e atribuir, se for caso disso, os dados pessoais, incluindo as fotografias, para fins leg\u00edtimos, exclusivamente ao Entidades envolvidas nas atividades, desenvolvimento e fim da Vicepostula\u00e7\u00e3o, bem como as pessoas e entidades diretamente relacionadas com a Ordem dos Servos de Maria.<\/h6>\n<h6 style=\"text-align: justify;\">Informamos que a qualquer momento o usu\u00e1rio pode exercer seu direito de acesso, retifica\u00e7\u00e3o, cancelamento e oposi\u00e7\u00e3o de seus dados pessoais inclu\u00eddos em nossos arquivos, de acordo com as disposi\u00e7\u00f5es do Regulamento 2016\/679 do Estado espanhol do 27 de abril de prote\u00e7\u00e3o de dados de natureza pessoal, por escrito, acompanhado de uma c\u00f3pia de um documento oficial que o identifique, dirigido \u00e0 Vicepostula\u00e7\u00e3o Beata Mar\u00eda Guadalupe Ricart Olmos O.S.M. (P.O. Box 107 \u2013 10600 Plasencia (C\u00e1ceres), ou vicepostulacion@madreguadalupe.com.<\/h6>\n<p>\u00a0<\/p>\n<h3 style=\"text-align: justify;\">USO DE COOKIES<\/h3>\n<h6 style=\"text-align: justify;\">Este aviso destina-se a informar o utilizador dos cookies utilizados neste website. Ao navegar neste site o usu\u00e1rio consente com o uso de cookies, com a inten\u00e7\u00e3o de ser capaz de receber o melhor servi\u00e7o e facilitar a sua navega\u00e7\u00e3o no mesmo gra\u00e7as \u00e0 identifica\u00e7\u00e3o das p\u00e1ginas que s\u00e3o visitadas e sua freq\u00fc\u00eancia , entre outros utilit\u00e1rios fornecidos por cookies.<\/h6>\n<h6 style=\"text-align: justify;\">Um cookie \u00e9 um pequeno peda\u00e7o de texto que \u00e9 enviado pelo site visitado para o navegador, a fim de solicitar permiss\u00e3o para ser armazenado em seu computador, aceitando que o arquivo \u00e9 criado e o cookie, em seguida, serve para ter informa\u00e7\u00f5es sobre o tr\u00e1fego da Web , e tamb\u00e9m facilita futuras visitas na Web. Outra caracter\u00edstica que os cookies t\u00eam \u00e9 que com eles a Web pode reconhecer o usu\u00e1rio e fornecer um melhor servi\u00e7o personalizado. Agradecimentos aos bolinhos este Web site pode permitir determinadas caracter\u00edsticas e fornecer a seguran\u00e7a e a velocidade, mas n\u00e3o d\u00e1 o acesso \u00e0 informa\u00e7\u00e3o do usu\u00e1rio ou do seu computador, a menos que o usu\u00e1rio assim o quer e o fornece diretamente, \u00e0 exce\u00e7\u00e3o do IP address , que n\u00e3o est\u00e1 relacionado com sua identidade, conforme descrito neste aviso.<\/h6>\n<h6 style=\"text-align: justify;\">O usu\u00e1rio pode recusar seu uso e excluir cookies a qualquer momento, alterando as configura\u00e7\u00f5es do seu computador. No entanto, se o seu uso for recusado, voc\u00ea pode n\u00e3o ser capaz de usar alguns dos nossos servi\u00e7os.<\/h6>\n<h6 style=\"text-align: justify;\">Os cookies deste site s\u00e3o usados por outras empresas que nos ajudam a obter estat\u00edsticas das visitas, visualiza\u00e7\u00f5es de p\u00e1ginas e outros indicadores da atividade da nossa Web. Se voc\u00ea precisar de mais informa\u00e7\u00f5es sobre os cookies utilizados neste site, o usu\u00e1rio pode enviar um e-mail para o seguinte endere\u00e7o: vicepostulacion@madreguadalupe.com.<\/h6>\n<h6 style=\"text-align: justify;\">COOKIES UTILIZADOS NA WEB:<\/h6>\n<h6 style=\"text-align: justify;\">O seguinte identifica os cookies que est\u00e3o sendo usados neste portal, bem como sua tipologia e fun\u00e7\u00e3o: um cookie de um tipo t\u00e9cnico chamado PHPSESSID necess\u00e1rio para a navega\u00e7\u00e3o correta das p\u00e1ginas da Web. Cookies do Google Analytics, um servi\u00e7o de an\u00e1lise da Web desenvolvido pelo Google, que permite a medi\u00e7\u00e3o e an\u00e1lise de navega\u00e7\u00e3o em p\u00e1ginas da Web. No seu navegador voc\u00ea poder\u00e1 ver 4 cookies deste servi\u00e7o. De acordo com a tipologia anterior, eles s\u00e3o pr\u00f3prios cookies, sess\u00e3o e an\u00e1lise. Voc\u00ea pode encontrar mais informa\u00e7\u00f5es sobre isso e desabilitar o uso desses cookies em: http:\/\/www.google.es\/intl\/es_ALL\/analytics\/learn\/privacy.html. Atrav\u00e9s de Web Analytics voc\u00ea n\u00e3o obter informa\u00e7\u00f5es sobre seus dados pessoais, garantindo a privacidade das pessoas que navegam na Web. As informa\u00e7\u00f5es obtidas s\u00e3o relativas ao n\u00famero de usu\u00e1rios acessando a Web, o n\u00famero de p\u00e1ginas visualizadas, a frequ\u00eancia e repeti\u00e7\u00e3o das visitas, sua dura\u00e7\u00e3o, o navegador usado, o operador que fornece o servi\u00e7o, a linguagem, o terminal que usa ou a cidade \u00e0 qual o seu endere\u00e7o IP \u00e9 atribu\u00eddo. Informa\u00e7\u00f5es que permitam um servi\u00e7o melhor e mais adequado por este portal.<\/h6>\n<h6 style=\"text-align: justify;\">COMO MODIFICAR AS CONFIGURA\u00c7\u00d6ES DE COOKIES:<\/h6>\n<h6 style=\"text-align: justify;\">Voc\u00ea pode restringir, bloquear ou Excluir cookies deste site ou qualquer outra p\u00e1gina da Web, usando seu navegador. Em cada navegador a opera\u00e7\u00e3o diferente, a fun\u00e7\u00e3o de ajuda ir\u00e1 mostrar-lhe como faz\u00ea-lo.<\/h6>\n<h6 style=\"text-align: justify;\">\u2022\u00a0<a href=\"https:\/\/support.microsoft.com\/en-us\/help\/17442\/windows-internet-explorer-delete-manage-cookies#ie=ie-10\" target=\"_blank\" rel=\"noopener noreferrer\">Internet Explorer<\/a><br \/>\u2022 O\u00a0<a href=\"https:\/\/support.mozilla.org\/es\/kb\/Borrar%20cookies\" target=\"_blank\" rel=\"noopener noreferrer\">Firefox<\/a><br \/>\u2022 O\u00a0<a href=\"https:\/\/support.google.com\/chrome\/answer\/95647?hl=es\" target=\"_blank\" rel=\"noopener noreferrer\">Chrome<\/a><br \/>\u2022 V\u00eddeo para configurar o navegador CHROME<\/h6>\n<p>\u00a0<\/p>\n<h3 style=\"text-align: justify;\">FORMUL\u00c1RIO DA INSER\u00c7AO DE DADOS<\/h3>\n<h6 style=\"text-align: justify;\">O formul\u00e1rio de entrada de dados obrigat\u00f3rio para a comunica\u00e7\u00e3o de favores recebidos foi concebido em conformidade com o disposto no artigo 5\u00ba. 2) da Lei Org\u00e2nica 15\/1999 do Estado espanhol, de 13 de dezembro, sobre a prote\u00e7\u00e3o de dados pessoais, e destina-se a recolher dados pessoais do usu\u00e1rio, que devidamente informados, livremente e voluntariamente, aceitando a participar na finalidade do a Vicepostula\u00e7\u00e3o transfere expressamente as informa\u00e7\u00f5es exigidas.<\/h6>\n<h6 style=\"text-align: justify;\">Os dados pessoais que o usu\u00e1rio facilita atrav\u00e9s deste formul\u00e1rio s\u00e3o enviados por e-mail exclusivamente para a Vicepostula\u00e7\u00e3o. Estes dados s\u00e3o registados e devidamente guardados no ficheiro da Vicepostula\u00e7\u00e3o, tal como descrito na pol\u00edtica de privacidade. A submiss\u00e3o do formul\u00e1rio pressup\u00f5e o consentimento do usu\u00e1rio para a publica\u00e7\u00e3o das informa\u00e7\u00f5es fornecidas de acordo com os prop\u00f3sitos da Vicepostula\u00e7\u00e3o da Causa da canoniza\u00e7\u00e3o da aben\u00e7oada Maria Guadalupe Ricart Olmos O.S.M., como est\u00e3o entre outras: a dissemina\u00e7\u00e3o de sua devo\u00e7\u00e3o entre os fi\u00e9is cat\u00f3licos, documentar a Causa eo envio de informa\u00e7\u00f5es relacionadas a ele. A Vicepostula\u00e7\u00e3o reserva-se o direito de utilizar ou descartar, no todo ou em parte, as informa\u00e7\u00f5es transferidas para o desenvolvimento da sua actividade sem ter de comunicar e\/ou justificar a sua decis\u00e3o ao utilizador informante.<\/h6>\n<p>\u00a0<\/p>\n<h3 style=\"text-align: justify;\">LINKS PARA TERCEIROS E REDES SOCIAIS<\/h3>\n<h6 style=\"text-align: justify;\">Esta pol\u00edtica de privacidade s\u00f3 \u00e9 aplic\u00e1vel neste site, n\u00e3o \u00e9 garantida no acesso atrav\u00e9s de links para este site, ou links a partir deste site com outros sites.<\/h6>\n<h6 style=\"text-align: justify;\">Este Web site contem as liga\u00e7\u00f5es a outros locais que podem ser do uso ao usu\u00e1rio. Quando voc\u00ea clica sobre os links que o usu\u00e1rio deixa a nossa p\u00e1gina e \u00e9 redirecionado para o outro site escolhido, por isso n\u00e3o somos respons\u00e1veis pelos termos ou privacidade ou prote\u00e7\u00e3o de seus dados sobre os outros sites terceiros. Estes sites est\u00e3o sujeitos \u00e0s suas pr\u00f3prias pol\u00edticas de privacidade por isso \u00e9 aconselh\u00e1vel para o usu\u00e1rio consult\u00e1-los para confirmar que eles concordam com estes.<\/h6>\n<\/div>\n<\/div>\n<\/div>\n<\/div>\n<p>[\/et_pb_text][\/et_pb_column][\/et_pb_row][\/et_pb_section]<\/p>\n","protected":false},"excerpt":{"rendered":"<p><div class=\"et_pb_row et_pb_row_0 et_pb_row_empty\">\n\t\t\t\t\n\t\t\t\t\n\t\t\t\t\n\t\t\t\t\n\t\t\t\t\n\t\t\t<\/div> Aviso Legal &#8211; Pol\u00edtica de privacidade\u00a0\u00a0AVISO LEGALEm conformidade com as disposi\u00e7\u00f5es da Lei 34\/2002 do Estado espanhol, de 11 de julho, dos servi\u00e7os da sociedade da informa\u00e7\u00e3o e do com\u00e9rcio electr\u00f3nico, s\u00e3o indicados os dados de Propriedade do portal da Internet www.madreguadalupe.com, aos quais est\u00e3o tamb\u00e9m ligados os Dom\u00ednios de madreguadalupe.es e madreguadalupe.org.Titular: Ordem [&hellip;]<\/p>\n","protected":false},"author":1,"featured_media":0,"parent":0,"menu_order":0,"comment_status":"closed","ping_status":"closed","template":"","meta":{"_et_pb_use_builder":"on","_et_pb_old_content":"","_et_gb_content_width":"","footnotes":""},"class_list":["post-2600","page","type-page","status-publish","hentry"],"_links":{"self":[{"href":"https:\/\/www.madreguadalupe.com\/pt-pt\/wp-json\/wp\/v2\/pages\/2600","targetHints":{"allow":["GET"]}}],"collection":[{"href":"https:\/\/www.madreguadalupe.com\/pt-pt\/wp-json\/wp\/v2\/pages"}],"about":[{"href":"https:\/\/www.madreguadalupe.com\/pt-pt\/wp-json\/wp\/v2\/types\/page"}],"author":[{"embeddable":true,"href":"https:\/\/www.madreguadalupe.com\/pt-pt\/wp-json\/wp\/v2\/users\/1"}],"replies":[{"embeddable":true,"href":"https:\/\/www.madreguadalupe.com\/pt-pt\/wp-json\/wp\/v2\/comments?post=2600"}],"version-history":[{"count":13,"href":"https:\/\/www.madreguadalupe.com\/pt-pt\/wp-json\/wp\/v2\/pages\/2600\/revisions"}],"predecessor-version":[{"id":3219,"href":"https:\/\/www.madreguadalupe.com\/pt-pt\/wp-json\/wp\/v2\/pages\/2600\/revisions\/3219"}],"wp:attachment":[{"href":"https:\/\/www.madreguadalupe.com\/pt-pt\/wp-json\/wp\/v2\/media?parent=2600"}],"curies":[{"name":"wp","href":"https:\/\/api.w.org\/{rel}","templated":true}]}}